{"id":3535,"date":"2025-07-04T09:29:36","date_gmt":"2025-07-04T01:29:36","guid":{"rendered":"http:\/\/47.251.108.7\/?post_type=product&#038;p=3535"},"modified":"2025-10-28T17:15:15","modified_gmt":"2025-10-28T09:15:15","slug":"rgb-color-wifi-app-dynamic-rear-window-scrolling-advertising-digital-display-programmable-slim-emoticon-message-led-car-screen","status":"publish","type":"product","link":"https:\/\/www.tbdled.com\/de\/produkt\/rgb-farbe-wifi-app-dynamische-heckscheibe-scrolling-werbung-digitale-anzeige-programmierbar-schlank-emoticon-nachricht-led-autoschirm","title":{"rendered":"RGB Farbe WiFi App Dynamische Heckscheibe Scrolling Werbung Digital Display Programmierbar Slim Emoticon Nachricht Led Auto Bildschirm"},"content":{"rendered":"<p><img loading=\"lazy\" decoding=\"async\" class=\"aligncenter size-full wp-image-1563\" src=\"https:\/\/www.iledshow.com\/wp-content\/uploads\/2023\/06\/\u82f1\u6587\u8be6\u60c5_01-1.jpg\" alt=\"\" width=\"750\" height=\"1137\" \/> <img loading=\"lazy\" decoding=\"async\" class=\"aligncenter size-full wp-image-1564\" src=\"https:\/\/www.iledshow.com\/wp-content\/uploads\/2023\/06\/\u82f1\u6587\u8be6\u60c5_02-1.jpg\" alt=\"\" width=\"750\" height=\"645\" \/> <img loading=\"lazy\" decoding=\"async\" class=\"aligncenter size-full wp-image-1565\" src=\"https:\/\/www.iledshow.com\/wp-content\/uploads\/2023\/06\/\u82f1\u6587\u8be6\u60c5_03-1.jpg\" alt=\"\" width=\"750\" height=\"1160\" \/> <img loading=\"lazy\" decoding=\"async\" class=\"aligncenter size-full wp-image-1566\" src=\"https:\/\/www.iledshow.com\/wp-content\/uploads\/2023\/06\/\u82f1\u6587\u8be6\u60c5_04-1.jpg\" alt=\"\" width=\"750\" height=\"1507\" \/> <img loading=\"lazy\" decoding=\"async\" class=\"aligncenter size-full wp-image-1567\" src=\"https:\/\/www.iledshow.com\/wp-content\/uploads\/2023\/06\/\u82f1\u6587\u8be6\u60c5_05-1.jpg\" alt=\"\" width=\"750\" height=\"1057\" \/> <img loading=\"lazy\" decoding=\"async\" class=\"aligncenter size-full wp-image-1568\" src=\"https:\/\/www.iledshow.com\/wp-content\/uploads\/2023\/06\/\u82f1\u6587\u8be6\u60c5_06-1.jpg\" alt=\"\" width=\"750\" height=\"1101\" \/> <img loading=\"lazy\" decoding=\"async\" class=\"aligncenter size-full wp-image-1569\" src=\"https:\/\/www.iledshow.com\/wp-content\/uploads\/2023\/06\/\u82f1\u6587\u8be6\u60c5_07-1.jpg\" alt=\"\" width=\"750\" height=\"1083\" \/> <img loading=\"lazy\" decoding=\"async\" class=\"aligncenter size-full wp-image-1570\" src=\"https:\/\/www.iledshow.com\/wp-content\/uploads\/2023\/06\/\u82f1\u6587\u8be6\u60c5_08-1.jpg\" alt=\"\" width=\"750\" height=\"852\" \/> <img loading=\"lazy\" decoding=\"async\" class=\"aligncenter size-full wp-image-1571\" src=\"https:\/\/www.iledshow.com\/wp-content\/uploads\/2023\/06\/\u82f1\u6587\u8be6\u60c5_09.jpg\" alt=\"\" width=\"750\" height=\"943\" \/> <img loading=\"lazy\" decoding=\"async\" class=\"aligncenter size-full wp-image-1572\" src=\"https:\/\/www.iledshow.com\/wp-content\/uploads\/2023\/06\/\u82f1\u6587\u8be6\u60c5_10.jpg\" alt=\"\" width=\"750\" height=\"1494\" \/> <img loading=\"lazy\" decoding=\"async\" class=\"aligncenter size-full wp-image-1573\" src=\"https:\/\/www.iledshow.com\/wp-content\/uploads\/2023\/06\/\u82f1\u6587\u8be6\u60c5_11.jpg\" alt=\"\" width=\"750\" height=\"1477\" \/> <img loading=\"lazy\" decoding=\"async\" class=\"aligncenter size-full wp-image-1574\" src=\"https:\/\/www.iledshow.com\/wp-content\/uploads\/2023\/06\/\u82f1\u6587\u8be6\u60c5_12.jpg\" alt=\"\" width=\"750\" height=\"1332\" \/> <img loading=\"lazy\" decoding=\"async\" class=\"aligncenter size-full wp-image-1575\" src=\"https:\/\/www.iledshow.com\/wp-content\/uploads\/2023\/06\/\u82f1\u6587\u8be6\u60c5_13.jpg\" alt=\"\" width=\"750\" height=\"1187\" \/> <img loading=\"lazy\" decoding=\"async\" class=\"aligncenter size-full wp-image-1576\" src=\"https:\/\/www.iledshow.com\/wp-content\/uploads\/2023\/06\/\u82f1\u6587\u8be6\u60c5_14.jpg\" alt=\"\" width=\"750\" height=\"1278\" \/><\/p>","protected":false},"excerpt":{"rendered":"<dl class=\"do-entry-item\">\n<dt class=\"do-entry-item\"><span class=\"attr-name J-attr-name\" title=\"Anmeldung\" data-spm-anchor-id=\"a2700.details.0.i31.17e64392x2066R\">Anwendung:<\/span>Innenbereich<\/dt>\n<\/dl>\n<dl class=\"do-entry-item\">\n<dt class=\"do-entry-item\"><span class=\"attr-name J-attr-name\" title=\"Typ\">Art:<\/span>LED<\/dt>\n<\/dl>\n<dl class=\"do-entry-item\">\n<dt class=\"do-entry-item\"><span class=\"attr-name J-attr-name\" title=\"Farbe\">Farbe:<\/span>RGB<\/dt>\n<\/dl>\n<dl class=\"do-entry-item\">\n<dt class=\"do-entry-item\"><span class=\"attr-name J-attr-name\" title=\"Panel Gr\u00f6\u00dfe\">Panel Gr\u00f6\u00dfe:<\/span>225*225mm, 225*225mm<\/dt>\n<\/dl>\n<dl class=\"do-entry-item\">\n<dt class=\"do-entry-item\"><span class=\"attr-name J-attr-name\" title=\"Lieferant Typ\">Lieferant Typ:<\/span>Originalhersteller, ODM, OEM<\/dt>\n<\/dl>\n<dl class=\"do-entry-item\">\n<dt class=\"do-entry-item\"><span class=\"attr-name J-attr-name\" title=\"Medien verf\u00fcgbar\">Medien verf\u00fcgbar:<\/span>Datenblatt, Foto<\/dt>\n<\/dl>\n<dl class=\"do-entry-item\">\n<dt class=\"do-entry-item\"><span class=\"attr-name J-attr-name\" title=\"Ort der Herkunft\">Ort der Herkunft:<\/span>Guangdong, China<\/dt>\n<\/dl>\n<dl class=\"do-entry-item\">\n<dt class=\"do-entry-item\"><span class=\"attr-name J-attr-name\" title=\"Markenname\">Markenname:<\/span>iLEDSHOW<\/dt>\n<\/dl>\n<dl class=\"do-entry-item\">\n<dt class=\"do-entry-item\"><span class=\"attr-name J-attr-name\" title=\"verwenden.\">Verwendung:<\/span>Werbever\u00f6ffentlichungen, Einzelhandelsgesch\u00e4fte, Einkaufszentren, Flugh\u00e4fen, U-Bahnen, Restaurant- und Hotelbedarf<\/dt>\n<\/dl>\n<dl class=\"do-entry-item\">\n<dt class=\"do-entry-item\"><span class=\"attr-name J-attr-name\" title=\"Funktion\">Funktion:<\/span>SDK<\/dt>\n<\/dl>\n<dl class=\"do-entry-item\">\n<dt class=\"do-entry-item\"><span class=\"attr-name J-attr-name\" title=\"Pixel-Teilung\">Pixel-Teilung:<\/span>4mm<\/dt>\n<\/dl>\n<dl class=\"do-entry-item\">\n<dt class=\"do-entry-item\"><span class=\"attr-name J-attr-name\" title=\"Spezifikation\">Spezifikation:<\/span>LED-Anzeige<\/dt>\n<\/dl>\n<dl class=\"do-entry-item\">\n<dt class=\"do-entry-item\"><span class=\"attr-name J-attr-name\" title=\"Name des Produkts\">Name des Produkts:<\/span>LED-Anzeige an der Auto-Heckscheibe<\/dt>\n<\/dl>\n<dl class=\"do-entry-item\">\n<dt class=\"do-entry-item\"><span class=\"attr-name J-attr-name\" title=\"Aufl\u00f6sung\">Aufl\u00f6sung:<\/span>48*48 Punkte<\/dt>\n<\/dl>\n<dl class=\"do-entry-item\">\n<dt class=\"do-entry-item\"><span class=\"attr-name J-attr-name\" title=\"Gr\u00f6\u00dfe des Produkts\">Gr\u00f6\u00dfe des Produkts:<\/span>225*225*15 mm<\/dt>\n<\/dl>\n<dl class=\"do-entry-item\">\n<dt class=\"do-entry-item\"><span class=\"attr-name J-attr-name\" title=\"Kontrollmodus\">Kontrollmodus:<\/span>Telefon APP<\/dt>\n<\/dl>\n<dl class=\"do-entry-item\">\n<dt class=\"do-entry-item\"><span class=\"attr-name J-attr-name\" title=\"Arbeitsspannung\">Betriebsspannung:<\/span>DC5V<\/dt>\n<\/dl>\n<dl class=\"do-entry-item\">\n<dt class=\"do-entry-item\"><span class=\"attr-name J-attr-name\" title=\"LED-Farbe\">LED-Farbe:<\/span>RGB<\/dt>\n<\/dl>\n<dl class=\"do-entry-item\">\n<dt class=\"do-entry-item\"><span class=\"attr-name J-attr-name\" title=\"LED-Typ\">LED-Typ:<\/span>SMD-Led<\/dt>\n<\/dl>\n<dl class=\"do-entry-item\">\n<dt class=\"do-entry-item\"><span class=\"attr-name J-attr-name\" title=\"Verwendung\">Verwendung:<\/span>Indoor \/ In Car Advertising Display<\/dt>\n<\/dl>\n<dl class=\"do-entry-item\" data-spm-anchor-id=\"a2700.details.0.i30.17e64392x2066R\">\n<dt class=\"do-entry-item\"><span class=\"attr-name J-attr-name\" title=\"Probezeit\">Probezeit:<\/span>1-3 Tage<\/dt>\n<\/dl>","protected":false},"featured_media":3606,"comment_status":"open","ping_status":"closed","template":"","meta":{"themepark_post_bcolor":"#f5f5f5","themepark_post_width":"1022px","themepark_post_img":"","themepark_post_img_po":"left","themepark_post_img_re":false,"themepark_post_img_cover":false,"themepark_post_img_fixed":false,"themepark_post_hide_title":false,"themepark_post_main_b":"","themepark_post_main_p":100,"themepark_paddingblock":false},"product_brand":[],"product_cat":[116],"product_tag":[],"class_list":{"0":"post-3535","1":"product","2":"type-product","3":"status-publish","4":"has-post-thumbnail","6":"product_cat-led-advertising-screen-warning-screen","8":"first","9":"instock","10":"shipping-taxable","11":"purchasable","12":"product-type-simple"},"_links":{"self":[{"href":"https:\/\/www.tbdled.com\/de\/wp-json\/wp\/v2\/product\/3535","targetHints":{"allow":["GET"]}}],"collection":[{"href":"https:\/\/www.tbdled.com\/de\/wp-json\/wp\/v2\/product"}],"about":[{"href":"https:\/\/www.tbdled.com\/de\/wp-json\/wp\/v2\/types\/product"}],"replies":[{"embeddable":true,"href":"https:\/\/www.tbdled.com\/de\/wp-json\/wp\/v2\/comments?post=3535"}],"wp:featuredmedia":[{"embeddable":true,"href":"https:\/\/www.tbdled.com\/de\/wp-json\/wp\/v2\/media\/3606"}],"wp:attachment":[{"href":"https:\/\/www.tbdled.com\/de\/wp-json\/wp\/v2\/media?parent=3535"}],"wp:term":[{"taxonomy":"product_brand","embeddable":true,"href":"https:\/\/www.tbdled.com\/de\/wp-json\/wp\/v2\/product_brand?post=3535"},{"taxonomy":"product_cat","embeddable":true,"href":"https:\/\/www.tbdled.com\/de\/wp-json\/wp\/v2\/product_cat?post=3535"},{"taxonomy":"product_tag","embeddable":true,"href":"https:\/\/www.tbdled.com\/de\/wp-json\/wp\/v2\/product_tag?post=3535"}],"curies":[{"name":"wp","href":"https:\/\/api.w.org\/{rel}","templated":true}]}}