{"id":3545,"date":"2025-07-04T09:29:38","date_gmt":"2025-07-04T01:29:38","guid":{"rendered":"http:\/\/47.251.108.7\/?post_type=product&#038;p=3545"},"modified":"2025-10-28T17:14:17","modified_gmt":"2025-10-28T09:14:17","slug":"led-name-badge-usb-recharge-programming-digital-display-led-card-screen-for-bar-hotel-party-supermarket-school-and-restaurant","status":"publish","type":"product","link":"https:\/\/www.tbdled.com\/de\/produkt\/led-namensschild-usb-aufladen-programmierung-digitale-anzeige-led-karte-bildschirm-fur-bar-hotel-party-supermarkt-schule-und-restaurant","title":{"rendered":"LED-Namensschild USB aufladen Programmierung digitale Anzeige LED-Karte Bildschirm f\u00fcr Bar Hotel Party Supermarkt Schule und Restaurant"},"content":{"rendered":"<p><img loading=\"lazy\" decoding=\"async\" class=\"aligncenter size-full wp-image-1704\" src=\"https:\/\/www.iledshow.com\/wp-content\/uploads\/2023\/06\/USB\u80f8\u724c\u8be6\u60c5-\u82f1\u6587_01.jpg\" alt=\"\" width=\"790\" height=\"1067\" \/> <img loading=\"lazy\" decoding=\"async\" class=\"aligncenter size-full wp-image-1705\" src=\"https:\/\/www.iledshow.com\/wp-content\/uploads\/2023\/06\/USB\u80f8\u724c\u8be6\u60c5-\u82f1\u6587_02.jpg\" alt=\"\" width=\"790\" height=\"1016\" \/> <img loading=\"lazy\" decoding=\"async\" class=\"aligncenter size-full wp-image-1706\" src=\"https:\/\/www.iledshow.com\/wp-content\/uploads\/2023\/06\/USB\u80f8\u724c\u8be6\u60c5-\u82f1\u6587_03.jpg\" alt=\"\" width=\"790\" height=\"1269\" \/> <img loading=\"lazy\" decoding=\"async\" class=\"aligncenter size-full wp-image-1707\" src=\"https:\/\/www.iledshow.com\/wp-content\/uploads\/2023\/06\/USB\u80f8\u724c\u8be6\u60c5-\u82f1\u6587_04.jpg\" alt=\"\" width=\"790\" height=\"971\" \/> <img loading=\"lazy\" decoding=\"async\" class=\"aligncenter size-full wp-image-1708\" src=\"https:\/\/www.iledshow.com\/wp-content\/uploads\/2023\/06\/USB\u80f8\u724c\u8be6\u60c5-\u82f1\u6587_05.jpg\" alt=\"\" width=\"790\" height=\"842\" \/> <img loading=\"lazy\" decoding=\"async\" class=\"aligncenter size-full wp-image-1709\" src=\"https:\/\/www.iledshow.com\/wp-content\/uploads\/2023\/06\/USB\u80f8\u724c\u8be6\u60c5-\u82f1\u6587_06.jpg\" alt=\"\" width=\"790\" height=\"813\" \/> <img loading=\"lazy\" decoding=\"async\" class=\"aligncenter size-full wp-image-1710\" src=\"https:\/\/www.iledshow.com\/wp-content\/uploads\/2023\/06\/USB\u80f8\u724c\u8be6\u60c5-\u82f1\u6587_07.jpg\" alt=\"\" width=\"790\" height=\"1036\" \/> <img loading=\"lazy\" decoding=\"async\" class=\"aligncenter size-full wp-image-1712\" src=\"https:\/\/www.iledshow.com\/wp-content\/uploads\/2023\/06\/\u82f1\u6587\u7248\u8be6\u60c5_01.jpg\" alt=\"\" width=\"750\" height=\"927\" \/> <img loading=\"lazy\" decoding=\"async\" class=\"aligncenter size-full wp-image-1713\" src=\"https:\/\/www.iledshow.com\/wp-content\/uploads\/2023\/06\/\u82f1\u6587\u7248\u8be6\u60c5_02.jpg\" alt=\"\" width=\"750\" height=\"604\" \/> <img loading=\"lazy\" decoding=\"async\" class=\"aligncenter size-full wp-image-1714\" src=\"https:\/\/www.iledshow.com\/wp-content\/uploads\/2023\/06\/\u82f1\u6587\u7248\u8be6\u60c5_10.jpg\" alt=\"\" width=\"750\" height=\"1228\" \/> <img loading=\"lazy\" decoding=\"async\" class=\"aligncenter size-full wp-image-1715\" src=\"https:\/\/www.iledshow.com\/wp-content\/uploads\/2023\/06\/\u82f1\u6587\u7248\u8be6\u60c5_13.jpg\" alt=\"\" width=\"750\" height=\"534\" \/><\/p>","protected":false},"excerpt":{"rendered":"<dl class=\"do-entry-item\">\n<dt class=\"do-entry-item\"><span class=\"attr-name J-attr-name\" title=\"Anmeldung\" data-spm-anchor-id=\"a2700.details.0.i31.796f41a1n0JPt8\">Anwendung:<\/span>Innenbereich<\/dt>\n<\/dl>\n<dl class=\"do-entry-item\">\n<dt class=\"do-entry-item\"><span class=\"attr-name J-attr-name\" title=\"Farbe\">Farbe:<\/span>Rot, Blau, Gr\u00fcn, Gelb, Wei\u00df, Rosa, Mehrfarbig<\/dt>\n<\/dl>\n<dl class=\"do-entry-item\">\n<dt class=\"do-entry-item\"><span class=\"attr-name J-attr-name\" title=\"Panel Gr\u00f6\u00dfe\">Panel Gr\u00f6\u00dfe:<\/span>94*30*6 mm<\/dt>\n<\/dl>\n<dl class=\"do-entry-item\">\n<dt class=\"do-entry-item\"><span class=\"attr-name J-attr-name\" title=\"Lieferant Typ\">Lieferant Typ:<\/span>Originalhersteller, ODM, OEM<\/dt>\n<\/dl>\n<dl class=\"do-entry-item\">\n<dt class=\"do-entry-item\"><span class=\"attr-name J-attr-name\" title=\"Medien verf\u00fcgbar\">Medien verf\u00fcgbar:<\/span>Datenblatt, Foto<\/dt>\n<\/dl>\n<dl class=\"do-entry-item\">\n<dt class=\"do-entry-item\"><span class=\"attr-name J-attr-name\" title=\"Ort der Herkunft\">Ort der Herkunft:<\/span>Guangdong, China<\/dt>\n<\/dl>\n<dl class=\"do-entry-item\">\n<dt class=\"do-entry-item\"><span class=\"attr-name J-attr-name\" title=\"Modellnummer\">Modellnummer:<\/span>BL1248<\/dt>\n<\/dl>\n<dl class=\"do-entry-item\">\n<dt class=\"do-entry-item\"><span class=\"attr-name J-attr-name\" title=\"Markenname\">Markenname:<\/span>iLEDSHOW<\/dt>\n<\/dl>\n<dl class=\"do-entry-item\">\n<dt class=\"do-entry-item\"><span class=\"attr-name J-attr-name\" title=\"verwenden.\">Verwendung:<\/span>Werbever\u00f6ffentlichung, Einzelhandelsgesch\u00e4ft, Einkaufszentrum, Selbstbedienungsgesch\u00e4ft, Ausstellungshalle, Flughafen, U-Bahn<\/dt>\n<\/dl>\n<dl class=\"do-entry-item\">\n<dt class=\"do-entry-item\"><span class=\"attr-name J-attr-name\" title=\"Funktion\">Funktion:<\/span>SDK<\/dt>\n<\/dl>\n<dl class=\"do-entry-item\">\n<dt class=\"do-entry-item\"><span class=\"attr-name J-attr-name\" title=\"Pixel-Teilung\">Pixel-Teilung:<\/span>2mm<\/dt>\n<\/dl>\n<dl class=\"do-entry-item\">\n<dt class=\"do-entry-item\"><span class=\"attr-name J-attr-name\" title=\"Spezifikation\">Spezifikation:<\/span>LED-Namensschilder<\/dt>\n<\/dl>\n<dl class=\"do-entry-item\">\n<dt class=\"do-entry-item\"><span class=\"attr-name J-attr-name\" title=\"Name des Produkts\">Name des Produkts:<\/span>LED Namensschild f\u00fcr Bar Hotel Party Supermarkt Schule und Restaurant<\/dt>\n<\/dl>\n<dl class=\"do-entry-item\">\n<dt class=\"do-entry-item\"><span class=\"attr-name J-attr-name\" title=\"LED-Aufl\u00f6sung\">LED-Aufl\u00f6sung:<\/span>12*48 Punkte<\/dt>\n<\/dl>\n<dl class=\"do-entry-item\">\n<dt class=\"do-entry-item\"><span class=\"attr-name J-attr-name\" title=\"Gr\u00f6\u00dfe des Produkts\">Produktgr\u00f6\u00dfe:<\/span>94*30*6 mm<\/dt>\n<\/dl>\n<dl class=\"do-entry-item\">\n<dt class=\"do-entry-item\"><span class=\"attr-name J-attr-name\" title=\"LED-Farbe\">LED-Farbe:<\/span>Rot, Blau, Gr\u00fcn, Gelb, Wei\u00df, Rosa, Multi 4 feste Farbe gef\u00fchrt<\/dt>\n<\/dl>\n<dl class=\"do-entry-item\">\n<dt class=\"do-entry-item\"><span class=\"attr-name J-attr-name\" title=\"LED-Steuerung\">LED-Kontrolle:<\/span>Drahtlose Telefon-App<\/dt>\n<\/dl>\n<dl class=\"do-entry-item\">\n<dt class=\"do-entry-item\"><span class=\"attr-name J-attr-name\" title=\"Anzeigeformat\">Anzeigeformat:<\/span>Text, Muster, Animation, Graffiti, Rhythmus<\/dt>\n<\/dl>\n<dl class=\"do-entry-item\">\n<dt class=\"do-entry-item\"><span class=\"attr-name J-attr-name\" title=\"Batterie\">Batterie:<\/span>Inklusive wiederaufladbarem USB-Akku<\/dt>\n<\/dl>\n<dl class=\"do-entry-item\">\n<dt class=\"do-entry-item\"><span class=\"attr-name J-attr-name\" title=\"Garantie\">Garantie:<\/span>Ein Jahr<\/dt>\n<\/dl>\n<dl class=\"do-entry-item\" data-spm-anchor-id=\"a2700.details.0.i30.796f41a1n0JPt8\">\n<dt class=\"do-entry-item\"><span class=\"attr-name J-attr-name\" title=\"Zertifikat\">Zertifikat:<\/span>CE ROHS<\/dt>\n<\/dl>","protected":false},"featured_media":3648,"comment_status":"open","ping_status":"closed","template":"","meta":{"themepark_post_bcolor":"#f5f5f5","themepark_post_width":"1022px","themepark_post_img":"","themepark_post_img_po":"left","themepark_post_img_re":false,"themepark_post_img_cover":false,"themepark_post_img_fixed":false,"themepark_post_hide_title":false,"themepark_post_main_b":"","themepark_post_main_p":100,"themepark_paddingblock":false},"product_brand":[],"product_cat":[112],"product_tag":[],"class_list":{"0":"post-3545","1":"product","2":"type-product","3":"status-publish","4":"has-post-thumbnail","6":"product_cat-led-gift","8":"first","9":"instock","10":"shipping-taxable","11":"purchasable","12":"product-type-simple"},"_links":{"self":[{"href":"https:\/\/www.tbdled.com\/de\/wp-json\/wp\/v2\/product\/3545","targetHints":{"allow":["GET"]}}],"collection":[{"href":"https:\/\/www.tbdled.com\/de\/wp-json\/wp\/v2\/product"}],"about":[{"href":"https:\/\/www.tbdled.com\/de\/wp-json\/wp\/v2\/types\/product"}],"replies":[{"embeddable":true,"href":"https:\/\/www.tbdled.com\/de\/wp-json\/wp\/v2\/comments?post=3545"}],"wp:featuredmedia":[{"embeddable":true,"href":"https:\/\/www.tbdled.com\/de\/wp-json\/wp\/v2\/media\/3648"}],"wp:attachment":[{"href":"https:\/\/www.tbdled.com\/de\/wp-json\/wp\/v2\/media?parent=3545"}],"wp:term":[{"taxonomy":"product_brand","embeddable":true,"href":"https:\/\/www.tbdled.com\/de\/wp-json\/wp\/v2\/product_brand?post=3545"},{"taxonomy":"product_cat","embeddable":true,"href":"https:\/\/www.tbdled.com\/de\/wp-json\/wp\/v2\/product_cat?post=3545"},{"taxonomy":"product_tag","embeddable":true,"href":"https:\/\/www.tbdled.com\/de\/wp-json\/wp\/v2\/product_tag?post=3545"}],"curies":[{"name":"wp","href":"https:\/\/api.w.org\/{rel}","templated":true}]}}