{"id":3546,"date":"2025-07-04T09:29:39","date_gmt":"2025-07-04T01:29:39","guid":{"rendered":"http:\/\/47.251.108.7\/?post_type=product&#038;p=3546"},"modified":"2025-07-07T16:44:05","modified_gmt":"2025-07-07T08:44:05","slug":"smart-led-display-water-bottle-mobile-phone-control-digital-message-moving-led-water-cup-800ml-large-capacity-bottle-for-sports","status":"publish","type":"product","link":"https:\/\/www.tbdled.com\/de\/produkt\/smart-led-display-wasserflasche-handy-steuerung-digitale-nachricht-bewegt-led-wasser-tasse-800ml-grose-kapazitat-flasche-fur-sport","title":{"rendered":"Intelligente LED-Anzeige Wasserflasche Handy-Steuerung Digital Message Moving LED Wasser Cup 800ml gro\u00dfe Kapazit\u00e4t Flasche f\u00fcr Sport"},"content":{"rendered":"<p><img loading=\"lazy\" decoding=\"async\" class=\"aligncenter size-full wp-image-1723\" src=\"https:\/\/www.iledshow.com\/wp-content\/uploads\/2023\/06\/\u82f1_01-8.jpg\" alt=\"\" width=\"790\" height=\"1117\" \/> <img loading=\"lazy\" decoding=\"async\" class=\"aligncenter size-full wp-image-1724\" src=\"https:\/\/www.iledshow.com\/wp-content\/uploads\/2023\/06\/\u82f1_02-8.jpg\" alt=\"\" width=\"790\" height=\"1014\" \/> <img loading=\"lazy\" decoding=\"async\" class=\"aligncenter size-full wp-image-1725\" src=\"https:\/\/www.iledshow.com\/wp-content\/uploads\/2023\/06\/\u82f1_03-8.jpg\" alt=\"\" width=\"790\" height=\"1314\" \/> <img loading=\"lazy\" decoding=\"async\" class=\"aligncenter size-full wp-image-1726\" src=\"https:\/\/www.iledshow.com\/wp-content\/uploads\/2023\/06\/\u82f1_04-8.jpg\" alt=\"\" width=\"790\" height=\"1160\" \/> <img loading=\"lazy\" decoding=\"async\" class=\"aligncenter size-full wp-image-1727\" src=\"https:\/\/www.iledshow.com\/wp-content\/uploads\/2023\/06\/\u82f1_05-8.jpg\" alt=\"\" width=\"790\" height=\"1054\" \/> <img loading=\"lazy\" decoding=\"async\" class=\"aligncenter size-full wp-image-1728\" src=\"https:\/\/www.iledshow.com\/wp-content\/uploads\/2023\/06\/\u82f1_06-8.jpg\" alt=\"\" width=\"790\" height=\"1148\" \/> <img loading=\"lazy\" decoding=\"async\" class=\"aligncenter size-full wp-image-1729\" src=\"https:\/\/www.iledshow.com\/wp-content\/uploads\/2023\/06\/\u82f1_07-8.jpg\" alt=\"\" width=\"790\" height=\"961\" \/> <img loading=\"lazy\" decoding=\"async\" class=\"aligncenter size-full wp-image-1730\" src=\"https:\/\/www.iledshow.com\/wp-content\/uploads\/2023\/06\/\u82f1_08-8.jpg\" alt=\"\" width=\"790\" height=\"1048\" \/> <img loading=\"lazy\" decoding=\"async\" class=\"aligncenter size-full wp-image-1731\" src=\"https:\/\/www.iledshow.com\/wp-content\/uploads\/2023\/06\/\u82f1_09-8.jpg\" alt=\"\" width=\"790\" height=\"1430\" \/> <img loading=\"lazy\" decoding=\"async\" class=\"aligncenter size-full wp-image-1732\" src=\"https:\/\/www.iledshow.com\/wp-content\/uploads\/2023\/06\/\u82f1_10-5.jpg\" alt=\"\" width=\"790\" height=\"972\" \/> <img loading=\"lazy\" decoding=\"async\" class=\"aligncenter size-full wp-image-1733\" src=\"https:\/\/www.iledshow.com\/wp-content\/uploads\/2023\/06\/\u82f1_11-5.jpg\" alt=\"\" width=\"790\" height=\"1250\" \/> <img loading=\"lazy\" decoding=\"async\" class=\"aligncenter size-full wp-image-1734\" src=\"https:\/\/www.iledshow.com\/wp-content\/uploads\/2023\/06\/\u82f1_12-3.jpg\" alt=\"\" width=\"790\" height=\"732\" \/><\/p>","protected":false},"excerpt":{"rendered":"<dl class=\"do-entry-item\">\n<dt class=\"do-entry-item\"><span class=\"attr-name J-attr-name\" title=\"Trinkgeschirr Typ\" data-spm-anchor-id=\"a2700.details.0.i27.1c6439c9sMZVY5\">Trinkgeschirr Typ:<\/span>Wasserflaschen<\/dt>\n<\/dl>\n<dl class=\"do-entry-item\">\n<dt class=\"do-entry-item\"><span class=\"attr-name J-attr-name\" title=\"Anwendbare Personen\">Anwendbare Personen:<\/span>Erwachsene<\/dt>\n<\/dl>\n<dl class=\"do-entry-item\">\n<dt class=\"do-entry-item\"><span class=\"attr-name J-attr-name\" title=\"Aktivit\u00e4t im Freien\">Aktivit\u00e4t im Freien:<\/span>Fitnessstudio<\/dt>\n<\/dl>\n<dl class=\"do-entry-item\">\n<dt class=\"do-entry-item\"><span class=\"attr-name J-attr-name\" title=\"Kochendes Wasser\">Kochendes Wasser:<\/span>Anwendbar<\/dt>\n<\/dl>\n<dl class=\"do-entry-item\">\n<dt class=\"do-entry-item\"><span class=\"attr-name J-attr-name\" title=\"Anti-Korrosions-Beschichtung\">Anti-Korrosions-Beschichtung:<\/span>Ausgestattet<\/dt>\n<\/dl>\n<dl class=\"do-entry-item\">\n<dt class=\"do-entry-item\"><span class=\"attr-name J-attr-name\" title=\"Methode des Wasserflusses\">Methode des Wasserflusses:<\/span>Direktes Trinken<\/dt>\n<\/dl>\n<dl class=\"do-entry-item\">\n<dt class=\"do-entry-item\"><span class=\"attr-name J-attr-name\" title=\"Zubeh\u00f6r\">Zubeh\u00f6r:<\/span>MIT DECKEL<\/dt>\n<\/dl>\n<dl class=\"do-entry-item\">\n<dt class=\"do-entry-item\"><span class=\"attr-name J-attr-name\" title=\"Anlass\">Anlass:<\/span>Zur\u00fcck zur Schule<\/dt>\n<\/dl>\n<dl class=\"do-entry-item\">\n<dt class=\"do-entry-item\"><span class=\"attr-name J-attr-name\" title=\"Design-Stil\">Design-Stil:<\/span>Sport<\/dt>\n<\/dl>\n<dl class=\"do-entry-item\">\n<dt class=\"do-entry-item\"><span class=\"attr-name J-attr-name\" title=\"Material\">Material:<\/span>Kunststoff, Kunststoff-Deckel + led<\/dt>\n<\/dl>\n<dl class=\"do-entry-item\">\n<dt class=\"do-entry-item\"><span class=\"attr-name J-attr-name\" title=\"Plastik Typ\">Kunststoff-Typ:<\/span>PP<\/dt>\n<\/dl>\n<dl class=\"do-entry-item\">\n<dt class=\"do-entry-item\"><span class=\"attr-name J-attr-name\" title=\"Merkmal\">Merkmal:<\/span>Vorr\u00e4tig<\/dt>\n<\/dl>\n<dl class=\"do-entry-item\">\n<dt class=\"do-entry-item\"><span class=\"attr-name J-attr-name\" title=\"Ort der Herkunft\">Ort der Herkunft:<\/span>GUA<\/dt>\n<\/dl>\n<dl class=\"do-entry-item\">\n<dt class=\"do-entry-item\"><span class=\"attr-name J-attr-name\" title=\"Markenname\">Markenname:<\/span>iLEDSHOW<\/dt>\n<\/dl>\n<dl class=\"do-entry-item\">\n<dt class=\"do-entry-item\"><span class=\"attr-name J-attr-name\" title=\"Modellnummer\">Modellnummer:<\/span>W1248<\/dt>\n<\/dl>\n<dl class=\"do-entry-item\">\n<dt class=\"do-entry-item\"><span class=\"attr-name J-attr-name\" title=\"Produktname\">Produktname:<\/span>Smart LED Display Wasserflasche<\/dt>\n<\/dl>\n<dl class=\"do-entry-item\">\n<dt class=\"do-entry-item\"><span class=\"attr-name J-attr-name\" title=\"Kapazit\u00e4t\">Kapazit\u00e4t:<\/span>800ml<\/dt>\n<\/dl>\n<dl class=\"do-entry-item\">\n<dt class=\"do-entry-item\"><span class=\"attr-name J-attr-name\" title=\"LED-Aufl\u00f6sung\">LED-Aufl\u00f6sung:<\/span>12*48 Punkte<\/dt>\n<\/dl>\n<dl class=\"do-entry-item\">\n<dt class=\"do-entry-item\"><span class=\"attr-name J-attr-name\" title=\"Farbe der Flasche\">Farbe der Flasche:<\/span>Schwarz, Blau, Rosa, Option<\/dt>\n<\/dl>\n<dl class=\"do-entry-item\">\n<dt class=\"do-entry-item\"><span class=\"attr-name J-attr-name\" title=\"LED-Farbe\">LED-Farbe:<\/span>Rot, Blau, Gr\u00fcn, Gelb, Wei\u00df, 4 feste Farb-LED<\/dt>\n<\/dl>\n<dl class=\"do-entry-item\">\n<dt class=\"do-entry-item\"><span class=\"attr-name J-attr-name\" title=\"Verwendung\">Verwendung:<\/span>Trinkgeschirr<\/dt>\n<\/dl>\n<dl class=\"do-entry-item\">\n<dt class=\"do-entry-item\"><span class=\"attr-name J-attr-name\" title=\"Vorteil\">Vorteil:<\/span>Umweltfreundlich Nat\u00fcrlich Gesund<\/dt>\n<\/dl>\n<dl class=\"do-entry-item\" data-spm-anchor-id=\"a2700.details.0.i26.1c6439c9sMZVY5\">\n<dt class=\"do-entry-item\"><span class=\"attr-name J-attr-name\" title=\"OEM\">OEM:<\/span>Unterst\u00fctzung<\/dt>\n<\/dl>","protected":false},"featured_media":3657,"comment_status":"open","ping_status":"closed","template":"","meta":{"themepark_post_bcolor":"#f5f5f5","themepark_post_width":"1022px","themepark_post_img":"","themepark_post_img_po":"left","themepark_post_img_re":false,"themepark_post_img_cover":false,"themepark_post_img_fixed":false,"themepark_post_hide_title":false,"themepark_post_main_b":"","themepark_post_main_p":100,"themepark_paddingblock":false},"product_brand":[],"product_cat":[112],"product_tag":[],"class_list":{"0":"post-3546","1":"product","2":"type-product","3":"status-publish","4":"has-post-thumbnail","6":"product_cat-led-gift","8":"first","9":"instock","10":"shipping-taxable","11":"purchasable","12":"product-type-simple"},"_links":{"self":[{"href":"https:\/\/www.tbdled.com\/de\/wp-json\/wp\/v2\/product\/3546","targetHints":{"allow":["GET"]}}],"collection":[{"href":"https:\/\/www.tbdled.com\/de\/wp-json\/wp\/v2\/product"}],"about":[{"href":"https:\/\/www.tbdled.com\/de\/wp-json\/wp\/v2\/types\/product"}],"replies":[{"embeddable":true,"href":"https:\/\/www.tbdled.com\/de\/wp-json\/wp\/v2\/comments?post=3546"}],"wp:featuredmedia":[{"embeddable":true,"href":"https:\/\/www.tbdled.com\/de\/wp-json\/wp\/v2\/media\/3657"}],"wp:attachment":[{"href":"https:\/\/www.tbdled.com\/de\/wp-json\/wp\/v2\/media?parent=3546"}],"wp:term":[{"taxonomy":"product_brand","embeddable":true,"href":"https:\/\/www.tbdled.com\/de\/wp-json\/wp\/v2\/product_brand?post=3546"},{"taxonomy":"product_cat","embeddable":true,"href":"https:\/\/www.tbdled.com\/de\/wp-json\/wp\/v2\/product_cat?post=3546"},{"taxonomy":"product_tag","embeddable":true,"href":"https:\/\/www.tbdled.com\/de\/wp-json\/wp\/v2\/product_tag?post=3546"}],"curies":[{"name":"wp","href":"https:\/\/api.w.org\/{rel}","templated":true}]}}