{"id":3570,"date":"2025-07-04T09:31:45","date_gmt":"2025-07-04T01:31:45","guid":{"rendered":"http:\/\/47.251.108.7\/?post_type=product&#038;p=3570"},"modified":"2025-10-28T17:14:04","modified_gmt":"2025-10-28T09:14:04","slug":"bike-tail-light-led-rear-bike-light-usb-rechargeable-smart-bicycle-taillight-waterproof-led-lamp-safety-light","status":"publish","type":"product","link":"https:\/\/www.tbdled.com\/de\/produkt\/fahrrad-rucklicht-fuhrte-hintere-fahrrad-licht-usb-wiederaufladbare-intelligente-fahrrad-rucklicht-wasserdicht-led-lampe-sicherheit-licht","title":{"rendered":"Fahrradr\u00fccklicht LED Fahrradr\u00fccklicht USB Wiederaufladbar Smart Fahrrad R\u00fccklicht Wasserdicht LED Lampe Sicherheitslicht"},"content":{"rendered":"<p><img loading=\"lazy\" decoding=\"async\" class=\"aligncenter size-full wp-image-2319\" src=\"https:\/\/www.iledshow.com\/wp-content\/uploads\/2023\/07\/\u82f1\u6587\u8be6\u60c5\u9875_01.jpg\" alt=\"\" width=\"790\" height=\"1503\" \/> <img loading=\"lazy\" decoding=\"async\" class=\"aligncenter size-full wp-image-2320\" src=\"https:\/\/www.iledshow.com\/wp-content\/uploads\/2023\/07\/\u82f1\u6587\u8be6\u60c5\u9875_02.jpg\" alt=\"\" width=\"790\" height=\"682\" \/> <img loading=\"lazy\" decoding=\"async\" class=\"aligncenter size-full wp-image-2321\" src=\"https:\/\/www.iledshow.com\/wp-content\/uploads\/2023\/07\/\u82f1\u6587\u8be6\u60c5\u9875_03.jpg\" alt=\"\" width=\"790\" height=\"835\" \/> <img loading=\"lazy\" decoding=\"async\" class=\"aligncenter size-full wp-image-2322\" src=\"https:\/\/www.iledshow.com\/wp-content\/uploads\/2023\/07\/\u82f1\u6587\u8be6\u60c5\u9875_04.jpg\" alt=\"\" width=\"790\" height=\"804\" \/> <img loading=\"lazy\" decoding=\"async\" class=\"aligncenter size-full wp-image-2323\" src=\"https:\/\/www.iledshow.com\/wp-content\/uploads\/2023\/07\/\u82f1\u6587\u8be6\u60c5\u9875_05.jpg\" alt=\"\" width=\"790\" height=\"786\" \/> <img loading=\"lazy\" decoding=\"async\" class=\"aligncenter size-full wp-image-2324\" src=\"https:\/\/www.iledshow.com\/wp-content\/uploads\/2023\/07\/\u82f1\u6587\u8be6\u60c5\u9875_06.jpg\" alt=\"\" width=\"790\" height=\"1329\" \/> <img loading=\"lazy\" decoding=\"async\" class=\"aligncenter size-full wp-image-2325\" src=\"https:\/\/www.iledshow.com\/wp-content\/uploads\/2023\/07\/\u82f1\u6587\u8be6\u60c5\u9875_07.jpg\" alt=\"\" width=\"790\" height=\"1066\" \/> <img loading=\"lazy\" decoding=\"async\" class=\"aligncenter size-full wp-image-2326\" src=\"https:\/\/www.iledshow.com\/wp-content\/uploads\/2023\/07\/\u82f1\u6587\u8be6\u60c5\u9875_08.jpg\" alt=\"\" width=\"790\" height=\"1185\" \/> <img loading=\"lazy\" decoding=\"async\" class=\"aligncenter size-full wp-image-2327\" src=\"https:\/\/www.iledshow.com\/wp-content\/uploads\/2023\/07\/\u82f1\u6587\u8be6\u60c5\u9875_09.jpg\" alt=\"\" width=\"790\" height=\"990\" \/> <img loading=\"lazy\" decoding=\"async\" class=\"aligncenter size-full wp-image-2328\" src=\"https:\/\/www.iledshow.com\/wp-content\/uploads\/2023\/07\/\u82f1\u6587\u8be6\u60c5\u9875_10.jpg\" alt=\"\" width=\"790\" height=\"908\" \/> <img loading=\"lazy\" decoding=\"async\" class=\"aligncenter size-full wp-image-2329\" src=\"https:\/\/www.iledshow.com\/wp-content\/uploads\/2023\/07\/\u82f1\u6587\u8be6\u60c5\u9875_11.jpg\" alt=\"\" width=\"790\" height=\"967\" \/> <img loading=\"lazy\" decoding=\"async\" class=\"aligncenter size-full wp-image-2330\" src=\"https:\/\/www.iledshow.com\/wp-content\/uploads\/2023\/07\/\u82f1\u6587\u8be6\u60c5\u9875_12.jpg\" alt=\"\" width=\"790\" height=\"1242\" \/> <img loading=\"lazy\" decoding=\"async\" class=\"aligncenter size-full wp-image-2331\" src=\"https:\/\/www.iledshow.com\/wp-content\/uploads\/2023\/07\/\u82f1\u6587\u8be6\u60c5\u9875_13.jpg\" alt=\"\" width=\"790\" height=\"816\" \/> <img loading=\"lazy\" decoding=\"async\" class=\"aligncenter size-full wp-image-2332\" src=\"https:\/\/www.iledshow.com\/wp-content\/uploads\/2023\/07\/\u82f1\u8be6\u60c5\u9875_1311.jpg\" alt=\"\" width=\"750\" height=\"683\" \/> <img loading=\"lazy\" decoding=\"async\" class=\"aligncenter size-full wp-image-2333\" src=\"https:\/\/www.iledshow.com\/wp-content\/uploads\/2023\/07\/\u82f1\u8be6\u60c5\u9875_1411.jpg\" alt=\"\" width=\"750\" height=\"649\" \/><\/p>\n<p><img loading=\"lazy\" decoding=\"async\" class=\"aligncenter size-full wp-image-2318\" src=\"https:\/\/www.iledshow.com\/wp-content\/uploads\/2023\/07\/\u82f1\u8be6\u60c5\u9875_1511.jpg\" alt=\"\" width=\"750\" height=\"680\" \/><\/p>","protected":false},"excerpt":{"rendered":"<dl class=\"do-entry-item\">\n<dt class=\"do-entry-item\"><span class=\"attr-name J-attr-name\" title=\"Anmeldung\" data-spm-anchor-id=\"a2700.details.0.i31.b1795b29u6Wbhs\">Anwendung:<\/span>Fahrrad-\/Motorrad-\/Auto-Werbe-Lichtzeichen, Fahrrad-, Motorrad-, Auto-Lichtwerbe-Display<\/dt>\n<\/dl>\n<dl class=\"do-entry-item\">\n<dt class=\"do-entry-item\"><span class=\"attr-name J-attr-name\" title=\"Typ\">Art:<\/span>LED<\/dt>\n<\/dl>\n<dl class=\"do-entry-item\">\n<dt class=\"do-entry-item\"><span class=\"attr-name J-attr-name\" title=\"Farbe\">Farbe:<\/span>Rgb-Farbe<\/dt>\n<\/dl>\n<dl class=\"do-entry-item\">\n<dt class=\"do-entry-item\"><span class=\"attr-name J-attr-name\" title=\"Panel Gr\u00f6\u00dfe\">Panel Gr\u00f6\u00dfe:<\/span>10,7*10,7 cm<\/dt>\n<\/dl>\n<dl class=\"do-entry-item\">\n<dt class=\"do-entry-item\"><span class=\"attr-name J-attr-name\" title=\"Lieferant Typ\">Lieferant Typ:<\/span>Originalhersteller, ODM, OEM<\/dt>\n<\/dl>\n<dl class=\"do-entry-item\">\n<dt class=\"do-entry-item\"><span class=\"attr-name J-attr-name\" title=\"Medien verf\u00fcgbar\">Medien verf\u00fcgbar:<\/span>Datenblatt, Foto<\/dt>\n<\/dl>\n<dl class=\"do-entry-item\">\n<dt class=\"do-entry-item\"><span class=\"attr-name J-attr-name\" title=\"Ort der Herkunft\">Ort der Herkunft:<\/span>Guangdong, China<\/dt>\n<\/dl>\n<dl class=\"do-entry-item\">\n<dt class=\"do-entry-item\"><span class=\"attr-name J-attr-name\" title=\"Modellnummer\">Modellnummer:<\/span>BK3232<\/dt>\n<\/dl>\n<dl class=\"do-entry-item\">\n<dt class=\"do-entry-item\"><span class=\"attr-name J-attr-name\" title=\"Markenname\">Markenname:<\/span>ILEDSHOW<\/dt>\n<\/dl>\n<dl class=\"do-entry-item\">\n<dt class=\"do-entry-item\"><span class=\"attr-name J-attr-name\" title=\"verwenden.\">Verwendung:<\/span>Werbung ver\u00f6ffentlichen, Einzelhandelsgesch\u00e4ft, Einkaufszentrum, Ausstellungshalle, Flughafen, U-Bahn, Aufzug<\/dt>\n<\/dl>\n<dl class=\"do-entry-item\">\n<dt class=\"do-entry-item\"><span class=\"attr-name J-attr-name\" title=\"Pixel-Teilung\">Pixel-Teilung:<\/span>4mm<\/dt>\n<\/dl>\n<dl class=\"do-entry-item\">\n<dt class=\"do-entry-item\"><span class=\"attr-name J-attr-name\" title=\"Spezifikation\">Spezifikation:<\/span>App programmierbar<\/dt>\n<\/dl>\n<dl class=\"do-entry-item\">\n<dt class=\"do-entry-item\"><span class=\"attr-name J-attr-name\" title=\"Pixeldichte\">Pixeldichte:<\/span>32*32Punkte<\/dt>\n<\/dl>\n<dl class=\"do-entry-item\">\n<dt class=\"do-entry-item\"><span class=\"attr-name J-attr-name\" title=\"HS-Code\">HS-Code:<\/span>85312000<\/dt>\n<\/dl>\n<dl class=\"do-entry-item\">\n<dt class=\"do-entry-item\"><span class=\"attr-name J-attr-name\" title=\"Aufl\u00f6sung\">Aufl\u00f6sung:<\/span>32*32 Pixel<\/dt>\n<\/dl>\n<dl class=\"do-entry-item\">\n<dt class=\"do-entry-item\"><span class=\"attr-name J-attr-name\" title=\"Name des Produkts\">Name des Produkts:<\/span>elektronisches fahrradlicht led-anzeige<\/dt>\n<\/dl>\n<dl class=\"do-entry-item\">\n<dt class=\"do-entry-item\"><span class=\"attr-name J-attr-name\" title=\"LED-Aufl\u00f6sung\">LED-Aufl\u00f6sung:<\/span>32*32 Punkte<\/dt>\n<\/dl>\n<dl class=\"do-entry-item\">\n<dt class=\"do-entry-item\"><span class=\"attr-name J-attr-name\" title=\"LED-Farbe\">LED-Farbe:<\/span>RGB-Farbe<\/dt>\n<\/dl>\n<dl class=\"do-entry-item\">\n<dt class=\"do-entry-item\"><span class=\"attr-name J-attr-name\" title=\"LED-Steuerung\">LED-Kontrolle:<\/span>Drahtlose Telefon-App + Fernbedienung<\/dt>\n<\/dl>\n<dl class=\"do-entry-item\">\n<dt class=\"do-entry-item\"><span class=\"attr-name J-attr-name\" title=\"LED Gr\u00f6\u00dfe\">LED Gr\u00f6\u00dfe:<\/span>105*105 mm<\/dt>\n<\/dl>\n<dl class=\"do-entry-item\">\n<dt class=\"do-entry-item\"><span class=\"attr-name J-attr-name\" title=\"Spannung\">Spannung:<\/span>DC5V<\/dt>\n<\/dl>\n<dl class=\"do-entry-item\">\n<dt class=\"do-entry-item\"><span class=\"attr-name J-attr-name\" title=\"Stromversorgung\">Stromversorgung:<\/span>wiederaufladbare Batterie im Inneren<\/dt>\n<\/dl>\n<dl class=\"do-entry-item\">\n<dt class=\"do-entry-item\"><span class=\"attr-name J-attr-name\" title=\"Material\">Material:<\/span>Aluminiumgeh\u00e4use + geh\u00e4rtetes Glas<\/dt>\n<\/dl>\n<dl class=\"do-entry-item\" data-spm-anchor-id=\"a2700.details.0.i29.b1795b29u6Wbhs\">\n<dt class=\"do-entry-item\"><span class=\"attr-name J-attr-name\" title=\"Garantie\">Garantie:<\/span>1 Jahr \/ 12 Monate<\/dt>\n<\/dl>","protected":false},"featured_media":3698,"comment_status":"open","ping_status":"closed","template":"","meta":{"themepark_post_bcolor":"#f5f5f5","themepark_post_width":"1022px","themepark_post_img":"","themepark_post_img_po":"left","themepark_post_img_re":false,"themepark_post_img_cover":false,"themepark_post_img_fixed":false,"themepark_post_hide_title":false,"themepark_post_main_b":"","themepark_post_main_p":100,"themepark_paddingblock":false},"product_brand":[],"product_cat":[109],"product_tag":[],"class_list":{"0":"post-3570","1":"product","2":"type-product","3":"status-publish","4":"has-post-thumbnail","6":"product_cat-led-bike-light","8":"first","9":"instock","10":"shipping-taxable","11":"purchasable","12":"product-type-simple"},"_links":{"self":[{"href":"https:\/\/www.tbdled.com\/de\/wp-json\/wp\/v2\/product\/3570","targetHints":{"allow":["GET"]}}],"collection":[{"href":"https:\/\/www.tbdled.com\/de\/wp-json\/wp\/v2\/product"}],"about":[{"href":"https:\/\/www.tbdled.com\/de\/wp-json\/wp\/v2\/types\/product"}],"replies":[{"embeddable":true,"href":"https:\/\/www.tbdled.com\/de\/wp-json\/wp\/v2\/comments?post=3570"}],"wp:featuredmedia":[{"embeddable":true,"href":"https:\/\/www.tbdled.com\/de\/wp-json\/wp\/v2\/media\/3698"}],"wp:attachment":[{"href":"https:\/\/www.tbdled.com\/de\/wp-json\/wp\/v2\/media?parent=3570"}],"wp:term":[{"taxonomy":"product_brand","embeddable":true,"href":"https:\/\/www.tbdled.com\/de\/wp-json\/wp\/v2\/product_brand?post=3570"},{"taxonomy":"product_cat","embeddable":true,"href":"https:\/\/www.tbdled.com\/de\/wp-json\/wp\/v2\/product_cat?post=3570"},{"taxonomy":"product_tag","embeddable":true,"href":"https:\/\/www.tbdled.com\/de\/wp-json\/wp\/v2\/product_tag?post=3570"}],"curies":[{"name":"wp","href":"https:\/\/api.w.org\/{rel}","templated":true}]}}