{"id":3575,"date":"2025-07-04T09:32:09","date_gmt":"2025-07-04T01:32:09","guid":{"rendered":"http:\/\/47.251.108.7\/?post_type=product&#038;p=3575"},"modified":"2025-10-30T10:50:55","modified_gmt":"2025-10-30T02:50:55","slug":"12v-remote-control-programmable-led-car-sign-scrolling-messages-numbers-display-mini-size-digital-display-screen-for-advertising","status":"publish","type":"product","link":"https:\/\/www.tbdled.com\/de\/produkt\/12v-fernbedienung-programmierbare-led-auto-zeichen-scrolling-nachrichten-zahlen-display-mini-grose-digitaler-bildschirm-fur-werbung","title":{"rendered":"12V Fernbedienung Programmierbare LED Auto Zeichen Scrolling Nachrichten Zahlen Display Mini Gr\u00f6\u00dfe Digital Display Screen f\u00fcr Werbung"},"content":{"rendered":"<p><img loading=\"lazy\" decoding=\"async\" class=\"aligncenter size-full wp-image-1884\" src=\"https:\/\/www.iledshow.com\/wp-content\/uploads\/2023\/07\/\u82f1\u6587_01.jpg\" alt=\"\" width=\"790\" height=\"1012\" \/> <img loading=\"lazy\" decoding=\"async\" class=\"aligncenter size-full wp-image-1885\" src=\"https:\/\/www.iledshow.com\/wp-content\/uploads\/2023\/07\/\u82f1\u6587_02.jpg\" alt=\"\" width=\"790\" height=\"1011\" \/> <img loading=\"lazy\" decoding=\"async\" class=\"aligncenter size-full wp-image-1886\" src=\"https:\/\/www.iledshow.com\/wp-content\/uploads\/2023\/07\/\u82f1\u6587_03.jpg\" alt=\"\" width=\"790\" height=\"1012\" \/> <img loading=\"lazy\" decoding=\"async\" class=\"aligncenter size-full wp-image-1887\" src=\"https:\/\/www.iledshow.com\/wp-content\/uploads\/2023\/07\/\u82f1\u6587_04.jpg\" alt=\"\" width=\"790\" height=\"1012\" \/> <img loading=\"lazy\" decoding=\"async\" class=\"aligncenter size-full wp-image-1888\" src=\"https:\/\/www.iledshow.com\/wp-content\/uploads\/2023\/07\/\u82f1\u6587_05.jpg\" alt=\"\" width=\"790\" height=\"1012\" \/> <img loading=\"lazy\" decoding=\"async\" class=\"aligncenter size-full wp-image-1889\" src=\"https:\/\/www.iledshow.com\/wp-content\/uploads\/2023\/07\/\u82f1\u6587_06.jpg\" alt=\"\" width=\"790\" height=\"1011\" \/> <img loading=\"lazy\" decoding=\"async\" class=\"aligncenter size-full wp-image-1890\" src=\"https:\/\/www.iledshow.com\/wp-content\/uploads\/2023\/07\/\u82f1\u6587_07.jpg\" alt=\"\" width=\"790\" height=\"1012\" \/> <img loading=\"lazy\" decoding=\"async\" class=\"aligncenter size-full wp-image-1891\" src=\"https:\/\/www.iledshow.com\/wp-content\/uploads\/2023\/07\/\u82f1\u6587_08.jpg\" alt=\"\" width=\"790\" height=\"1012\" \/> <img loading=\"lazy\" decoding=\"async\" class=\"aligncenter size-full wp-image-1892\" src=\"https:\/\/www.iledshow.com\/wp-content\/uploads\/2023\/07\/\u82f1\u6587_09.jpg\" alt=\"\" width=\"790\" height=\"1011\" \/> <img loading=\"lazy\" decoding=\"async\" class=\"aligncenter size-full wp-image-1893\" src=\"https:\/\/www.iledshow.com\/wp-content\/uploads\/2023\/07\/\u82f1\u6587_10.jpg\" alt=\"\" width=\"790\" height=\"1012\" \/> <img loading=\"lazy\" decoding=\"async\" class=\"aligncenter size-full wp-image-1894\" src=\"https:\/\/www.iledshow.com\/wp-content\/uploads\/2023\/07\/\u82f1\u6587_11.jpg\" alt=\"\" width=\"790\" height=\"1012\" \/> <img loading=\"lazy\" decoding=\"async\" class=\"aligncenter size-full wp-image-1895\" src=\"https:\/\/www.iledshow.com\/wp-content\/uploads\/2023\/07\/\u82f1\u6587_12.jpg\" alt=\"\" width=\"790\" height=\"1012\" \/> <img loading=\"lazy\" decoding=\"async\" class=\"aligncenter size-full wp-image-1896\" src=\"https:\/\/www.iledshow.com\/wp-content\/uploads\/2023\/07\/\u82f1\u6587_13.jpg\" alt=\"\" width=\"790\" height=\"1011\" \/> <img loading=\"lazy\" decoding=\"async\" class=\"aligncenter size-full wp-image-1897\" src=\"https:\/\/www.iledshow.com\/wp-content\/uploads\/2023\/07\/\u82f1\u6587_14.jpg\" alt=\"\" width=\"790\" height=\"1012\" \/><\/p>","protected":false},"excerpt":{"rendered":"<dl class=\"do-entry-item\">\n<dt class=\"do-entry-item\"><span class=\"attr-name J-attr-name\" title=\"Anmeldung\" data-spm-anchor-id=\"a2700.details.0.i34.3fc1363a4zac6q\">Anwendung:<\/span>Innen, Halb-Au\u00dfen<\/dt>\n<\/dl>\n<dl class=\"do-entry-item\">\n<dt class=\"do-entry-item\"><span class=\"attr-name J-attr-name\" title=\"Farbe\">Farbe:<\/span>Schwarzer Rahmen<\/dt>\n<\/dl>\n<dl class=\"do-entry-item\">\n<dt class=\"do-entry-item\"><span class=\"attr-name J-attr-name\" title=\"Panel Gr\u00f6\u00dfe\">Panel Gr\u00f6\u00dfe:<\/span>350*50mm<\/dt>\n<\/dl>\n<dl class=\"do-entry-item\">\n<dt class=\"do-entry-item\"><span class=\"attr-name J-attr-name\" title=\"Lieferant Typ\">Lieferant Typ:<\/span>Original Hersteller<\/dt>\n<\/dl>\n<dl class=\"do-entry-item\">\n<dt class=\"do-entry-item\"><span class=\"attr-name J-attr-name\" title=\"Medien verf\u00fcgbar\">Medien verf\u00fcgbar:<\/span>Datenblatt, Foto<\/dt>\n<\/dl>\n<dl class=\"do-entry-item\">\n<dt class=\"do-entry-item\"><span class=\"attr-name J-attr-name\" title=\"Ort der Herkunft\">Ort der Herkunft:<\/span>Guangdong, China<\/dt>\n<\/dl>\n<dl class=\"do-entry-item\">\n<dt class=\"do-entry-item\"><span class=\"attr-name J-attr-name\" title=\"Modellnummer\">Modellnummer:<\/span>D750<\/dt>\n<\/dl>\n<dl class=\"do-entry-item\">\n<dt class=\"do-entry-item\"><span class=\"attr-name J-attr-name\" title=\"Markenname\">Markenname:<\/span>iLEDShow<\/dt>\n<\/dl>\n<dl class=\"do-entry-item\">\n<dt class=\"do-entry-item\"><span class=\"attr-name J-attr-name\" title=\"verwenden.\">Verwendung:<\/span>Werbung ver\u00f6ffentlichen, Einzelhandelsgesch\u00e4ft, Auto f\u00fchrte Bildschirm<\/dt>\n<\/dl>\n<dl class=\"do-entry-item\">\n<dt class=\"do-entry-item\"><span class=\"attr-name J-attr-name\" title=\"Funktion\">Funktion:<\/span>SDK<\/dt>\n<\/dl>\n<dl class=\"do-entry-item\">\n<dt class=\"do-entry-item\"><span class=\"attr-name J-attr-name\" title=\"Pixel-Teilung\">Pixel-Teilung:<\/span>5 mm<\/dt>\n<\/dl>\n<dl class=\"do-entry-item\">\n<dt class=\"do-entry-item\"><span class=\"attr-name J-attr-name\" title=\"Spezifikation\">Spezifikation:<\/span>Digitales Poster<\/dt>\n<\/dl>\n<dl class=\"do-entry-item\">\n<dt class=\"do-entry-item\"><span class=\"attr-name J-attr-name\" title=\"Name des Produkts\">Name des Produkts:<\/span>Mini led auto display bildschirm<\/dt>\n<\/dl>\n<dl class=\"do-entry-item\">\n<dt class=\"do-entry-item\"><span class=\"attr-name J-attr-name\" title=\"Gr\u00f6\u00dfe des Produkts\">Gr\u00f6\u00dfe des Produkts:<\/span>433*94*66 mm<\/dt>\n<\/dl>\n<dl class=\"do-entry-item\">\n<dt class=\"do-entry-item\"><span class=\"attr-name J-attr-name\" title=\"Gr\u00f6\u00dfe des LED-Bildschirms\">Gr\u00f6\u00dfe des LED-Bildschirms:<\/span>350*50mm<\/dt>\n<\/dl>\n<dl class=\"do-entry-item\">\n<dt class=\"do-entry-item\"><span class=\"attr-name J-attr-name\" title=\"Gr\u00f6\u00dfe der LED-Anzeigefl\u00e4che\">Gr\u00f6\u00dfe der LED-Anzeigefl\u00e4che:<\/span>230*33 mm<\/dt>\n<\/dl>\n<dl class=\"do-entry-item\">\n<dt class=\"do-entry-item\"><span class=\"attr-name J-attr-name\" title=\"Entschlie\u00dfung\">Aufl\u00f6sung:<\/span>7*50 Punkte<\/dt>\n<\/dl>\n<dl class=\"do-entry-item\">\n<dt class=\"do-entry-item\"><span class=\"attr-name J-attr-name\" title=\"LED-Farbe\">LED-Farbe:<\/span>rot, wei\u00df<\/dt>\n<\/dl>\n<dl class=\"do-entry-item\">\n<dt class=\"do-entry-item\"><span class=\"attr-name J-attr-name\" title=\"Anzeige Funktion\">Funktion anzeigen:<\/span>Lauftext, Zahlen<\/dt>\n<\/dl>\n<dl class=\"do-entry-item\">\n<dt class=\"do-entry-item\"><span class=\"attr-name J-attr-name\" title=\"Kommunikationsmodus\">Kommunikationsmodus:<\/span>Fernbedienungseingang<\/dt>\n<\/dl>\n<dl class=\"do-entry-item\">\n<dt class=\"do-entry-item\"><span class=\"attr-name J-attr-name\" title=\"Material\">Material:<\/span>Kunststoffrahmen<\/dt>\n<\/dl>\n<dl class=\"do-entry-item\" data-spm-anchor-id=\"a2700.details.0.i33.3fc1363a4zac6q\">\n<dt class=\"do-entry-item\"><span class=\"attr-name J-attr-name\" title=\"Spannung\">Spannung:<\/span>12V<\/dt>\n<\/dl>","protected":false},"featured_media":3712,"comment_status":"open","ping_status":"closed","template":"","meta":{"themepark_post_bcolor":"#f5f5f5","themepark_post_width":"1022px","themepark_post_img":"","themepark_post_img_po":"left","themepark_post_img_re":false,"themepark_post_img_cover":false,"themepark_post_img_fixed":false,"themepark_post_hide_title":false,"themepark_post_main_b":"","themepark_post_main_p":100,"themepark_paddingblock":false},"product_brand":[],"product_cat":[116],"product_tag":[],"class_list":{"0":"post-3575","1":"product","2":"type-product","3":"status-publish","4":"has-post-thumbnail","6":"product_cat-led-advertising-screen-warning-screen","8":"first","9":"instock","10":"shipping-taxable","11":"purchasable","12":"product-type-simple"},"_links":{"self":[{"href":"https:\/\/www.tbdled.com\/de\/wp-json\/wp\/v2\/product\/3575","targetHints":{"allow":["GET"]}}],"collection":[{"href":"https:\/\/www.tbdled.com\/de\/wp-json\/wp\/v2\/product"}],"about":[{"href":"https:\/\/www.tbdled.com\/de\/wp-json\/wp\/v2\/types\/product"}],"replies":[{"embeddable":true,"href":"https:\/\/www.tbdled.com\/de\/wp-json\/wp\/v2\/comments?post=3575"}],"wp:featuredmedia":[{"embeddable":true,"href":"https:\/\/www.tbdled.com\/de\/wp-json\/wp\/v2\/media\/3712"}],"wp:attachment":[{"href":"https:\/\/www.tbdled.com\/de\/wp-json\/wp\/v2\/media?parent=3575"}],"wp:term":[{"taxonomy":"product_brand","embeddable":true,"href":"https:\/\/www.tbdled.com\/de\/wp-json\/wp\/v2\/product_brand?post=3575"},{"taxonomy":"product_cat","embeddable":true,"href":"https:\/\/www.tbdled.com\/de\/wp-json\/wp\/v2\/product_cat?post=3575"},{"taxonomy":"product_tag","embeddable":true,"href":"https:\/\/www.tbdled.com\/de\/wp-json\/wp\/v2\/product_tag?post=3575"}],"curies":[{"name":"wp","href":"https:\/\/api.w.org\/{rel}","templated":true}]}}