{"id":3678,"date":"2025-07-04T10:17:46","date_gmt":"2025-07-04T02:17:46","guid":{"rendered":"http:\/\/47.251.108.7\/?post_type=product&#038;p=3678"},"modified":"2025-10-30T10:50:45","modified_gmt":"2025-10-30T02:50:45","slug":"custom-usb-mini-programmable-moving-message-advertising-sign-app-controlled-led-display-screen-for-taxi-car","status":"publish","type":"product","link":"https:\/\/www.tbdled.com\/de\/produkt\/benutzerdefinierte-usb-mini-programmierbar-beweglichen-nachricht-werbezeichen-app-gesteuert-led-bildschirm-fur-taxi-auto","title":{"rendered":"Benutzerdefinierte USB Mini programmierbare bewegliche Nachricht Werbung Zeichen App Controlled Led Display Screen f\u00fcr Taxi Auto"},"content":{"rendered":"<p><img loading=\"lazy\" decoding=\"async\" class=\"aligncenter size-full wp-image-2543\" src=\"https:\/\/www.iledshow.com\/wp-content\/uploads\/2024\/03\/\u8be6\u60c5\u9875ying_01.jpg\" alt=\"\" width=\"750\" height=\"1308\" \/> <img loading=\"lazy\" decoding=\"async\" class=\"aligncenter size-full wp-image-2544\" src=\"https:\/\/www.iledshow.com\/wp-content\/uploads\/2024\/03\/\u8be6\u60c5\u9875ying_02.jpg\" alt=\"\" width=\"750\" height=\"813\" \/> <img loading=\"lazy\" decoding=\"async\" class=\"aligncenter size-full wp-image-2545\" src=\"https:\/\/www.iledshow.com\/wp-content\/uploads\/2024\/03\/\u8be6\u60c5\u9875ying_03.jpg\" alt=\"\" width=\"750\" height=\"509\" \/> <img loading=\"lazy\" decoding=\"async\" class=\"aligncenter size-full wp-image-2546\" src=\"https:\/\/www.iledshow.com\/wp-content\/uploads\/2024\/03\/\u8be6\u60c5\u9875ying_04.jpg\" alt=\"\" width=\"750\" height=\"1037\" \/> <img loading=\"lazy\" decoding=\"async\" class=\"aligncenter size-full wp-image-2547\" src=\"https:\/\/www.iledshow.com\/wp-content\/uploads\/2024\/03\/\u8be6\u60c5\u9875ying_05.jpg\" alt=\"\" width=\"750\" height=\"883\" \/> <img loading=\"lazy\" decoding=\"async\" class=\"aligncenter size-full wp-image-2548\" src=\"https:\/\/www.iledshow.com\/wp-content\/uploads\/2024\/03\/\u8be6\u60c5\u9875ying_06.jpg\" alt=\"\" width=\"750\" height=\"1218\" \/> <img loading=\"lazy\" decoding=\"async\" class=\"aligncenter size-full wp-image-2549\" src=\"https:\/\/www.iledshow.com\/wp-content\/uploads\/2024\/03\/\u8be6\u60c5\u9875ying_07.jpg\" alt=\"\" width=\"750\" height=\"915\" \/> <img loading=\"lazy\" decoding=\"async\" class=\"aligncenter size-full wp-image-2550\" src=\"https:\/\/www.iledshow.com\/wp-content\/uploads\/2024\/03\/\u8be6\u60c5\u9875ying_08.jpg\" alt=\"\" width=\"750\" height=\"897\" \/> <img loading=\"lazy\" decoding=\"async\" class=\"aligncenter size-full wp-image-2551\" src=\"https:\/\/www.iledshow.com\/wp-content\/uploads\/2024\/03\/\u8be6\u60c5\u9875ying_09.jpg\" alt=\"\" width=\"750\" height=\"658\" \/> <img loading=\"lazy\" decoding=\"async\" class=\"aligncenter size-full wp-image-2552\" src=\"https:\/\/www.iledshow.com\/wp-content\/uploads\/2024\/03\/\u8be6\u60c5\u9875ying_10.jpg\" alt=\"\" width=\"750\" height=\"930\" \/> <img loading=\"lazy\" decoding=\"async\" class=\"aligncenter size-full wp-image-2553\" src=\"https:\/\/www.iledshow.com\/wp-content\/uploads\/2024\/03\/\u8be6\u60c5\u9875ying_11.jpg\" alt=\"\" width=\"750\" height=\"1044\" \/> <img loading=\"lazy\" decoding=\"async\" class=\"aligncenter size-full wp-image-2554\" src=\"https:\/\/www.iledshow.com\/wp-content\/uploads\/2024\/03\/\u8be6\u60c5\u9875ying_12.jpg\" alt=\"\" width=\"750\" height=\"797\" \/> <img loading=\"lazy\" decoding=\"async\" class=\"aligncenter size-full wp-image-2555\" src=\"https:\/\/www.iledshow.com\/wp-content\/uploads\/2024\/03\/\u8be6\u60c5\u9875ying_13.jpg\" alt=\"\" width=\"750\" height=\"642\" \/> <img loading=\"lazy\" decoding=\"async\" class=\"aligncenter size-full wp-image-2556\" src=\"https:\/\/www.iledshow.com\/wp-content\/uploads\/2024\/03\/\u8be6\u60c5\u9875ying_14.jpg\" alt=\"\" width=\"750\" height=\"763\" \/><\/p>","protected":false},"excerpt":{"rendered":"<dl class=\"do-entry-item\">\n<dt class=\"do-entry-item\"><span class=\"attr-name J-attr-name\" title=\"Anmeldung\" data-spm-anchor-id=\"a2700.details.0.i31.6be16425oHTyyJ\">Anwendung:<\/span>Innenbereich<\/dt>\n<\/dl>\n<dl class=\"do-entry-item\">\n<dt class=\"do-entry-item\"><span class=\"attr-name J-attr-name\" title=\"Typ\">Art:<\/span>LED<\/dt>\n<\/dl>\n<dl class=\"do-entry-item\">\n<dt class=\"do-entry-item\"><span class=\"attr-name J-attr-name\" title=\"Panel Gr\u00f6\u00dfe\">Panel Gr\u00f6\u00dfe:<\/span>230*50*10 mm, 230*50*10 mm<\/dt>\n<\/dl>\n<dl class=\"do-entry-item\">\n<dt class=\"do-entry-item\"><span class=\"attr-name J-attr-name\" title=\"Lieferant Typ\">Lieferant Typ:<\/span>Originalhersteller, ODM, OEM<\/dt>\n<\/dl>\n<dl class=\"do-entry-item\">\n<dt class=\"do-entry-item\"><span class=\"attr-name J-attr-name\" title=\"Ort der Herkunft\">Ort der Herkunft:<\/span>Guangdong, China<\/dt>\n<\/dl>\n<dl class=\"do-entry-item\">\n<dt class=\"do-entry-item\"><span class=\"attr-name J-attr-name\" title=\"Modellnummer\">Modellnummer:<\/span>Z1272RGB<\/dt>\n<\/dl>\n<dl class=\"do-entry-item\">\n<dt class=\"do-entry-item\"><span class=\"attr-name J-attr-name\" title=\"Markenname\">Markenname:<\/span>iledshow<\/dt>\n<\/dl>\n<dl class=\"do-entry-item\">\n<dt class=\"do-entry-item\"><span class=\"attr-name J-attr-name\" title=\"verwenden.\">Verwendung:<\/span>Werbung ver\u00f6ffentlichen, Einzelhandelsgesch\u00e4ft, Einkaufszentrum, Ausstellungshalle, Flughafen, U-Bahn<\/dt>\n<\/dl>\n<dl class=\"do-entry-item\">\n<dt class=\"do-entry-item\"><span class=\"attr-name J-attr-name\" title=\"Pixel-Teilung\">Pixel-Teilung:<\/span>2mm<\/dt>\n<\/dl>\n<dl class=\"do-entry-item\">\n<dt class=\"do-entry-item\"><span class=\"attr-name J-attr-name\" title=\"Spezifikation\">Spezifikation:<\/span>RGB<\/dt>\n<\/dl>\n<dl class=\"do-entry-item\">\n<dt class=\"do-entry-item\"><span class=\"attr-name J-attr-name\" title=\"HS-Code\">HS-Code:<\/span>85312000<\/dt>\n<\/dl>\n<dl class=\"do-entry-item\">\n<dt class=\"do-entry-item\"><span class=\"attr-name J-attr-name\" title=\"Aufl\u00f6sung\">Aufl\u00f6sung:<\/span>12*72 PIXEL<\/dt>\n<\/dl>\n<dl class=\"do-entry-item\">\n<dt class=\"do-entry-item\"><span class=\"attr-name J-attr-name\" title=\"Name des Produkts\">Name des Produkts:<\/span>Led Car Sign Display<\/dt>\n<\/dl>\n<dl class=\"do-entry-item\">\n<dt class=\"do-entry-item\"><span class=\"attr-name J-attr-name\" title=\"LED-Farbe\">LED-Farbe:<\/span>Rot, Blau, Gr\u00fcn, Gelb, Wei\u00df Farbe gef\u00fchrt Option<\/dt>\n<\/dl>\n<dl class=\"do-entry-item\">\n<dt class=\"do-entry-item\"><span class=\"attr-name J-attr-name\" title=\"LED-Aufl\u00f6sung\">LED-Aufl\u00f6sung:<\/span>12*72 Bildpunkte<\/dt>\n<\/dl>\n<dl class=\"do-entry-item\">\n<dt class=\"do-entry-item\"><span class=\"attr-name J-attr-name\" title=\"Gr\u00f6\u00dfe des Produkts\">Produktgr\u00f6\u00dfe:<\/span>23*5*1 cm<\/dt>\n<\/dl>\n<dl class=\"do-entry-item\">\n<dt class=\"do-entry-item\"><span class=\"attr-name J-attr-name\" title=\"Spannung\">Spannung:<\/span>DC5V<\/dt>\n<\/dl>\n<dl class=\"do-entry-item\">\n<dt class=\"do-entry-item\"><span class=\"attr-name J-attr-name\" title=\"Verwendung\">Verwendung:<\/span>Auto Werbung f\u00fchrte Display Zeichen<\/dt>\n<\/dl>\n<dl class=\"do-entry-item\">\n<dt class=\"do-entry-item\"><span class=\"attr-name J-attr-name\" title=\"LED-Steuerung\">LED-Kontrolle:<\/span>Drahtlose Telefon-App<\/dt>\n<\/dl>\n<dl class=\"do-entry-item\">\n<dt class=\"do-entry-item\"><span class=\"attr-name J-attr-name\" title=\"Anzeige Funktion\">Funktion anzeigen:<\/span>Bewegende Botschaft<\/dt>\n<\/dl>\n<dl class=\"do-entry-item\" data-spm-anchor-id=\"a2700.details.0.i28.6be16425oHTyyJ\">\n<dt class=\"do-entry-item\"><span class=\"attr-name J-attr-name\" title=\"Zertifikat\">Zertifikat:<\/span>CE ROHS<\/dt>\n<\/dl>\n<dl class=\"do-entry-item\" data-spm-anchor-id=\"a2700.details.0.i30.6be16425oHTyyJ\">\n<dt class=\"do-entry-item\"><span class=\"attr-name J-attr-name\" title=\"Garantie\">Garantie:<\/span>1Jahr<\/dt>\n<\/dl>","protected":false},"featured_media":3804,"comment_status":"open","ping_status":"closed","template":"","meta":{"themepark_post_bcolor":"#f5f5f5","themepark_post_width":"1022px","themepark_post_img":"","themepark_post_img_po":"left","themepark_post_img_re":false,"themepark_post_img_cover":false,"themepark_post_img_fixed":false,"themepark_post_hide_title":false,"themepark_post_main_b":"","themepark_post_main_p":100,"themepark_paddingblock":false},"product_brand":[],"product_cat":[116],"product_tag":[],"class_list":{"0":"post-3678","1":"product","2":"type-product","3":"status-publish","4":"has-post-thumbnail","6":"product_cat-led-advertising-screen-warning-screen","8":"first","9":"instock","10":"shipping-taxable","11":"purchasable","12":"product-type-simple"},"_links":{"self":[{"href":"https:\/\/www.tbdled.com\/de\/wp-json\/wp\/v2\/product\/3678","targetHints":{"allow":["GET"]}}],"collection":[{"href":"https:\/\/www.tbdled.com\/de\/wp-json\/wp\/v2\/product"}],"about":[{"href":"https:\/\/www.tbdled.com\/de\/wp-json\/wp\/v2\/types\/product"}],"replies":[{"embeddable":true,"href":"https:\/\/www.tbdled.com\/de\/wp-json\/wp\/v2\/comments?post=3678"}],"wp:featuredmedia":[{"embeddable":true,"href":"https:\/\/www.tbdled.com\/de\/wp-json\/wp\/v2\/media\/3804"}],"wp:attachment":[{"href":"https:\/\/www.tbdled.com\/de\/wp-json\/wp\/v2\/media?parent=3678"}],"wp:term":[{"taxonomy":"product_brand","embeddable":true,"href":"https:\/\/www.tbdled.com\/de\/wp-json\/wp\/v2\/product_brand?post=3678"},{"taxonomy":"product_cat","embeddable":true,"href":"https:\/\/www.tbdled.com\/de\/wp-json\/wp\/v2\/product_cat?post=3678"},{"taxonomy":"product_tag","embeddable":true,"href":"https:\/\/www.tbdled.com\/de\/wp-json\/wp\/v2\/product_tag?post=3678"}],"curies":[{"name":"wp","href":"https:\/\/api.w.org\/{rel}","templated":true}]}}