{"id":3531,"date":"2025-07-04T09:29:36","date_gmt":"2025-07-04T01:29:36","guid":{"rendered":"http:\/\/47.251.108.7\/?post_type=product&#038;p=3531"},"modified":"2025-10-28T17:15:44","modified_gmt":"2025-10-28T09:15:44","slug":"smart-bike-tail-light-with-turn-signals-usb-rechargeable-automatic-brake-light-wireless-control-bike-rear-led-display-strip","status":"publish","type":"product","link":"https:\/\/www.tbdled.com\/es\/producto\/smart-bike-luz-trasera-con-intermitentes-usb-recargable-luz-de-freno-automatica-control-inalambrico-bicicleta-trasera-led-pantalla-tira","title":{"rendered":"Luz trasera inteligente para bicicleta con intermitentes USB recargable Luz de freno autom\u00e1tica Control inal\u00e1mbrico Tira de LED trasera para bicicleta"},"content":{"rendered":"<p><img loading=\"lazy\" decoding=\"async\" class=\"aligncenter size-full wp-image-1470\" src=\"https:\/\/www.iledshow.com\/wp-content\/uploads\/2023\/06\/\u82f1_01-2.jpg\" alt=\"\" width=\"790\" height=\"480\" \/> <img loading=\"lazy\" decoding=\"async\" class=\"aligncenter size-full wp-image-1471\" src=\"https:\/\/www.iledshow.com\/wp-content\/uploads\/2023\/06\/\u82f1_02-2.jpg\" alt=\"\" width=\"790\" height=\"875\" srcset=\"https:\/\/www.tbdled.com\/wp-content\/uploads\/2023\/06\/\u82f1_02-2.jpg 790w, https:\/\/www.tbdled.com\/wp-content\/uploads\/2023\/06\/\u82f1_02-2-271x300.jpg 271w, https:\/\/www.tbdled.com\/wp-content\/uploads\/2023\/06\/\u82f1_02-2-768x851.jpg 768w, https:\/\/www.tbdled.com\/wp-content\/uploads\/2023\/06\/\u82f1_02-2-11x12.jpg 11w, https:\/\/www.tbdled.com\/wp-content\/uploads\/2023\/06\/\u82f1_02-2-600x665.jpg 600w\" sizes=\"auto, (max-width: 790px) 100vw, 790px\" \/> <img loading=\"lazy\" decoding=\"async\" class=\"aligncenter size-full wp-image-1472\" src=\"https:\/\/www.iledshow.com\/wp-content\/uploads\/2023\/06\/\u82f1_03-2.jpg\" alt=\"\" width=\"790\" height=\"1124\" \/> <img loading=\"lazy\" decoding=\"async\" class=\"aligncenter size-full wp-image-1473\" src=\"https:\/\/www.iledshow.com\/wp-content\/uploads\/2023\/06\/\u82f1_04-2.jpg\" alt=\"\" width=\"790\" height=\"879\" \/> <img loading=\"lazy\" decoding=\"async\" class=\"aligncenter size-full wp-image-1474\" src=\"https:\/\/www.iledshow.com\/wp-content\/uploads\/2023\/06\/\u82f1_05-2.jpg\" alt=\"\" width=\"790\" height=\"807\" srcset=\"https:\/\/www.tbdled.com\/wp-content\/uploads\/2023\/06\/\u82f1_05-2.jpg 790w, https:\/\/www.tbdled.com\/wp-content\/uploads\/2023\/06\/\u82f1_05-2-294x300.jpg 294w, https:\/\/www.tbdled.com\/wp-content\/uploads\/2023\/06\/\u82f1_05-2-768x785.jpg 768w, https:\/\/www.tbdled.com\/wp-content\/uploads\/2023\/06\/\u82f1_05-2-12x12.jpg 12w, https:\/\/www.tbdled.com\/wp-content\/uploads\/2023\/06\/\u82f1_05-2-600x613.jpg 600w\" sizes=\"auto, (max-width: 790px) 100vw, 790px\" \/> <img loading=\"lazy\" decoding=\"async\" class=\"aligncenter size-full wp-image-1475\" src=\"https:\/\/www.iledshow.com\/wp-content\/uploads\/2023\/06\/\u82f1_06-2.jpg\" alt=\"\" width=\"790\" height=\"808\" \/> <img loading=\"lazy\" decoding=\"async\" class=\"aligncenter size-full wp-image-1476\" src=\"https:\/\/www.iledshow.com\/wp-content\/uploads\/2023\/06\/\u82f1_07-2.jpg\" alt=\"\" width=\"790\" height=\"989\" \/> <img loading=\"lazy\" decoding=\"async\" class=\"aligncenter size-full wp-image-1477\" src=\"https:\/\/www.iledshow.com\/wp-content\/uploads\/2023\/06\/\u82f1_08-2.jpg\" alt=\"\" width=\"790\" height=\"814\" \/> <img loading=\"lazy\" decoding=\"async\" class=\"aligncenter size-full wp-image-1478\" src=\"https:\/\/www.iledshow.com\/wp-content\/uploads\/2023\/06\/\u82f1_09-2.jpg\" alt=\"\" width=\"790\" height=\"589\" \/> <img loading=\"lazy\" decoding=\"async\" class=\"aligncenter size-full wp-image-1479\" src=\"https:\/\/www.iledshow.com\/wp-content\/uploads\/2023\/06\/\u82f1_10-1.jpg\" alt=\"\" width=\"790\" height=\"1112\" \/><\/p>\n<p><img loading=\"lazy\" decoding=\"async\" class=\"aligncenter size-full wp-image-1469\" src=\"https:\/\/www.iledshow.com\/wp-content\/uploads\/2023\/06\/12.jpg\" alt=\"\" width=\"790\" height=\"900\" srcset=\"https:\/\/www.tbdled.com\/wp-content\/uploads\/2023\/06\/12.jpg 790w, https:\/\/www.tbdled.com\/wp-content\/uploads\/2023\/06\/12-263x300.jpg 263w, https:\/\/www.tbdled.com\/wp-content\/uploads\/2023\/06\/12-768x875.jpg 768w, https:\/\/www.tbdled.com\/wp-content\/uploads\/2023\/06\/12-11x12.jpg 11w, https:\/\/www.tbdled.com\/wp-content\/uploads\/2023\/06\/12-600x684.jpg 600w\" sizes=\"auto, (max-width: 790px) 100vw, 790px\" \/> <img loading=\"lazy\" decoding=\"async\" class=\"aligncenter size-full wp-image-1480\" src=\"https:\/\/www.iledshow.com\/wp-content\/uploads\/2023\/06\/\u82f1_11-1.jpg\" alt=\"\" width=\"790\" height=\"705\" \/><\/p>","protected":false},"excerpt":{"rendered":"<dl class=\"do-entry-item\">\n<dt class=\"do-entry-item\"><span class=\"attr-name J-attr-name\" title=\"Aplicaci\u00f3n\" data-spm-anchor-id=\"a2700.details.0.i32.44952447sIWDez\">Aplicaci\u00f3n:<\/span>Bicicleta, Motocicleta, Coche publicidad pantalla led, Bicicleta, Motocicleta, Coche publicidad pantalla led<\/dt>\n<\/dl>\n<dl class=\"do-entry-item\">\n<dt class=\"do-entry-item\"><span class=\"attr-name J-attr-name\" title=\"Tipo\">Tipo:<\/span>LED<\/dt>\n<\/dl>\n<dl class=\"do-entry-item\">\n<dt class=\"do-entry-item\"><span class=\"attr-name J-attr-name\" title=\"Color\" data-spm-anchor-id=\"a2700.details.0.i30.44952447sIWDez\">Color:<\/span>a todo color<\/dt>\n<\/dl>\n<dl class=\"do-entry-item\">\n<dt class=\"do-entry-item\"><span class=\"attr-name J-attr-name\" title=\"Tama\u00f1o del panel\">Tama\u00f1o del panel:<\/span>225*55*15 mm, 225*55*15 mm<\/dt>\n<\/dl>\n<dl class=\"do-entry-item\">\n<dt class=\"do-entry-item\"><span class=\"attr-name J-attr-name\" title=\"Tipo de proveedor\">Tipo de proveedor:<\/span>Fabricante original, ODM, OEM<\/dt>\n<\/dl>\n<dl class=\"do-entry-item\">\n<dt class=\"do-entry-item\"><span class=\"attr-name J-attr-name\" title=\"Medios disponibles\">Medios disponibles:<\/span>ficha t\u00e9cnica, Foto<\/dt>\n<\/dl>\n<dl class=\"do-entry-item\">\n<dt class=\"do-entry-item\"><span class=\"attr-name J-attr-name\" title=\"N\u00famero de modelo\">N\u00famero de modelo:<\/span>BK1248RGB<\/dt>\n<\/dl>\n<dl class=\"do-entry-item\">\n<dt class=\"do-entry-item\"><span class=\"attr-name J-attr-name\" title=\"Marca\">Marca:<\/span>ILEDSHOW<\/dt>\n<\/dl>\n<dl class=\"do-entry-item\">\n<dt class=\"do-entry-item\"><span class=\"attr-name J-attr-name\" title=\"utilice\">\u00dasalo:<\/span>publicidad, tienda, centro comercial, sala de exposiciones, metro, ascensor<\/dt>\n<\/dl>\n<dl class=\"do-entry-item\">\n<dt class=\"do-entry-item\"><span class=\"attr-name J-attr-name\" title=\"Paso de p\u00edxeles\">Paso de p\u00edxeles:<\/span>4 mm<\/dt>\n<\/dl>\n<dl class=\"do-entry-item\">\n<dt class=\"do-entry-item\"><span class=\"attr-name J-attr-name\" title=\"Especificaci\u00f3n\">Especificaci\u00f3n:<\/span>pantalla led<\/dt>\n<\/dl>\n<dl class=\"do-entry-item\">\n<dt class=\"do-entry-item\"><span class=\"attr-name J-attr-name\" title=\"C\u00f3digo SA\">C\u00f3digo SA:<\/span>85312000<\/dt>\n<\/dl>\n<dl class=\"do-entry-item\">\n<dt class=\"do-entry-item\"><span class=\"attr-name J-attr-name\" title=\"Resoluci\u00f3n\">Resoluci\u00f3n:<\/span>12*48 p\u00edxeles<\/dt>\n<\/dl>\n<dl class=\"do-entry-item\">\n<dt class=\"do-entry-item\"><span class=\"attr-name J-attr-name\" title=\"Nombre del producto\">Nombre del producto:<\/span>smart app programable led display para bicicleta moto<\/dt>\n<\/dl>\n<dl class=\"do-entry-item\">\n<dt class=\"do-entry-item\"><span class=\"attr-name J-attr-name\" title=\"Resoluci\u00f3n LED\">Resoluci\u00f3n LED:<\/span>12*48 p\u00edxeles<\/dt>\n<\/dl>\n<dl class=\"do-entry-item\">\n<dt class=\"do-entry-item\"><span class=\"attr-name J-attr-name\" title=\"Color LED\">Color del LED:<\/span>RGB<\/dt>\n<\/dl>\n<dl class=\"do-entry-item\">\n<dt class=\"do-entry-item\"><span class=\"attr-name J-attr-name\" title=\"Tama\u00f1o del producto\">Tama\u00f1o del producto:<\/span>225*55*15 mm<\/dt>\n<\/dl>\n<dl class=\"do-entry-item\">\n<dt class=\"do-entry-item\"><span class=\"attr-name J-attr-name\" title=\"Controlar\">Control:<\/span>Aplicaci\u00f3n inal\u00e1mbrica+ Bot\u00f3n remoto<\/dt>\n<\/dl>\n<dl class=\"do-entry-item\">\n<dt class=\"do-entry-item\"><span class=\"attr-name J-attr-name\" title=\"Tensi\u00f3n\">Tensi\u00f3n:<\/span>DC5V<\/dt>\n<\/dl>\n<dl class=\"do-entry-item\">\n<dt class=\"do-entry-item\"><span class=\"attr-name J-attr-name\" title=\"Potencia\">Poder:<\/span>Bater\u00eda recargable por USB<\/dt>\n<\/dl>\n<dl class=\"do-entry-item\">\n<dt class=\"do-entry-item\"><span class=\"attr-name J-attr-name\" title=\"Garant\u00eda\">Garant\u00eda:<\/span>1 a\u00f1o \/ 12 meses<\/dt>\n<\/dl>\n<dl class=\"do-entry-item\" data-spm-anchor-id=\"a2700.details.0.i29.44952447sIWDez\">\n<dt class=\"do-entry-item\"><span class=\"attr-name J-attr-name\" title=\"Certificado\">Certificado:<\/span>CE ROHS<\/dt>\n<\/dl>","protected":false},"featured_media":3589,"comment_status":"open","ping_status":"closed","template":"","meta":{"themepark_post_bcolor":"#f5f5f5","themepark_post_width":"1022px","themepark_post_img":"","themepark_post_img_po":"left","themepark_post_img_re":false,"themepark_post_img_cover":false,"themepark_post_img_fixed":false,"themepark_post_hide_title":false,"themepark_post_main_b":"","themepark_post_main_p":100,"themepark_paddingblock":false},"product_brand":[],"product_cat":[109],"product_tag":[],"class_list":{"0":"post-3531","1":"product","2":"type-product","3":"status-publish","4":"has-post-thumbnail","6":"product_cat-led-bike-light","8":"first","9":"instock","10":"shipping-taxable","11":"purchasable","12":"product-type-simple"},"_links":{"self":[{"href":"https:\/\/www.tbdled.com\/es\/wp-json\/wp\/v2\/product\/3531","targetHints":{"allow":["GET"]}}],"collection":[{"href":"https:\/\/www.tbdled.com\/es\/wp-json\/wp\/v2\/product"}],"about":[{"href":"https:\/\/www.tbdled.com\/es\/wp-json\/wp\/v2\/types\/product"}],"replies":[{"embeddable":true,"href":"https:\/\/www.tbdled.com\/es\/wp-json\/wp\/v2\/comments?post=3531"}],"wp:featuredmedia":[{"embeddable":true,"href":"https:\/\/www.tbdled.com\/es\/wp-json\/wp\/v2\/media\/3589"}],"wp:attachment":[{"href":"https:\/\/www.tbdled.com\/es\/wp-json\/wp\/v2\/media?parent=3531"}],"wp:term":[{"taxonomy":"product_brand","embeddable":true,"href":"https:\/\/www.tbdled.com\/es\/wp-json\/wp\/v2\/product_brand?post=3531"},{"taxonomy":"product_cat","embeddable":true,"href":"https:\/\/www.tbdled.com\/es\/wp-json\/wp\/v2\/product_cat?post=3531"},{"taxonomy":"product_tag","embeddable":true,"href":"https:\/\/www.tbdled.com\/es\/wp-json\/wp\/v2\/product_tag?post=3531"}],"curies":[{"name":"wp","href":"https:\/\/api.w.org\/{rel}","templated":true}]}}