{"id":3545,"date":"2025-07-04T09:29:38","date_gmt":"2025-07-04T01:29:38","guid":{"rendered":"http:\/\/47.251.108.7\/?post_type=product&#038;p=3545"},"modified":"2025-10-28T17:14:17","modified_gmt":"2025-10-28T09:14:17","slug":"led-name-badge-usb-recharge-programming-digital-display-led-card-screen-for-bar-hotel-party-supermarket-school-and-restaurant","status":"publish","type":"product","link":"https:\/\/www.tbdled.com\/es\/producto\/led-nombre-insignia-usb-recarga-programacion-digital-pantalla-led-tarjeta-pantalla-para-bar-hotel-fiesta-supermercado-escuela-y-restaurante","title":{"rendered":"LED Nombre Insignia USB Recarga Programaci\u00f3n Digital Pantalla LED Tarjeta de Pantalla para Bar Hotel Fiesta Supermercado Escuela y Restaurante"},"content":{"rendered":"<p><img loading=\"lazy\" decoding=\"async\" class=\"aligncenter size-full wp-image-1704\" src=\"https:\/\/www.iledshow.com\/wp-content\/uploads\/2023\/06\/USB\u80f8\u724c\u8be6\u60c5-\u82f1\u6587_01.jpg\" alt=\"\" width=\"790\" height=\"1067\" \/> <img loading=\"lazy\" decoding=\"async\" class=\"aligncenter size-full wp-image-1705\" src=\"https:\/\/www.iledshow.com\/wp-content\/uploads\/2023\/06\/USB\u80f8\u724c\u8be6\u60c5-\u82f1\u6587_02.jpg\" alt=\"\" width=\"790\" height=\"1016\" \/> <img loading=\"lazy\" decoding=\"async\" class=\"aligncenter size-full wp-image-1706\" src=\"https:\/\/www.iledshow.com\/wp-content\/uploads\/2023\/06\/USB\u80f8\u724c\u8be6\u60c5-\u82f1\u6587_03.jpg\" alt=\"\" width=\"790\" height=\"1269\" \/> <img loading=\"lazy\" decoding=\"async\" class=\"aligncenter size-full wp-image-1707\" src=\"https:\/\/www.iledshow.com\/wp-content\/uploads\/2023\/06\/USB\u80f8\u724c\u8be6\u60c5-\u82f1\u6587_04.jpg\" alt=\"\" width=\"790\" height=\"971\" \/> <img loading=\"lazy\" decoding=\"async\" class=\"aligncenter size-full wp-image-1708\" src=\"https:\/\/www.iledshow.com\/wp-content\/uploads\/2023\/06\/USB\u80f8\u724c\u8be6\u60c5-\u82f1\u6587_05.jpg\" alt=\"\" width=\"790\" height=\"842\" \/> <img loading=\"lazy\" decoding=\"async\" class=\"aligncenter size-full wp-image-1709\" src=\"https:\/\/www.iledshow.com\/wp-content\/uploads\/2023\/06\/USB\u80f8\u724c\u8be6\u60c5-\u82f1\u6587_06.jpg\" alt=\"\" width=\"790\" height=\"813\" \/> <img loading=\"lazy\" decoding=\"async\" class=\"aligncenter size-full wp-image-1710\" src=\"https:\/\/www.iledshow.com\/wp-content\/uploads\/2023\/06\/USB\u80f8\u724c\u8be6\u60c5-\u82f1\u6587_07.jpg\" alt=\"\" width=\"790\" height=\"1036\" \/> <img loading=\"lazy\" decoding=\"async\" class=\"aligncenter size-full wp-image-1712\" src=\"https:\/\/www.iledshow.com\/wp-content\/uploads\/2023\/06\/\u82f1\u6587\u7248\u8be6\u60c5_01.jpg\" alt=\"\" width=\"750\" height=\"927\" \/> <img loading=\"lazy\" decoding=\"async\" class=\"aligncenter size-full wp-image-1713\" src=\"https:\/\/www.iledshow.com\/wp-content\/uploads\/2023\/06\/\u82f1\u6587\u7248\u8be6\u60c5_02.jpg\" alt=\"\" width=\"750\" height=\"604\" \/> <img loading=\"lazy\" decoding=\"async\" class=\"aligncenter size-full wp-image-1714\" src=\"https:\/\/www.iledshow.com\/wp-content\/uploads\/2023\/06\/\u82f1\u6587\u7248\u8be6\u60c5_10.jpg\" alt=\"\" width=\"750\" height=\"1228\" \/> <img loading=\"lazy\" decoding=\"async\" class=\"aligncenter size-full wp-image-1715\" src=\"https:\/\/www.iledshow.com\/wp-content\/uploads\/2023\/06\/\u82f1\u6587\u7248\u8be6\u60c5_13.jpg\" alt=\"\" width=\"750\" height=\"534\" \/><\/p>","protected":false},"excerpt":{"rendered":"<dl class=\"do-entry-item\">\n<dt class=\"do-entry-item\"><span class=\"attr-name J-attr-name\" title=\"Aplicaci\u00f3n\" data-spm-anchor-id=\"a2700.details.0.i31.796f41a1n0JPt8\">Aplicaci\u00f3n:<\/span>Interior<\/dt>\n<\/dl>\n<dl class=\"do-entry-item\">\n<dt class=\"do-entry-item\"><span class=\"attr-name J-attr-name\" title=\"Color\">Color:<\/span>Rojo, azul, verde, amarillo, blanco, rosa, multicolor<\/dt>\n<\/dl>\n<dl class=\"do-entry-item\">\n<dt class=\"do-entry-item\"><span class=\"attr-name J-attr-name\" title=\"Tama\u00f1o del panel\">Tama\u00f1o del panel:<\/span>94*30*6 mm<\/dt>\n<\/dl>\n<dl class=\"do-entry-item\">\n<dt class=\"do-entry-item\"><span class=\"attr-name J-attr-name\" title=\"Tipo de proveedor\">Tipo de proveedor:<\/span>Fabricante original, ODM, OEM<\/dt>\n<\/dl>\n<dl class=\"do-entry-item\">\n<dt class=\"do-entry-item\"><span class=\"attr-name J-attr-name\" title=\"Medios disponibles\">Medios disponibles:<\/span>ficha t\u00e9cnica, Foto<\/dt>\n<\/dl>\n<dl class=\"do-entry-item\">\n<dt class=\"do-entry-item\"><span class=\"attr-name J-attr-name\" title=\"Lugar de origen\">Lugar de origen:<\/span>Guangdong, China<\/dt>\n<\/dl>\n<dl class=\"do-entry-item\">\n<dt class=\"do-entry-item\"><span class=\"attr-name J-attr-name\" title=\"N\u00famero de modelo\">N\u00famero de modelo:<\/span>BL1248<\/dt>\n<\/dl>\n<dl class=\"do-entry-item\">\n<dt class=\"do-entry-item\"><span class=\"attr-name J-attr-name\" title=\"Marca\">Marca:<\/span>iLEDSHOW<\/dt>\n<\/dl>\n<dl class=\"do-entry-item\">\n<dt class=\"do-entry-item\"><span class=\"attr-name J-attr-name\" title=\"utilice\">\u00dasalo:<\/span>Publireportaje, tienda, centro comercial, autoservicio, sala de exposiciones, aeropuerto, metro<\/dt>\n<\/dl>\n<dl class=\"do-entry-item\">\n<dt class=\"do-entry-item\"><span class=\"attr-name J-attr-name\" title=\"Funci\u00f3n\">Funci\u00f3n:<\/span>SDK<\/dt>\n<\/dl>\n<dl class=\"do-entry-item\">\n<dt class=\"do-entry-item\"><span class=\"attr-name J-attr-name\" title=\"Paso de p\u00edxeles\">Paso de p\u00edxeles:<\/span>2 mm<\/dt>\n<\/dl>\n<dl class=\"do-entry-item\">\n<dt class=\"do-entry-item\"><span class=\"attr-name J-attr-name\" title=\"Especificaci\u00f3n\">Especificaci\u00f3n:<\/span>Identificador LED<\/dt>\n<\/dl>\n<dl class=\"do-entry-item\">\n<dt class=\"do-entry-item\"><span class=\"attr-name J-attr-name\" title=\"Nombre del producto\">Nombre del producto:<\/span>Identificador LED para Bar Hotel Fiesta Supermercado Escuela y Restaurante<\/dt>\n<\/dl>\n<dl class=\"do-entry-item\">\n<dt class=\"do-entry-item\"><span class=\"attr-name J-attr-name\" title=\"Resoluci\u00f3n LED\">Resoluci\u00f3n LED:<\/span>12*48 puntos<\/dt>\n<\/dl>\n<dl class=\"do-entry-item\">\n<dt class=\"do-entry-item\"><span class=\"attr-name J-attr-name\" title=\"Tama\u00f1o del producto\">Tama\u00f1o del producto:<\/span>94*30*6 mm<\/dt>\n<\/dl>\n<dl class=\"do-entry-item\">\n<dt class=\"do-entry-item\"><span class=\"attr-name J-attr-name\" title=\"Color LED\">Color del LED:<\/span>Rojo, Azul, Verde, Amarillo, Blanco, Rosa, Multi 4 Color fijo led<\/dt>\n<\/dl>\n<dl class=\"do-entry-item\">\n<dt class=\"do-entry-item\"><span class=\"attr-name J-attr-name\" title=\"Control LED\">Control LED:<\/span>Aplicaci\u00f3n para tel\u00e9fonos inal\u00e1mbricos<\/dt>\n<\/dl>\n<dl class=\"do-entry-item\">\n<dt class=\"do-entry-item\"><span class=\"attr-name J-attr-name\" title=\"Formato de visualizaci\u00f3n\">Formato de visualizaci\u00f3n:<\/span>Texto, Patr\u00f3n, Animaci\u00f3n, Graffiti, Ritmo<\/dt>\n<\/dl>\n<dl class=\"do-entry-item\">\n<dt class=\"do-entry-item\"><span class=\"attr-name J-attr-name\" title=\"Bater\u00eda\">Bater\u00eda:<\/span>Bater\u00eda recargable USB incluida<\/dt>\n<\/dl>\n<dl class=\"do-entry-item\">\n<dt class=\"do-entry-item\"><span class=\"attr-name J-attr-name\" title=\"Garant\u00eda\">Garant\u00eda:<\/span>Un a\u00f1o<\/dt>\n<\/dl>\n<dl class=\"do-entry-item\" data-spm-anchor-id=\"a2700.details.0.i30.796f41a1n0JPt8\">\n<dt class=\"do-entry-item\"><span class=\"attr-name J-attr-name\" title=\"Certificado\">Certificado:<\/span>CE ROHS<\/dt>\n<\/dl>","protected":false},"featured_media":3648,"comment_status":"open","ping_status":"closed","template":"","meta":{"themepark_post_bcolor":"#f5f5f5","themepark_post_width":"1022px","themepark_post_img":"","themepark_post_img_po":"left","themepark_post_img_re":false,"themepark_post_img_cover":false,"themepark_post_img_fixed":false,"themepark_post_hide_title":false,"themepark_post_main_b":"","themepark_post_main_p":100,"themepark_paddingblock":false},"product_brand":[],"product_cat":[112],"product_tag":[],"class_list":{"0":"post-3545","1":"product","2":"type-product","3":"status-publish","4":"has-post-thumbnail","6":"product_cat-led-gift","8":"first","9":"instock","10":"shipping-taxable","11":"purchasable","12":"product-type-simple"},"_links":{"self":[{"href":"https:\/\/www.tbdled.com\/es\/wp-json\/wp\/v2\/product\/3545","targetHints":{"allow":["GET"]}}],"collection":[{"href":"https:\/\/www.tbdled.com\/es\/wp-json\/wp\/v2\/product"}],"about":[{"href":"https:\/\/www.tbdled.com\/es\/wp-json\/wp\/v2\/types\/product"}],"replies":[{"embeddable":true,"href":"https:\/\/www.tbdled.com\/es\/wp-json\/wp\/v2\/comments?post=3545"}],"wp:featuredmedia":[{"embeddable":true,"href":"https:\/\/www.tbdled.com\/es\/wp-json\/wp\/v2\/media\/3648"}],"wp:attachment":[{"href":"https:\/\/www.tbdled.com\/es\/wp-json\/wp\/v2\/media?parent=3545"}],"wp:term":[{"taxonomy":"product_brand","embeddable":true,"href":"https:\/\/www.tbdled.com\/es\/wp-json\/wp\/v2\/product_brand?post=3545"},{"taxonomy":"product_cat","embeddable":true,"href":"https:\/\/www.tbdled.com\/es\/wp-json\/wp\/v2\/product_cat?post=3545"},{"taxonomy":"product_tag","embeddable":true,"href":"https:\/\/www.tbdled.com\/es\/wp-json\/wp\/v2\/product_tag?post=3545"}],"curies":[{"name":"wp","href":"https:\/\/api.w.org\/{rel}","templated":true}]}}