{"id":3575,"date":"2025-07-04T09:32:09","date_gmt":"2025-07-04T01:32:09","guid":{"rendered":"http:\/\/47.251.108.7\/?post_type=product&#038;p=3575"},"modified":"2025-10-30T10:50:55","modified_gmt":"2025-10-30T02:50:55","slug":"12v-remote-control-programmable-led-car-sign-scrolling-messages-numbers-display-mini-size-digital-display-screen-for-advertising","status":"publish","type":"product","link":"https:\/\/www.tbdled.com\/es\/producto\/12v-control-remoto-programable-led-coche-signo-desplazamiento-mensajes-numeros-pantalla-mini-tamano-pantalla-digital-para-publicidad","title":{"rendered":"12V Control Remoto Programable LED Car Sign Desplazamiento Mensajes N\u00fameros Pantalla Mini Tama\u00f1o Pantalla Digital Para Publicidad"},"content":{"rendered":"<p><img loading=\"lazy\" decoding=\"async\" class=\"aligncenter size-full wp-image-1884\" src=\"https:\/\/www.iledshow.com\/wp-content\/uploads\/2023\/07\/\u82f1\u6587_01.jpg\" alt=\"\" width=\"790\" height=\"1012\" \/> <img loading=\"lazy\" decoding=\"async\" class=\"aligncenter size-full wp-image-1885\" src=\"https:\/\/www.iledshow.com\/wp-content\/uploads\/2023\/07\/\u82f1\u6587_02.jpg\" alt=\"\" width=\"790\" height=\"1011\" \/> <img loading=\"lazy\" decoding=\"async\" class=\"aligncenter size-full wp-image-1886\" src=\"https:\/\/www.iledshow.com\/wp-content\/uploads\/2023\/07\/\u82f1\u6587_03.jpg\" alt=\"\" width=\"790\" height=\"1012\" \/> <img loading=\"lazy\" decoding=\"async\" class=\"aligncenter size-full wp-image-1887\" src=\"https:\/\/www.iledshow.com\/wp-content\/uploads\/2023\/07\/\u82f1\u6587_04.jpg\" alt=\"\" width=\"790\" height=\"1012\" \/> <img loading=\"lazy\" decoding=\"async\" class=\"aligncenter size-full wp-image-1888\" src=\"https:\/\/www.iledshow.com\/wp-content\/uploads\/2023\/07\/\u82f1\u6587_05.jpg\" alt=\"\" width=\"790\" height=\"1012\" \/> <img loading=\"lazy\" decoding=\"async\" class=\"aligncenter size-full wp-image-1889\" src=\"https:\/\/www.iledshow.com\/wp-content\/uploads\/2023\/07\/\u82f1\u6587_06.jpg\" alt=\"\" width=\"790\" height=\"1011\" \/> <img loading=\"lazy\" decoding=\"async\" class=\"aligncenter size-full wp-image-1890\" src=\"https:\/\/www.iledshow.com\/wp-content\/uploads\/2023\/07\/\u82f1\u6587_07.jpg\" alt=\"\" width=\"790\" height=\"1012\" \/> <img loading=\"lazy\" decoding=\"async\" class=\"aligncenter size-full wp-image-1891\" src=\"https:\/\/www.iledshow.com\/wp-content\/uploads\/2023\/07\/\u82f1\u6587_08.jpg\" alt=\"\" width=\"790\" height=\"1012\" \/> <img loading=\"lazy\" decoding=\"async\" class=\"aligncenter size-full wp-image-1892\" src=\"https:\/\/www.iledshow.com\/wp-content\/uploads\/2023\/07\/\u82f1\u6587_09.jpg\" alt=\"\" width=\"790\" height=\"1011\" \/> <img loading=\"lazy\" decoding=\"async\" class=\"aligncenter size-full wp-image-1893\" src=\"https:\/\/www.iledshow.com\/wp-content\/uploads\/2023\/07\/\u82f1\u6587_10.jpg\" alt=\"\" width=\"790\" height=\"1012\" \/> <img loading=\"lazy\" decoding=\"async\" class=\"aligncenter size-full wp-image-1894\" src=\"https:\/\/www.iledshow.com\/wp-content\/uploads\/2023\/07\/\u82f1\u6587_11.jpg\" alt=\"\" width=\"790\" height=\"1012\" \/> <img loading=\"lazy\" decoding=\"async\" class=\"aligncenter size-full wp-image-1895\" src=\"https:\/\/www.iledshow.com\/wp-content\/uploads\/2023\/07\/\u82f1\u6587_12.jpg\" alt=\"\" width=\"790\" height=\"1012\" \/> <img loading=\"lazy\" decoding=\"async\" class=\"aligncenter size-full wp-image-1896\" src=\"https:\/\/www.iledshow.com\/wp-content\/uploads\/2023\/07\/\u82f1\u6587_13.jpg\" alt=\"\" width=\"790\" height=\"1011\" \/> <img loading=\"lazy\" decoding=\"async\" class=\"aligncenter size-full wp-image-1897\" src=\"https:\/\/www.iledshow.com\/wp-content\/uploads\/2023\/07\/\u82f1\u6587_14.jpg\" alt=\"\" width=\"790\" height=\"1012\" \/><\/p>","protected":false},"excerpt":{"rendered":"<dl class=\"do-entry-item\">\n<dt class=\"do-entry-item\"><span class=\"attr-name J-attr-name\" title=\"Aplicaci\u00f3n\" data-spm-anchor-id=\"a2700.details.0.i34.3fc1363a4zac6q\">Aplicaci\u00f3n:<\/span>Interior, Semi-exterior<\/dt>\n<\/dl>\n<dl class=\"do-entry-item\">\n<dt class=\"do-entry-item\"><span class=\"attr-name J-attr-name\" title=\"Color\">Color:<\/span>Marco negro<\/dt>\n<\/dl>\n<dl class=\"do-entry-item\">\n<dt class=\"do-entry-item\"><span class=\"attr-name J-attr-name\" title=\"Tama\u00f1o del panel\">Tama\u00f1o del panel:<\/span>350*50mm<\/dt>\n<\/dl>\n<dl class=\"do-entry-item\">\n<dt class=\"do-entry-item\"><span class=\"attr-name J-attr-name\" title=\"Tipo de proveedor\">Tipo de proveedor:<\/span>Fabricante original<\/dt>\n<\/dl>\n<dl class=\"do-entry-item\">\n<dt class=\"do-entry-item\"><span class=\"attr-name J-attr-name\" title=\"Medios disponibles\">Medios disponibles:<\/span>ficha t\u00e9cnica, Foto<\/dt>\n<\/dl>\n<dl class=\"do-entry-item\">\n<dt class=\"do-entry-item\"><span class=\"attr-name J-attr-name\" title=\"Lugar de origen\">Lugar de origen:<\/span>Guangdong, China<\/dt>\n<\/dl>\n<dl class=\"do-entry-item\">\n<dt class=\"do-entry-item\"><span class=\"attr-name J-attr-name\" title=\"N\u00famero de modelo\">N\u00famero de modelo:<\/span>D750<\/dt>\n<\/dl>\n<dl class=\"do-entry-item\">\n<dt class=\"do-entry-item\"><span class=\"attr-name J-attr-name\" title=\"Marca\">Marca:<\/span>iLEDShow<\/dt>\n<\/dl>\n<dl class=\"do-entry-item\">\n<dt class=\"do-entry-item\"><span class=\"attr-name J-attr-name\" title=\"utilice\">\u00dasalo:<\/span>publicidad publicar, tienda al por menor, coche pantalla led<\/dt>\n<\/dl>\n<dl class=\"do-entry-item\">\n<dt class=\"do-entry-item\"><span class=\"attr-name J-attr-name\" title=\"Funci\u00f3n\">Funci\u00f3n:<\/span>SDK<\/dt>\n<\/dl>\n<dl class=\"do-entry-item\">\n<dt class=\"do-entry-item\"><span class=\"attr-name J-attr-name\" title=\"Paso de p\u00edxeles\">Paso de p\u00edxeles:<\/span>5 mm<\/dt>\n<\/dl>\n<dl class=\"do-entry-item\">\n<dt class=\"do-entry-item\"><span class=\"attr-name J-attr-name\" title=\"Especificaci\u00f3n\">Especificaci\u00f3n:<\/span>Cartel digital<\/dt>\n<\/dl>\n<dl class=\"do-entry-item\">\n<dt class=\"do-entry-item\"><span class=\"attr-name J-attr-name\" title=\"Nombre del producto\">Nombre del producto:<\/span>Mini pantalla led para coche<\/dt>\n<\/dl>\n<dl class=\"do-entry-item\">\n<dt class=\"do-entry-item\"><span class=\"attr-name J-attr-name\" title=\"Tama\u00f1o del producto\">Tama\u00f1o del producto:<\/span>433*94*66 mm<\/dt>\n<\/dl>\n<dl class=\"do-entry-item\">\n<dt class=\"do-entry-item\"><span class=\"attr-name J-attr-name\" title=\"Tama\u00f1o de la pantalla LED\">Tama\u00f1o de la pantalla LED:<\/span>350*50mm<\/dt>\n<\/dl>\n<dl class=\"do-entry-item\">\n<dt class=\"do-entry-item\"><span class=\"attr-name J-attr-name\" title=\"Tama\u00f1o de la pantalla LED\">Tama\u00f1o del \u00e1rea de visualizaci\u00f3n LED:<\/span>230*33 mm<\/dt>\n<\/dl>\n<dl class=\"do-entry-item\">\n<dt class=\"do-entry-item\"><span class=\"attr-name J-attr-name\" title=\"resoluci\u00f3n\">resoluci\u00f3n:<\/span>7*50 puntos<\/dt>\n<\/dl>\n<dl class=\"do-entry-item\">\n<dt class=\"do-entry-item\"><span class=\"attr-name J-attr-name\" title=\"Color LED\">Color del LED:<\/span>rojo, blanco<\/dt>\n<\/dl>\n<dl class=\"do-entry-item\">\n<dt class=\"do-entry-item\"><span class=\"attr-name J-attr-name\" title=\"Funci\u00f3n de visualizaci\u00f3n\">Funci\u00f3n de visualizaci\u00f3n:<\/span>Desplazamiento de texto,n\u00fameros<\/dt>\n<\/dl>\n<dl class=\"do-entry-item\">\n<dt class=\"do-entry-item\"><span class=\"attr-name J-attr-name\" title=\"Modo de comunicaci\u00f3n\">Modo de comunicaci\u00f3n:<\/span>entrada del mando a distancia<\/dt>\n<\/dl>\n<dl class=\"do-entry-item\">\n<dt class=\"do-entry-item\"><span class=\"attr-name J-attr-name\" title=\"Material\">Material:<\/span>Marco de pl\u00e1stico<\/dt>\n<\/dl>\n<dl class=\"do-entry-item\" data-spm-anchor-id=\"a2700.details.0.i33.3fc1363a4zac6q\">\n<dt class=\"do-entry-item\"><span class=\"attr-name J-attr-name\" title=\"Tensi\u00f3n\">Tensi\u00f3n:<\/span>12V<\/dt>\n<\/dl>","protected":false},"featured_media":3712,"comment_status":"open","ping_status":"closed","template":"","meta":{"themepark_post_bcolor":"#f5f5f5","themepark_post_width":"1022px","themepark_post_img":"","themepark_post_img_po":"left","themepark_post_img_re":false,"themepark_post_img_cover":false,"themepark_post_img_fixed":false,"themepark_post_hide_title":false,"themepark_post_main_b":"","themepark_post_main_p":100,"themepark_paddingblock":false},"product_brand":[],"product_cat":[116],"product_tag":[],"class_list":{"0":"post-3575","1":"product","2":"type-product","3":"status-publish","4":"has-post-thumbnail","6":"product_cat-led-advertising-screen-warning-screen","8":"first","9":"instock","10":"shipping-taxable","11":"purchasable","12":"product-type-simple"},"_links":{"self":[{"href":"https:\/\/www.tbdled.com\/es\/wp-json\/wp\/v2\/product\/3575","targetHints":{"allow":["GET"]}}],"collection":[{"href":"https:\/\/www.tbdled.com\/es\/wp-json\/wp\/v2\/product"}],"about":[{"href":"https:\/\/www.tbdled.com\/es\/wp-json\/wp\/v2\/types\/product"}],"replies":[{"embeddable":true,"href":"https:\/\/www.tbdled.com\/es\/wp-json\/wp\/v2\/comments?post=3575"}],"wp:featuredmedia":[{"embeddable":true,"href":"https:\/\/www.tbdled.com\/es\/wp-json\/wp\/v2\/media\/3712"}],"wp:attachment":[{"href":"https:\/\/www.tbdled.com\/es\/wp-json\/wp\/v2\/media?parent=3575"}],"wp:term":[{"taxonomy":"product_brand","embeddable":true,"href":"https:\/\/www.tbdled.com\/es\/wp-json\/wp\/v2\/product_brand?post=3575"},{"taxonomy":"product_cat","embeddable":true,"href":"https:\/\/www.tbdled.com\/es\/wp-json\/wp\/v2\/product_cat?post=3575"},{"taxonomy":"product_tag","embeddable":true,"href":"https:\/\/www.tbdled.com\/es\/wp-json\/wp\/v2\/product_tag?post=3575"}],"curies":[{"name":"wp","href":"https:\/\/api.w.org\/{rel}","templated":true}]}}