{"id":3678,"date":"2025-07-04T10:17:46","date_gmt":"2025-07-04T02:17:46","guid":{"rendered":"http:\/\/47.251.108.7\/?post_type=product&#038;p=3678"},"modified":"2025-10-30T10:50:45","modified_gmt":"2025-10-30T02:50:45","slug":"custom-usb-mini-programmable-moving-message-advertising-sign-app-controlled-led-display-screen-for-taxi-car","status":"publish","type":"product","link":"https:\/\/www.tbdled.com\/es\/producto\/custom-usb-mini-programable-mensaje-en-movimiento-publicidad-signo-app-controlada-led-pantalla-para-coche-taxi","title":{"rendered":"Custom USB mini programable mensaje en movimiento signo de publicidad App Controlled Led Pantalla de visualizaci\u00f3n para el coche taxi"},"content":{"rendered":"<p><img loading=\"lazy\" decoding=\"async\" class=\"aligncenter size-full wp-image-2543\" src=\"https:\/\/www.iledshow.com\/wp-content\/uploads\/2024\/03\/\u8be6\u60c5\u9875ying_01.jpg\" alt=\"\" width=\"750\" height=\"1308\" \/> <img loading=\"lazy\" decoding=\"async\" class=\"aligncenter size-full wp-image-2544\" src=\"https:\/\/www.iledshow.com\/wp-content\/uploads\/2024\/03\/\u8be6\u60c5\u9875ying_02.jpg\" alt=\"\" width=\"750\" height=\"813\" \/> <img loading=\"lazy\" decoding=\"async\" class=\"aligncenter size-full wp-image-2545\" src=\"https:\/\/www.iledshow.com\/wp-content\/uploads\/2024\/03\/\u8be6\u60c5\u9875ying_03.jpg\" alt=\"\" width=\"750\" height=\"509\" \/> <img loading=\"lazy\" decoding=\"async\" class=\"aligncenter size-full wp-image-2546\" src=\"https:\/\/www.iledshow.com\/wp-content\/uploads\/2024\/03\/\u8be6\u60c5\u9875ying_04.jpg\" alt=\"\" width=\"750\" height=\"1037\" \/> <img loading=\"lazy\" decoding=\"async\" class=\"aligncenter size-full wp-image-2547\" src=\"https:\/\/www.iledshow.com\/wp-content\/uploads\/2024\/03\/\u8be6\u60c5\u9875ying_05.jpg\" alt=\"\" width=\"750\" height=\"883\" \/> <img loading=\"lazy\" decoding=\"async\" class=\"aligncenter size-full wp-image-2548\" src=\"https:\/\/www.iledshow.com\/wp-content\/uploads\/2024\/03\/\u8be6\u60c5\u9875ying_06.jpg\" alt=\"\" width=\"750\" height=\"1218\" \/> <img loading=\"lazy\" decoding=\"async\" class=\"aligncenter size-full wp-image-2549\" src=\"https:\/\/www.iledshow.com\/wp-content\/uploads\/2024\/03\/\u8be6\u60c5\u9875ying_07.jpg\" alt=\"\" width=\"750\" height=\"915\" \/> <img loading=\"lazy\" decoding=\"async\" class=\"aligncenter size-full wp-image-2550\" src=\"https:\/\/www.iledshow.com\/wp-content\/uploads\/2024\/03\/\u8be6\u60c5\u9875ying_08.jpg\" alt=\"\" width=\"750\" height=\"897\" \/> <img loading=\"lazy\" decoding=\"async\" class=\"aligncenter size-full wp-image-2551\" src=\"https:\/\/www.iledshow.com\/wp-content\/uploads\/2024\/03\/\u8be6\u60c5\u9875ying_09.jpg\" alt=\"\" width=\"750\" height=\"658\" \/> <img loading=\"lazy\" decoding=\"async\" class=\"aligncenter size-full wp-image-2552\" src=\"https:\/\/www.iledshow.com\/wp-content\/uploads\/2024\/03\/\u8be6\u60c5\u9875ying_10.jpg\" alt=\"\" width=\"750\" height=\"930\" \/> <img loading=\"lazy\" decoding=\"async\" class=\"aligncenter size-full wp-image-2553\" src=\"https:\/\/www.iledshow.com\/wp-content\/uploads\/2024\/03\/\u8be6\u60c5\u9875ying_11.jpg\" alt=\"\" width=\"750\" height=\"1044\" \/> <img loading=\"lazy\" decoding=\"async\" class=\"aligncenter size-full wp-image-2554\" src=\"https:\/\/www.iledshow.com\/wp-content\/uploads\/2024\/03\/\u8be6\u60c5\u9875ying_12.jpg\" alt=\"\" width=\"750\" height=\"797\" \/> <img loading=\"lazy\" decoding=\"async\" class=\"aligncenter size-full wp-image-2555\" src=\"https:\/\/www.iledshow.com\/wp-content\/uploads\/2024\/03\/\u8be6\u60c5\u9875ying_13.jpg\" alt=\"\" width=\"750\" height=\"642\" \/> <img loading=\"lazy\" decoding=\"async\" class=\"aligncenter size-full wp-image-2556\" src=\"https:\/\/www.iledshow.com\/wp-content\/uploads\/2024\/03\/\u8be6\u60c5\u9875ying_14.jpg\" alt=\"\" width=\"750\" height=\"763\" \/><\/p>","protected":false},"excerpt":{"rendered":"<dl class=\"do-entry-item\">\n<dt class=\"do-entry-item\"><span class=\"attr-name J-attr-name\" title=\"Aplicaci\u00f3n\" data-spm-anchor-id=\"a2700.details.0.i31.6be16425oHTyyJ\">Aplicaci\u00f3n:<\/span>Interior<\/dt>\n<\/dl>\n<dl class=\"do-entry-item\">\n<dt class=\"do-entry-item\"><span class=\"attr-name J-attr-name\" title=\"Tipo\">Tipo:<\/span>LED<\/dt>\n<\/dl>\n<dl class=\"do-entry-item\">\n<dt class=\"do-entry-item\"><span class=\"attr-name J-attr-name\" title=\"Tama\u00f1o del panel\">Tama\u00f1o del panel:<\/span>230*50*10 mm, 230*50*10 mm<\/dt>\n<\/dl>\n<dl class=\"do-entry-item\">\n<dt class=\"do-entry-item\"><span class=\"attr-name J-attr-name\" title=\"Tipo de proveedor\">Tipo de proveedor:<\/span>Fabricante original, ODM, OEM<\/dt>\n<\/dl>\n<dl class=\"do-entry-item\">\n<dt class=\"do-entry-item\"><span class=\"attr-name J-attr-name\" title=\"Lugar de origen\">Lugar de origen:<\/span>Guangdong, China<\/dt>\n<\/dl>\n<dl class=\"do-entry-item\">\n<dt class=\"do-entry-item\"><span class=\"attr-name J-attr-name\" title=\"N\u00famero de modelo\">N\u00famero de modelo:<\/span>Z1272RGB<\/dt>\n<\/dl>\n<dl class=\"do-entry-item\">\n<dt class=\"do-entry-item\"><span class=\"attr-name J-attr-name\" title=\"Marca\">Marca:<\/span>iledshow<\/dt>\n<\/dl>\n<dl class=\"do-entry-item\">\n<dt class=\"do-entry-item\"><span class=\"attr-name J-attr-name\" title=\"utilice\">\u00dasalo:<\/span>publicidad, tienda, centro comercial, sala de exposiciones, aeropuerto, metro<\/dt>\n<\/dl>\n<dl class=\"do-entry-item\">\n<dt class=\"do-entry-item\"><span class=\"attr-name J-attr-name\" title=\"Paso de p\u00edxeles\">Paso de p\u00edxeles:<\/span>2 mm<\/dt>\n<\/dl>\n<dl class=\"do-entry-item\">\n<dt class=\"do-entry-item\"><span class=\"attr-name J-attr-name\" title=\"Especificaci\u00f3n\">Especificaci\u00f3n:<\/span>RGB<\/dt>\n<\/dl>\n<dl class=\"do-entry-item\">\n<dt class=\"do-entry-item\"><span class=\"attr-name J-attr-name\" title=\"C\u00f3digo SA\">C\u00f3digo SA:<\/span>85312000<\/dt>\n<\/dl>\n<dl class=\"do-entry-item\">\n<dt class=\"do-entry-item\"><span class=\"attr-name J-attr-name\" title=\"Resoluci\u00f3n\">Resoluci\u00f3n:<\/span>12*72 P\u00cdJELES<\/dt>\n<\/dl>\n<dl class=\"do-entry-item\">\n<dt class=\"do-entry-item\"><span class=\"attr-name J-attr-name\" title=\"Nombre del producto\">Nombre del producto:<\/span>Led Car Sign Display<\/dt>\n<\/dl>\n<dl class=\"do-entry-item\">\n<dt class=\"do-entry-item\"><span class=\"attr-name J-attr-name\" title=\"Color LED\">Color del LED:<\/span>Opci\u00f3n de led de color rojo, azul, verde, amarillo y blanco<\/dt>\n<\/dl>\n<dl class=\"do-entry-item\">\n<dt class=\"do-entry-item\"><span class=\"attr-name J-attr-name\" title=\"Resoluci\u00f3n LED\">Resoluci\u00f3n LED:<\/span>12*72 p\u00edxeles<\/dt>\n<\/dl>\n<dl class=\"do-entry-item\">\n<dt class=\"do-entry-item\"><span class=\"attr-name J-attr-name\" title=\"Tama\u00f1o del producto\">Tama\u00f1o del producto:<\/span>23*5*1 cm<\/dt>\n<\/dl>\n<dl class=\"do-entry-item\">\n<dt class=\"do-entry-item\"><span class=\"attr-name J-attr-name\" title=\"Tensi\u00f3n\">Tensi\u00f3n:<\/span>DC5V<\/dt>\n<\/dl>\n<dl class=\"do-entry-item\">\n<dt class=\"do-entry-item\"><span class=\"attr-name J-attr-name\" title=\"Utilizaci\u00f3n\">Uso:<\/span>Cartel de publicidad para coches<\/dt>\n<\/dl>\n<dl class=\"do-entry-item\">\n<dt class=\"do-entry-item\"><span class=\"attr-name J-attr-name\" title=\"Control LED\">Control LED:<\/span>Aplicaci\u00f3n para tel\u00e9fonos inal\u00e1mbricos<\/dt>\n<\/dl>\n<dl class=\"do-entry-item\">\n<dt class=\"do-entry-item\"><span class=\"attr-name J-attr-name\" title=\"Funci\u00f3n de visualizaci\u00f3n\">Funci\u00f3n de visualizaci\u00f3n:<\/span>Mensaje en movimiento<\/dt>\n<\/dl>\n<dl class=\"do-entry-item\" data-spm-anchor-id=\"a2700.details.0.i28.6be16425oHTyyJ\">\n<dt class=\"do-entry-item\"><span class=\"attr-name J-attr-name\" title=\"Certificado\">Certificado:<\/span>CE ROHS<\/dt>\n<\/dl>\n<dl class=\"do-entry-item\" data-spm-anchor-id=\"a2700.details.0.i30.6be16425oHTyyJ\">\n<dt class=\"do-entry-item\"><span class=\"attr-name J-attr-name\" title=\"Garant\u00eda\">Garant\u00eda:<\/span>1 a\u00f1o<\/dt>\n<\/dl>","protected":false},"featured_media":3804,"comment_status":"open","ping_status":"closed","template":"","meta":{"themepark_post_bcolor":"#f5f5f5","themepark_post_width":"1022px","themepark_post_img":"","themepark_post_img_po":"left","themepark_post_img_re":false,"themepark_post_img_cover":false,"themepark_post_img_fixed":false,"themepark_post_hide_title":false,"themepark_post_main_b":"","themepark_post_main_p":100,"themepark_paddingblock":false},"product_brand":[],"product_cat":[116],"product_tag":[],"class_list":{"0":"post-3678","1":"product","2":"type-product","3":"status-publish","4":"has-post-thumbnail","6":"product_cat-led-advertising-screen-warning-screen","8":"first","9":"instock","10":"shipping-taxable","11":"purchasable","12":"product-type-simple"},"_links":{"self":[{"href":"https:\/\/www.tbdled.com\/es\/wp-json\/wp\/v2\/product\/3678","targetHints":{"allow":["GET"]}}],"collection":[{"href":"https:\/\/www.tbdled.com\/es\/wp-json\/wp\/v2\/product"}],"about":[{"href":"https:\/\/www.tbdled.com\/es\/wp-json\/wp\/v2\/types\/product"}],"replies":[{"embeddable":true,"href":"https:\/\/www.tbdled.com\/es\/wp-json\/wp\/v2\/comments?post=3678"}],"wp:featuredmedia":[{"embeddable":true,"href":"https:\/\/www.tbdled.com\/es\/wp-json\/wp\/v2\/media\/3804"}],"wp:attachment":[{"href":"https:\/\/www.tbdled.com\/es\/wp-json\/wp\/v2\/media?parent=3678"}],"wp:term":[{"taxonomy":"product_brand","embeddable":true,"href":"https:\/\/www.tbdled.com\/es\/wp-json\/wp\/v2\/product_brand?post=3678"},{"taxonomy":"product_cat","embeddable":true,"href":"https:\/\/www.tbdled.com\/es\/wp-json\/wp\/v2\/product_cat?post=3678"},{"taxonomy":"product_tag","embeddable":true,"href":"https:\/\/www.tbdled.com\/es\/wp-json\/wp\/v2\/product_tag?post=3678"}],"curies":[{"name":"wp","href":"https:\/\/api.w.org\/{rel}","templated":true}]}}