{"id":3532,"date":"2025-07-04T09:29:36","date_gmt":"2025-07-04T01:29:36","guid":{"rendered":"http:\/\/47.251.108.7\/?post_type=product&#038;p=3532"},"modified":"2025-10-28T17:15:32","modified_gmt":"2025-10-28T09:15:32","slug":"programmable-bicycle-led-turn-signal-light-scrolling-message-mini-led-sign-usb-rechargeable-led-bike-tail-light","status":"publish","type":"product","link":"https:\/\/www.tbdled.com\/fr\/produit\/feu-clignotant-a-led-programmable-pour-velo-message-defilant-mini-panneau-a-led-usb-feu-arriere-a-led-rechargeable-pour-velo","title":{"rendered":"Feu clignotant \u00e0 LED programmable pour v\u00e9lo Message d\u00e9filant Mini panneau \u00e0 LED Feu arri\u00e8re \u00e0 LED rechargeable par USB"},"content":{"rendered":"<p><img loading=\"lazy\" decoding=\"async\" class=\"aligncenter size-full wp-image-1488\" src=\"https:\/\/www.iledshow.com\/wp-content\/uploads\/2023\/06\/\u82f1_01-3.jpg\" alt=\"\" width=\"790\" height=\"970\" \/> <img loading=\"lazy\" decoding=\"async\" class=\"aligncenter size-full wp-image-1489\" src=\"https:\/\/www.iledshow.com\/wp-content\/uploads\/2023\/06\/\u82f1_02-3.jpg\" alt=\"\" width=\"790\" height=\"863\" srcset=\"https:\/\/www.tbdled.com\/wp-content\/uploads\/2023\/06\/\u82f1_02-3.jpg 790w, https:\/\/www.tbdled.com\/wp-content\/uploads\/2023\/06\/\u82f1_02-3-275x300.jpg 275w, https:\/\/www.tbdled.com\/wp-content\/uploads\/2023\/06\/\u82f1_02-3-768x839.jpg 768w, https:\/\/www.tbdled.com\/wp-content\/uploads\/2023\/06\/\u82f1_02-3-11x12.jpg 11w, https:\/\/www.tbdled.com\/wp-content\/uploads\/2023\/06\/\u82f1_02-3-600x655.jpg 600w\" sizes=\"auto, (max-width: 790px) 100vw, 790px\" \/> <img loading=\"lazy\" decoding=\"async\" class=\"aligncenter size-full wp-image-1490\" src=\"https:\/\/www.iledshow.com\/wp-content\/uploads\/2023\/06\/\u82f1_03-3.jpg\" alt=\"\" width=\"790\" height=\"1125\" \/> <img loading=\"lazy\" decoding=\"async\" class=\"aligncenter size-full wp-image-1491\" src=\"https:\/\/www.iledshow.com\/wp-content\/uploads\/2023\/06\/\u82f1_04-3.jpg\" alt=\"\" width=\"790\" height=\"906\" \/> <img loading=\"lazy\" decoding=\"async\" class=\"aligncenter size-full wp-image-1492\" src=\"https:\/\/www.iledshow.com\/wp-content\/uploads\/2023\/06\/\u82f1_05-3.jpg\" alt=\"\" width=\"790\" height=\"838\" srcset=\"https:\/\/www.tbdled.com\/wp-content\/uploads\/2023\/06\/\u82f1_05-3.jpg 790w, https:\/\/www.tbdled.com\/wp-content\/uploads\/2023\/06\/\u82f1_05-3-283x300.jpg 283w, https:\/\/www.tbdled.com\/wp-content\/uploads\/2023\/06\/\u82f1_05-3-768x815.jpg 768w, https:\/\/www.tbdled.com\/wp-content\/uploads\/2023\/06\/\u82f1_05-3-11x12.jpg 11w, https:\/\/www.tbdled.com\/wp-content\/uploads\/2023\/06\/\u82f1_05-3-600x636.jpg 600w\" sizes=\"auto, (max-width: 790px) 100vw, 790px\" \/> <img loading=\"lazy\" decoding=\"async\" class=\"aligncenter size-full wp-image-1493\" src=\"https:\/\/www.iledshow.com\/wp-content\/uploads\/2023\/06\/\u82f1_06-3.jpg\" alt=\"\" width=\"790\" height=\"915\" \/> <img loading=\"lazy\" decoding=\"async\" class=\"aligncenter size-full wp-image-1494\" src=\"https:\/\/www.iledshow.com\/wp-content\/uploads\/2023\/06\/\u82f1_07-3.jpg\" alt=\"\" width=\"790\" height=\"954\" \/> <img loading=\"lazy\" decoding=\"async\" class=\"aligncenter size-full wp-image-1495\" src=\"https:\/\/www.iledshow.com\/wp-content\/uploads\/2023\/06\/\u82f1_08-3.jpg\" alt=\"\" width=\"790\" height=\"880\" \/> <img loading=\"lazy\" decoding=\"async\" class=\"aligncenter size-full wp-image-1496\" src=\"https:\/\/www.iledshow.com\/wp-content\/uploads\/2023\/06\/\u82f1_09-3.jpg\" alt=\"\" width=\"790\" height=\"614\" \/> <img loading=\"lazy\" decoding=\"async\" class=\"aligncenter size-full wp-image-1497\" src=\"https:\/\/www.iledshow.com\/wp-content\/uploads\/2023\/06\/\u82f1_10-2.jpg\" alt=\"\" width=\"790\" height=\"1027\" \/> <img loading=\"lazy\" decoding=\"async\" class=\"aligncenter size-full wp-image-1498\" src=\"https:\/\/www.iledshow.com\/wp-content\/uploads\/2023\/06\/\u82f1_11-2.jpg\" alt=\"\" width=\"790\" height=\"1099\" \/> <img loading=\"lazy\" decoding=\"async\" class=\"aligncenter size-full wp-image-1499\" src=\"https:\/\/www.iledshow.com\/wp-content\/uploads\/2023\/06\/\u82f1_12.jpg\" alt=\"\" width=\"790\" height=\"650\" \/><\/p>","protected":false},"excerpt":{"rendered":"<dl class=\"do-entry-item\">\n<dt class=\"do-entry-item\"><span class=\"attr-name J-attr-name\" title=\"Application\" data-spm-anchor-id=\"a2700.details.0.i32.44952447sIWDez\">Application :<\/span>Pr\u00e9sentoir lumineux pour bicyclettes, motos et voitures, Pr\u00e9sentoir \u00e0 led pour bicyclettes, motos et voitures<\/dt>\n<\/dl>\n<dl class=\"do-entry-item\">\n<dt class=\"do-entry-item\"><span class=\"attr-name J-attr-name\" title=\"Type\">Type :<\/span>LED<\/dt>\n<\/dl>\n<dl class=\"do-entry-item\">\n<dt class=\"do-entry-item\"><span class=\"attr-name J-attr-name\" title=\"Couleur\" data-spm-anchor-id=\"a2700.details.0.i30.44952447sIWDez\">Couleur :<\/span>couleur<\/dt>\n<\/dl>\n<dl class=\"do-entry-item\">\n<dt class=\"do-entry-item\"><span class=\"attr-name J-attr-name\" title=\"Taille du panneau\">Taille du panneau :<\/span>225*55*15 mm, 225*55*15 mm<\/dt>\n<\/dl>\n<dl class=\"do-entry-item\">\n<dt class=\"do-entry-item\"><span class=\"attr-name J-attr-name\" title=\"Type de fournisseur\">Type de fournisseur :<\/span>Fabricant original, ODM, OEM<\/dt>\n<\/dl>\n<dl class=\"do-entry-item\">\n<dt class=\"do-entry-item\"><span class=\"attr-name J-attr-name\" title=\"M\u00e9dias disponibles\">M\u00e9dias disponibles :<\/span>Fiche technique, Photo<\/dt>\n<\/dl>\n<dl class=\"do-entry-item\">\n<dt class=\"do-entry-item\"><span class=\"attr-name J-attr-name\" title=\"Num\u00e9ro de mod\u00e8le\">Num\u00e9ro de mod\u00e8le :<\/span>BK1248RGB<\/dt>\n<\/dl>\n<dl class=\"do-entry-item\">\n<dt class=\"do-entry-item\"><span class=\"attr-name J-attr-name\" title=\"Nom de la marque\">Nom de marque :<\/span>ILEDSHOW<\/dt>\n<\/dl>\n<dl class=\"do-entry-item\">\n<dt class=\"do-entry-item\"><span class=\"attr-name J-attr-name\" title=\"utiliser\">Utiliser :<\/span>publication publicitaire, magasin de d\u00e9tail, centre commercial, hall d'exposition, m\u00e9tro, ascenseur<\/dt>\n<\/dl>\n<dl class=\"do-entry-item\">\n<dt class=\"do-entry-item\"><span class=\"attr-name J-attr-name\" title=\"Hauteur du pixel\">Hauteur du pixel :<\/span>4mm<\/dt>\n<\/dl>\n<dl class=\"do-entry-item\">\n<dt class=\"do-entry-item\"><span class=\"attr-name J-attr-name\" title=\"Sp\u00e9cifications\">Sp\u00e9cification :<\/span>\u00e9cran \u00e0 diodes \u00e9lectroluminescentes<\/dt>\n<\/dl>\n<dl class=\"do-entry-item\">\n<dt class=\"do-entry-item\"><span class=\"attr-name J-attr-name\" title=\"Code SH\">Code HS :<\/span>85312000<\/dt>\n<\/dl>\n<dl class=\"do-entry-item\">\n<dt class=\"do-entry-item\"><span class=\"attr-name J-attr-name\" title=\"R\u00e9solution\">R\u00e9solution :<\/span>12*48 pixels<\/dt>\n<\/dl>\n<dl class=\"do-entry-item\">\n<dt class=\"do-entry-item\"><span class=\"attr-name J-attr-name\" title=\"Nom du produit\">Nom du produit :<\/span>Ecran LED programmable pour bicyclette et motocyclette<\/dt>\n<\/dl>\n<dl class=\"do-entry-item\">\n<dt class=\"do-entry-item\"><span class=\"attr-name J-attr-name\" title=\"R\u00e9solution des LED\">R\u00e9solution LED :<\/span>12*48 pixels<\/dt>\n<\/dl>\n<dl class=\"do-entry-item\">\n<dt class=\"do-entry-item\"><span class=\"attr-name J-attr-name\" title=\"Couleur de la LED\">Couleur des LED :<\/span>RVB<\/dt>\n<\/dl>\n<dl class=\"do-entry-item\">\n<dt class=\"do-entry-item\"><span class=\"attr-name J-attr-name\" title=\"Taille du produit\">Taille du produit :<\/span>225*55*15 mm<\/dt>\n<\/dl>\n<dl class=\"do-entry-item\">\n<dt class=\"do-entry-item\"><span class=\"attr-name J-attr-name\" title=\"Contr\u00f4le\">Contr\u00f4le :<\/span>Application sans fil+ Bouton de t\u00e9l\u00e9commande<\/dt>\n<\/dl>\n<dl class=\"do-entry-item\">\n<dt class=\"do-entry-item\"><span class=\"attr-name J-attr-name\" title=\"Tension\">Tension :<\/span>DC5V<\/dt>\n<\/dl>\n<dl class=\"do-entry-item\">\n<dt class=\"do-entry-item\"><span class=\"attr-name J-attr-name\" title=\"Puissance\">Puissance :<\/span>Batterie rechargeable USB<\/dt>\n<\/dl>\n<dl class=\"do-entry-item\">\n<dt class=\"do-entry-item\"><span class=\"attr-name J-attr-name\" title=\"Garantie\">Garantie :<\/span>1 an \/ 12 mois<\/dt>\n<\/dl>\n<dl class=\"do-entry-item\" data-spm-anchor-id=\"a2700.details.0.i29.44952447sIWDez\">\n<dt class=\"do-entry-item\"><span class=\"attr-name J-attr-name\" title=\"Certificat\">Certificat :<\/span>CE ROHS<\/dt>\n<\/dl>","protected":false},"featured_media":3594,"comment_status":"open","ping_status":"closed","template":"","meta":{"themepark_post_bcolor":"#f5f5f5","themepark_post_width":"1022px","themepark_post_img":"","themepark_post_img_po":"left","themepark_post_img_re":false,"themepark_post_img_cover":false,"themepark_post_img_fixed":false,"themepark_post_hide_title":false,"themepark_post_main_b":"","themepark_post_main_p":100,"themepark_paddingblock":false},"product_brand":[],"product_cat":[109],"product_tag":[],"class_list":{"0":"post-3532","1":"product","2":"type-product","3":"status-publish","4":"has-post-thumbnail","6":"product_cat-led-bike-light","8":"first","9":"instock","10":"shipping-taxable","11":"purchasable","12":"product-type-simple"},"_links":{"self":[{"href":"https:\/\/www.tbdled.com\/fr\/wp-json\/wp\/v2\/product\/3532","targetHints":{"allow":["GET"]}}],"collection":[{"href":"https:\/\/www.tbdled.com\/fr\/wp-json\/wp\/v2\/product"}],"about":[{"href":"https:\/\/www.tbdled.com\/fr\/wp-json\/wp\/v2\/types\/product"}],"replies":[{"embeddable":true,"href":"https:\/\/www.tbdled.com\/fr\/wp-json\/wp\/v2\/comments?post=3532"}],"wp:featuredmedia":[{"embeddable":true,"href":"https:\/\/www.tbdled.com\/fr\/wp-json\/wp\/v2\/media\/3594"}],"wp:attachment":[{"href":"https:\/\/www.tbdled.com\/fr\/wp-json\/wp\/v2\/media?parent=3532"}],"wp:term":[{"taxonomy":"product_brand","embeddable":true,"href":"https:\/\/www.tbdled.com\/fr\/wp-json\/wp\/v2\/product_brand?post=3532"},{"taxonomy":"product_cat","embeddable":true,"href":"https:\/\/www.tbdled.com\/fr\/wp-json\/wp\/v2\/product_cat?post=3532"},{"taxonomy":"product_tag","embeddable":true,"href":"https:\/\/www.tbdled.com\/fr\/wp-json\/wp\/v2\/product_tag?post=3532"}],"curies":[{"name":"wp","href":"https:\/\/api.w.org\/{rel}","templated":true}]}}