{"id":3533,"date":"2025-07-04T09:29:36","date_gmt":"2025-07-04T01:29:36","guid":{"rendered":"http:\/\/47.251.108.7\/?post_type=product&#038;p=3533"},"modified":"2025-10-30T10:51:31","modified_gmt":"2025-10-30T02:51:31","slug":"app-control-led-car-sign-display-1272-pixels-moving-messages-screen-app-programmable-scrolling-led-display-for-car-rear-window","status":"publish","type":"product","link":"https:\/\/www.tbdled.com\/fr\/produit\/afficheur-a-led-pour-voiture-1272-pixels-avec-messages-en-mouvement-afficheur-a-led-defilant-programmable-pour-la-lunette-arriere-de-la-voiture","title":{"rendered":"Panneau de signalisation pour voiture 12*72 Pixels \u00c9cran de messages mobiles APP Afficheur \u00e0 LED programmable pour la lunette arri\u00e8re d'une voiture"},"content":{"rendered":"<p><img loading=\"lazy\" decoding=\"async\" class=\"aligncenter size-full wp-image-1507\" src=\"https:\/\/www.iledshow.com\/wp-content\/uploads\/2023\/06\/\u82f1\u6587\u8be6\u60c5_01.jpg\" alt=\"\" width=\"790\" height=\"1364\" \/> <img loading=\"lazy\" decoding=\"async\" class=\"aligncenter size-full wp-image-1508\" src=\"https:\/\/www.iledshow.com\/wp-content\/uploads\/2023\/06\/\u82f1\u6587\u8be6\u60c5_02.jpg\" alt=\"\" width=\"790\" height=\"1100\" \/> <img loading=\"lazy\" decoding=\"async\" class=\"aligncenter size-full wp-image-1509\" src=\"https:\/\/www.iledshow.com\/wp-content\/uploads\/2023\/06\/\u82f1\u6587\u8be6\u60c5_03.jpg\" alt=\"\" width=\"790\" height=\"1079\" \/> <img loading=\"lazy\" decoding=\"async\" class=\"aligncenter size-full wp-image-1510\" src=\"https:\/\/www.iledshow.com\/wp-content\/uploads\/2023\/06\/\u82f1\u6587\u8be6\u60c5_04.jpg\" alt=\"\" width=\"790\" height=\"1077\" \/> <img loading=\"lazy\" decoding=\"async\" class=\"aligncenter size-full wp-image-1511\" src=\"https:\/\/www.iledshow.com\/wp-content\/uploads\/2023\/06\/\u82f1\u6587\u8be6\u60c5_05.jpg\" alt=\"\" width=\"790\" height=\"861\" \/> <img loading=\"lazy\" decoding=\"async\" class=\"aligncenter size-full wp-image-1512\" src=\"https:\/\/www.iledshow.com\/wp-content\/uploads\/2023\/06\/\u82f1\u6587\u8be6\u60c5_06.jpg\" alt=\"\" width=\"790\" height=\"1436\" \/> <img loading=\"lazy\" decoding=\"async\" class=\"aligncenter size-full wp-image-1513\" src=\"https:\/\/www.iledshow.com\/wp-content\/uploads\/2023\/06\/\u82f1\u6587\u8be6\u60c5_07.jpg\" alt=\"\" width=\"790\" height=\"530\" \/> <img loading=\"lazy\" decoding=\"async\" class=\"aligncenter size-full wp-image-1514\" src=\"https:\/\/www.iledshow.com\/wp-content\/uploads\/2023\/06\/\u82f1\u6587\u8be6\u60c5_08.jpg\" alt=\"\" width=\"790\" height=\"1419\" \/><\/p>","protected":false},"excerpt":{"rendered":"<dl class=\"do-entry-item\">\n<dt class=\"do-entry-item\"><span class=\"attr-name J-attr-name\" title=\"Application\" data-spm-anchor-id=\"a2700.details.0.i31.6be16425oHTyyJ\">Application :<\/span>Int\u00e9rieur<\/dt>\n<\/dl>\n<dl class=\"do-entry-item\">\n<dt class=\"do-entry-item\"><span class=\"attr-name J-attr-name\" title=\"Type\">Type :<\/span>LED<\/dt>\n<\/dl>\n<dl class=\"do-entry-item\">\n<dt class=\"do-entry-item\"><span class=\"attr-name J-attr-name\" title=\"Taille du panneau\">Taille du panneau :<\/span>230*50*10 mm, 230*50*10 mm<\/dt>\n<\/dl>\n<dl class=\"do-entry-item\">\n<dt class=\"do-entry-item\"><span class=\"attr-name J-attr-name\" title=\"Type de fournisseur\">Type de fournisseur :<\/span>Fabricant original, ODM, OEM<\/dt>\n<\/dl>\n<dl class=\"do-entry-item\">\n<dt class=\"do-entry-item\"><span class=\"attr-name J-attr-name\" title=\"Lieu d&#039;origine\">Lieu d'origine :<\/span>Guangdong, Chine<\/dt>\n<\/dl>\n<dl class=\"do-entry-item\">\n<dt class=\"do-entry-item\"><span class=\"attr-name J-attr-name\" title=\"Num\u00e9ro de mod\u00e8le\">Num\u00e9ro de mod\u00e8le :<\/span>Z1272<\/dt>\n<\/dl>\n<dl class=\"do-entry-item\">\n<dt class=\"do-entry-item\"><span class=\"attr-name J-attr-name\" title=\"Nom de la marque\">Nom de marque :<\/span>ILEDSHOW<\/dt>\n<\/dl>\n<dl class=\"do-entry-item\">\n<dt class=\"do-entry-item\"><span class=\"attr-name J-attr-name\" title=\"utiliser\">Utiliser :<\/span>publication publicitaire, magasin de d\u00e9tail, centre commercial, hall d'exposition, a\u00e9roport, m\u00e9tro<\/dt>\n<\/dl>\n<dl class=\"do-entry-item\">\n<dt class=\"do-entry-item\"><span class=\"attr-name J-attr-name\" title=\"Hauteur du pixel\">Hauteur du pixel :<\/span>2mm<\/dt>\n<\/dl>\n<dl class=\"do-entry-item\">\n<dt class=\"do-entry-item\"><span class=\"attr-name J-attr-name\" title=\"Sp\u00e9cifications\">Sp\u00e9cification :<\/span>DEL rouge, DEL bleue, DEL verte, DEL jaune, DEL blanche<\/dt>\n<\/dl>\n<dl class=\"do-entry-item\">\n<dt class=\"do-entry-item\"><span class=\"attr-name J-attr-name\" title=\"Code SH\">Code HS :<\/span>85312000<\/dt>\n<\/dl>\n<dl class=\"do-entry-item\">\n<dt class=\"do-entry-item\"><span class=\"attr-name J-attr-name\" title=\"R\u00e9solution\">R\u00e9solution :<\/span>12*72 PIXELS<\/dt>\n<\/dl>\n<dl class=\"do-entry-item\">\n<dt class=\"do-entry-item\"><span class=\"attr-name J-attr-name\" title=\"Nom du produit\">Nom du produit :<\/span>Panneau d'affichage pour voiture \u00e0 diodes \u00e9lectroluminescentes<\/dt>\n<\/dl>\n<dl class=\"do-entry-item\">\n<dt class=\"do-entry-item\"><span class=\"attr-name J-attr-name\" title=\"Couleur de la LED\">Couleur des LED :<\/span>Option de DEL de couleur rouge, bleue, verte, jaune et blanche<\/dt>\n<\/dl>\n<dl class=\"do-entry-item\">\n<dt class=\"do-entry-item\"><span class=\"attr-name J-attr-name\" title=\"R\u00e9solution des LED\">R\u00e9solution LED :<\/span>12*72 pixels<\/dt>\n<\/dl>\n<dl class=\"do-entry-item\">\n<dt class=\"do-entry-item\"><span class=\"attr-name J-attr-name\" title=\"Taille du produit\">Taille du produit :<\/span>23*5*1 cm<\/dt>\n<\/dl>\n<dl class=\"do-entry-item\">\n<dt class=\"do-entry-item\"><span class=\"attr-name J-attr-name\" title=\"Tension\">Tension :<\/span>DC5V<\/dt>\n<\/dl>\n<dl class=\"do-entry-item\">\n<dt class=\"do-entry-item\"><span class=\"attr-name J-attr-name\" title=\"Utilisation\">Utilisation :<\/span>Panneau d'affichage \u00e0 led pour la publicit\u00e9 sur les voitures<\/dt>\n<\/dl>\n<dl class=\"do-entry-item\">\n<dt class=\"do-entry-item\"><span class=\"attr-name J-attr-name\" title=\"Contr\u00f4le des LED\">Contr\u00f4le des LED :<\/span>Application pour t\u00e9l\u00e9phone sans fil<\/dt>\n<\/dl>\n<dl class=\"do-entry-item\">\n<dt class=\"do-entry-item\"><span class=\"attr-name J-attr-name\" title=\"Fonction d&#039;affichage\">Fonction d'affichage :<\/span>Message de d\u00e9m\u00e9nagement<\/dt>\n<\/dl>\n<dl class=\"do-entry-item\" data-spm-anchor-id=\"a2700.details.0.i28.6be16425oHTyyJ\">\n<dt class=\"do-entry-item\"><span class=\"attr-name J-attr-name\" title=\"Certificat\">Certificat :<\/span>CE ROHS<\/dt>\n<\/dl>\n<dl class=\"do-entry-item\" data-spm-anchor-id=\"a2700.details.0.i30.6be16425oHTyyJ\">\n<dt class=\"do-entry-item\"><span class=\"attr-name J-attr-name\" title=\"Garantie\">Garantie :<\/span>1 an<\/dt>\n<\/dl>","protected":false},"featured_media":3599,"comment_status":"open","ping_status":"closed","template":"","meta":{"themepark_post_bcolor":"#f5f5f5","themepark_post_width":"1022px","themepark_post_img":"","themepark_post_img_po":"left","themepark_post_img_re":false,"themepark_post_img_cover":false,"themepark_post_img_fixed":false,"themepark_post_hide_title":false,"themepark_post_main_b":"","themepark_post_main_p":100,"themepark_paddingblock":false},"product_brand":[],"product_cat":[116],"product_tag":[],"class_list":{"0":"post-3533","1":"product","2":"type-product","3":"status-publish","4":"has-post-thumbnail","6":"product_cat-led-advertising-screen-warning-screen","8":"first","9":"instock","10":"shipping-taxable","11":"purchasable","12":"product-type-simple"},"_links":{"self":[{"href":"https:\/\/www.tbdled.com\/fr\/wp-json\/wp\/v2\/product\/3533","targetHints":{"allow":["GET"]}}],"collection":[{"href":"https:\/\/www.tbdled.com\/fr\/wp-json\/wp\/v2\/product"}],"about":[{"href":"https:\/\/www.tbdled.com\/fr\/wp-json\/wp\/v2\/types\/product"}],"replies":[{"embeddable":true,"href":"https:\/\/www.tbdled.com\/fr\/wp-json\/wp\/v2\/comments?post=3533"}],"wp:featuredmedia":[{"embeddable":true,"href":"https:\/\/www.tbdled.com\/fr\/wp-json\/wp\/v2\/media\/3599"}],"wp:attachment":[{"href":"https:\/\/www.tbdled.com\/fr\/wp-json\/wp\/v2\/media?parent=3533"}],"wp:term":[{"taxonomy":"product_brand","embeddable":true,"href":"https:\/\/www.tbdled.com\/fr\/wp-json\/wp\/v2\/product_brand?post=3533"},{"taxonomy":"product_cat","embeddable":true,"href":"https:\/\/www.tbdled.com\/fr\/wp-json\/wp\/v2\/product_cat?post=3533"},{"taxonomy":"product_tag","embeddable":true,"href":"https:\/\/www.tbdled.com\/fr\/wp-json\/wp\/v2\/product_tag?post=3533"}],"curies":[{"name":"wp","href":"https:\/\/api.w.org\/{rel}","templated":true}]}}