{"id":3537,"date":"2025-07-04T09:29:37","date_gmt":"2025-07-04T01:29:37","guid":{"rendered":"http:\/\/47.251.108.7\/?post_type=product&#038;p=3537"},"modified":"2025-10-30T10:51:16","modified_gmt":"2025-10-30T02:51:16","slug":"moving-message-board-sign-super-thin-wi-fi-scrolling-led-sign-message-board-for-business-working-with-smartphone","status":"publish","type":"product","link":"https:\/\/www.tbdled.com\/fr\/produit\/panneau-daffichage-mobile-super-fin-wi-fi-panneau-daffichage-a-led-defilant-pour-entreprise-fonctionnant-avec-smartphone","title":{"rendered":"Panneau \u00e0 message mobile super fin Panneau \u00e0 message LED d\u00e9filant Wi-fi pour entreprise Fonctionnant avec Smartphone"},"content":{"rendered":"<p><img loading=\"lazy\" decoding=\"async\" class=\"aligncenter size-full wp-image-1603\" src=\"https:\/\/www.iledshow.com\/wp-content\/uploads\/2023\/06\/\u82f1_01-5.jpg\" alt=\"\" width=\"790\" height=\"1297\" \/> <img loading=\"lazy\" decoding=\"async\" class=\"aligncenter size-full wp-image-1604\" src=\"https:\/\/www.iledshow.com\/wp-content\/uploads\/2023\/06\/\u82f1_02-5.jpg\" alt=\"\" width=\"790\" height=\"478\" \/> <img loading=\"lazy\" decoding=\"async\" class=\"aligncenter size-full wp-image-1605\" src=\"https:\/\/www.iledshow.com\/wp-content\/uploads\/2023\/06\/\u82f1_03-5.jpg\" alt=\"\" width=\"790\" height=\"1007\" \/> <img loading=\"lazy\" decoding=\"async\" class=\"aligncenter size-full wp-image-1606\" src=\"https:\/\/www.iledshow.com\/wp-content\/uploads\/2023\/06\/\u82f1_04-5.jpg\" alt=\"\" width=\"790\" height=\"1080\" \/> <img loading=\"lazy\" decoding=\"async\" class=\"aligncenter size-full wp-image-1607\" src=\"https:\/\/www.iledshow.com\/wp-content\/uploads\/2023\/06\/\u82f1_05-5.jpg\" alt=\"\" width=\"790\" height=\"1133\" \/> <img loading=\"lazy\" decoding=\"async\" class=\"aligncenter size-full wp-image-1608\" src=\"https:\/\/www.iledshow.com\/wp-content\/uploads\/2023\/06\/\u82f1_06-5.jpg\" alt=\"\" width=\"790\" height=\"1052\" \/> <img loading=\"lazy\" decoding=\"async\" class=\"aligncenter size-full wp-image-1609\" src=\"https:\/\/www.iledshow.com\/wp-content\/uploads\/2023\/06\/\u82f1_07-5.jpg\" alt=\"\" width=\"790\" height=\"1505\" \/> <img loading=\"lazy\" decoding=\"async\" class=\"aligncenter size-full wp-image-1610\" src=\"https:\/\/www.iledshow.com\/wp-content\/uploads\/2023\/06\/\u82f1_08-5.jpg\" alt=\"\" width=\"790\" height=\"1291\" \/> <img loading=\"lazy\" decoding=\"async\" class=\"aligncenter size-full wp-image-1611\" src=\"https:\/\/www.iledshow.com\/wp-content\/uploads\/2023\/06\/\u82f1_09-5.jpg\" alt=\"\" width=\"790\" height=\"1321\" \/> <img loading=\"lazy\" decoding=\"async\" class=\"aligncenter size-full wp-image-1612\" src=\"https:\/\/www.iledshow.com\/wp-content\/uploads\/2023\/06\/\u82f1_10-4.jpg\" alt=\"\" width=\"790\" height=\"1169\" \/> <img loading=\"lazy\" decoding=\"async\" class=\"aligncenter size-full wp-image-1613\" src=\"https:\/\/www.iledshow.com\/wp-content\/uploads\/2023\/06\/\u82f1_11-4.jpg\" alt=\"\" width=\"790\" height=\"880\" \/> <img loading=\"lazy\" decoding=\"async\" class=\"aligncenter size-full wp-image-1614\" src=\"https:\/\/www.iledshow.com\/wp-content\/uploads\/2023\/06\/\u82f1_12-2.jpg\" alt=\"\" width=\"790\" height=\"703\" \/> <img loading=\"lazy\" decoding=\"async\" class=\"aligncenter size-full wp-image-1615\" src=\"https:\/\/www.iledshow.com\/wp-content\/uploads\/2023\/06\/\u82f1_13-2.jpg\" alt=\"\" width=\"790\" height=\"628\" \/> <img loading=\"lazy\" decoding=\"async\" class=\"aligncenter size-full wp-image-1616\" src=\"https:\/\/www.iledshow.com\/wp-content\/uploads\/2023\/06\/\u82f1_14.jpg\" alt=\"\" width=\"790\" height=\"1186\" \/><\/p>","protected":false},"excerpt":{"rendered":"<dl class=\"do-entry-item\">\n<dt class=\"do-entry-item\"><span class=\"attr-name J-attr-name\" title=\"Application\">Application :<\/span>affichage led int\u00e9rieur<\/dt>\n<\/dl>\n<dl class=\"do-entry-item\">\n<dt class=\"do-entry-item\"><span class=\"attr-name J-attr-name\" title=\"Type\">Type :<\/span>LED<\/dt>\n<\/dl>\n<dl class=\"do-entry-item\">\n<dt class=\"do-entry-item\"><span class=\"attr-name J-attr-name\" title=\"Couleur\">Couleur :<\/span>Noir, argent\u00e9<\/dt>\n<\/dl>\n<dl class=\"do-entry-item\">\n<dt class=\"do-entry-item\"><span class=\"attr-name J-attr-name\" title=\"Type de fournisseur\">Type de fournisseur :<\/span>Fabricant d'origine<\/dt>\n<\/dl>\n<dl class=\"do-entry-item\">\n<dt class=\"do-entry-item\"><span class=\"attr-name J-attr-name\" title=\"Lieu d&#039;origine\">Lieu d'origine :<\/span>Guangdong, Chine<\/dt>\n<\/dl>\n<dl class=\"do-entry-item\">\n<dt class=\"do-entry-item\"><span class=\"attr-name J-attr-name\" title=\"Num\u00e9ro de mod\u00e8le\">Num\u00e9ro de mod\u00e8le :<\/span>K2496<\/dt>\n<\/dl>\n<dl class=\"do-entry-item\">\n<dt class=\"do-entry-item\"><span class=\"attr-name J-attr-name\" title=\"Nom de la marque\">Nom de marque :<\/span>i-LedShow<\/dt>\n<\/dl>\n<dl class=\"do-entry-item\">\n<dt class=\"do-entry-item\"><span class=\"attr-name J-attr-name\" title=\"utiliser\">Utiliser :<\/span>publicit\u00e9 publier<\/dt>\n<\/dl>\n<dl class=\"do-entry-item\">\n<dt class=\"do-entry-item\"><span class=\"attr-name J-attr-name\" title=\"Hauteur du pixel\">Hauteur du pixel :<\/span>5mm<\/dt>\n<\/dl>\n<dl class=\"do-entry-item\">\n<dt class=\"do-entry-item\"><span class=\"attr-name J-attr-name\" title=\"Sp\u00e9cifications\">Sp\u00e9cification :<\/span>510mm x 160mm<\/dt>\n<\/dl>\n<dl class=\"do-entry-item\">\n<dt class=\"do-entry-item\"><span class=\"attr-name J-attr-name\" title=\"Nom du produit\">Nom du produit :<\/span>Afficheur LED pour voitures<\/dt>\n<\/dl>\n<dl class=\"do-entry-item\">\n<dt class=\"do-entry-item\"><span class=\"attr-name J-attr-name\" title=\"Mat\u00e9riau du produit\">Mat\u00e9riau du produit :<\/span>ABS+Aluminium<\/dt>\n<\/dl>\n<dl class=\"do-entry-item\">\n<dt class=\"do-entry-item\"><span class=\"attr-name J-attr-name\" title=\"Communication\">Communication :<\/span>WIFI+USB<\/dt>\n<\/dl>\n<dl class=\"do-entry-item\">\n<dt class=\"do-entry-item\"><span class=\"attr-name J-attr-name\" title=\"Couleur de la LED\">Couleur de la LED :<\/span>Sept couleurs<\/dt>\n<\/dl>\n<dl class=\"do-entry-item\">\n<dt class=\"do-entry-item\"><span class=\"attr-name J-attr-name\" title=\"Tension\">Tension :<\/span>5V<\/dt>\n<\/dl>\n<dl class=\"do-entry-item\">\n<dt class=\"do-entry-item\"><span class=\"attr-name J-attr-name\" title=\"Langue\">Langue :<\/span>Multi-langues<\/dt>\n<\/dl>\n<dl class=\"do-entry-item\">\n<dt class=\"do-entry-item\"><span class=\"attr-name J-attr-name\" title=\"Format\">Format :<\/span>Patten,Animation,Texte<\/dt>\n<\/dl>\n<dl class=\"do-entry-item\">\n<dt class=\"do-entry-item\"><span class=\"attr-name J-attr-name\" title=\"Installation\">Installation :<\/span>Aspiration vers le haut ou la base<\/dt>\n<\/dl>\n<dl class=\"do-entry-item\">\n<dt class=\"do-entry-item\"><span class=\"attr-name J-attr-name\" title=\"Poids\">Poids :<\/span>1000g<\/dt>\n<\/dl>\n<dl class=\"do-entry-item\" data-spm-anchor-id=\"a2700.details.0.i31.2bc11c518wcWv8\">\n<dt class=\"do-entry-item\"><span class=\"attr-name J-attr-name\" title=\"Accessoire\">Accessoire :<\/span>C\u00e2ble 3M, charge, ventouse, c\u00e2ble USB<\/dt>\n<\/dl>","protected":false},"featured_media":3616,"comment_status":"open","ping_status":"closed","template":"","meta":{"themepark_post_bcolor":"#f5f5f5","themepark_post_width":"1022px","themepark_post_img":"","themepark_post_img_po":"left","themepark_post_img_re":false,"themepark_post_img_cover":false,"themepark_post_img_fixed":false,"themepark_post_hide_title":false,"themepark_post_main_b":"","themepark_post_main_p":100,"themepark_paddingblock":false},"product_brand":[],"product_cat":[116],"product_tag":[],"class_list":{"0":"post-3537","1":"product","2":"type-product","3":"status-publish","4":"has-post-thumbnail","6":"product_cat-led-advertising-screen-warning-screen","8":"first","9":"instock","10":"shipping-taxable","11":"purchasable","12":"product-type-simple"},"_links":{"self":[{"href":"https:\/\/www.tbdled.com\/fr\/wp-json\/wp\/v2\/product\/3537","targetHints":{"allow":["GET"]}}],"collection":[{"href":"https:\/\/www.tbdled.com\/fr\/wp-json\/wp\/v2\/product"}],"about":[{"href":"https:\/\/www.tbdled.com\/fr\/wp-json\/wp\/v2\/types\/product"}],"replies":[{"embeddable":true,"href":"https:\/\/www.tbdled.com\/fr\/wp-json\/wp\/v2\/comments?post=3537"}],"wp:featuredmedia":[{"embeddable":true,"href":"https:\/\/www.tbdled.com\/fr\/wp-json\/wp\/v2\/media\/3616"}],"wp:attachment":[{"href":"https:\/\/www.tbdled.com\/fr\/wp-json\/wp\/v2\/media?parent=3537"}],"wp:term":[{"taxonomy":"product_brand","embeddable":true,"href":"https:\/\/www.tbdled.com\/fr\/wp-json\/wp\/v2\/product_brand?post=3537"},{"taxonomy":"product_cat","embeddable":true,"href":"https:\/\/www.tbdled.com\/fr\/wp-json\/wp\/v2\/product_cat?post=3537"},{"taxonomy":"product_tag","embeddable":true,"href":"https:\/\/www.tbdled.com\/fr\/wp-json\/wp\/v2\/product_tag?post=3537"}],"curies":[{"name":"wp","href":"https:\/\/api.w.org\/{rel}","templated":true}]}}