{"id":3544,"date":"2025-07-04T09:29:38","date_gmt":"2025-07-04T01:29:38","guid":{"rendered":"http:\/\/47.251.108.7\/?post_type=product&#038;p=3544"},"modified":"2025-10-30T10:51:46","modified_gmt":"2025-10-30T02:51:46","slug":"led-dog-collar-glow-in-the-dark-light-up-luminous-dog-collar-waterproof-rechargeable-lighted-led-pet-safety-collar","status":"publish","type":"product","link":"https:\/\/www.tbdled.com\/fr\/produit\/collier-de-chien-led-lumineux-collier-de-chien-lumineux-impermeable-rechargeable-collier-de-securite-led-pour-animaux-de-compagnie","title":{"rendered":"Collier LED pour chien lumineux Collier lumineux pour chien \u00e9tanche et rechargeable Collier de s\u00e9curit\u00e9 \u00e0 LED pour animaux de compagnie"},"content":{"rendered":"<p><img loading=\"lazy\" decoding=\"async\" class=\"aligncenter size-full wp-image-2992\" src=\"https:\/\/www.iledshow.com\/wp-content\/uploads\/2023\/06\/\u82f1\u6587_01-1.jpg\" alt=\"\" width=\"790\" height=\"1276\" \/> <img loading=\"lazy\" decoding=\"async\" class=\"aligncenter size-full wp-image-2993\" src=\"https:\/\/www.iledshow.com\/wp-content\/uploads\/2023\/06\/\u82f1\u6587_02-1.jpg\" alt=\"\" width=\"790\" height=\"720\" \/> <img loading=\"lazy\" decoding=\"async\" class=\"aligncenter size-full wp-image-2994\" src=\"https:\/\/www.iledshow.com\/wp-content\/uploads\/2023\/06\/\u82f1\u6587_03-1.jpg\" alt=\"\" width=\"790\" height=\"734\" \/> <img loading=\"lazy\" decoding=\"async\" class=\"aligncenter size-full wp-image-2995\" src=\"https:\/\/www.iledshow.com\/wp-content\/uploads\/2023\/06\/\u82f1\u6587_04-1.jpg\" alt=\"\" width=\"790\" height=\"1198\" \/> <img loading=\"lazy\" decoding=\"async\" class=\"aligncenter size-full wp-image-2996\" src=\"https:\/\/www.iledshow.com\/wp-content\/uploads\/2023\/06\/\u82f1\u6587_05-1.jpg\" alt=\"\" width=\"790\" height=\"1550\" \/> <img loading=\"lazy\" decoding=\"async\" class=\"aligncenter size-full wp-image-2997\" src=\"https:\/\/www.iledshow.com\/wp-content\/uploads\/2023\/06\/\u82f1\u6587_06-1.jpg\" alt=\"\" width=\"790\" height=\"1617\" \/> <img loading=\"lazy\" decoding=\"async\" class=\"aligncenter size-full wp-image-2998\" src=\"https:\/\/www.iledshow.com\/wp-content\/uploads\/2023\/06\/\u82f1\u6587_07-1.jpg\" alt=\"\" width=\"790\" height=\"1177\" \/> <img loading=\"lazy\" decoding=\"async\" class=\"aligncenter size-full wp-image-2999\" src=\"https:\/\/www.iledshow.com\/wp-content\/uploads\/2023\/06\/\u82f1\u6587_08-1.jpg\" alt=\"\" width=\"790\" height=\"1159\" \/> <img loading=\"lazy\" decoding=\"async\" class=\"aligncenter size-full wp-image-3000\" src=\"https:\/\/www.iledshow.com\/wp-content\/uploads\/2023\/06\/\u82f1\u6587_09-1.jpg\" alt=\"\" width=\"790\" height=\"1143\" \/> <img loading=\"lazy\" decoding=\"async\" class=\"aligncenter size-full wp-image-3001\" src=\"https:\/\/www.iledshow.com\/wp-content\/uploads\/2023\/06\/\u82f1\u6587_10-1.jpg\" alt=\"\" width=\"790\" height=\"611\" \/> <img loading=\"lazy\" decoding=\"async\" class=\"aligncenter size-full wp-image-3002\" src=\"https:\/\/www.iledshow.com\/wp-content\/uploads\/2023\/06\/\u82f1\u6587_11-1.jpg\" alt=\"\" width=\"790\" height=\"815\" \/> <img loading=\"lazy\" decoding=\"async\" class=\"aligncenter size-full wp-image-3003\" src=\"https:\/\/www.iledshow.com\/wp-content\/uploads\/2023\/06\/\u82f1\u6587_12-1.jpg\" alt=\"\" width=\"790\" height=\"924\" \/><\/p>","protected":false},"excerpt":{"rendered":"<dl class=\"do-entry-item\">\n<dt class=\"do-entry-item\" data-spm-anchor-id=\"a2700.details.0.i32.58b42113aluxy6\"><span class=\"attr-name J-attr-name\" title=\"Lieu d&#039;origine\">Lieu d'origine :<\/span>Guangdong, Chine<\/dt>\n<\/dl>\n<dl class=\"do-entry-item\">\n<dt class=\"do-entry-item\"><span class=\"attr-name J-attr-name\" title=\"Nom de la marque\">Nom de marque :<\/span>ILEDSHOW<\/dt>\n<\/dl>\n<dl class=\"do-entry-item\">\n<dt class=\"do-entry-item\"><span class=\"attr-name J-attr-name\" title=\"Num\u00e9ro de mod\u00e8le\">Num\u00e9ro de mod\u00e8le :<\/span>C1248<\/dt>\n<\/dl>\n<dl class=\"do-entry-item\">\n<dt class=\"do-entry-item\"><span class=\"attr-name J-attr-name\" title=\"Fonctionnalit\u00e9\">Fonctionnalit\u00e9 :<\/span>Personnalis\u00e9<\/dt>\n<\/dl>\n<dl class=\"do-entry-item\">\n<dt class=\"do-entry-item\"><span class=\"attr-name J-attr-name\" title=\"Application\">Application :<\/span>Petits animaux<\/dt>\n<\/dl>\n<dl class=\"do-entry-item\">\n<dt class=\"do-entry-item\"><span class=\"attr-name J-attr-name\" title=\"Mat\u00e9riau\">Mat\u00e9riau :<\/span>Nylon<\/dt>\n<\/dl>\n<dl class=\"do-entry-item\">\n<dt class=\"do-entry-item\"><span class=\"attr-name J-attr-name\" title=\"Mod\u00e8le\">Mod\u00e8le :<\/span>Lettre<\/dt>\n<\/dl>\n<dl class=\"do-entry-item\">\n<dt class=\"do-entry-item\"><span class=\"attr-name J-attr-name\" title=\"D\u00e9coration\">D\u00e9coration :<\/span>LED<\/dt>\n<\/dl>\n<dl class=\"do-entry-item\">\n<dt class=\"do-entry-item\"><span class=\"attr-name J-attr-name\" title=\"Nom du produit\">Nom du produit :<\/span>Collier LED pour chien<\/dt>\n<\/dl>\n<dl class=\"do-entry-item\">\n<dt class=\"do-entry-item\"><span class=\"attr-name J-attr-name\" title=\"Couleur de la LED\">Couleur des LED :<\/span>Rouge, bleu, vert, jaune, blanc, rose, 4 couleurs fixes<\/dt>\n<\/dl>\n<dl class=\"do-entry-item\">\n<dt class=\"do-entry-item\"><span class=\"attr-name J-attr-name\" title=\"R\u00e9solution des LED\">R\u00e9solution LED :<\/span>12*48 points<\/dt>\n<\/dl>\n<dl class=\"do-entry-item\">\n<dt class=\"do-entry-item\"><span class=\"attr-name J-attr-name\" title=\"Taille de l&#039;\u00e9cran\">Taille de l'\u00e9cran :<\/span>L155mm x H32mm<\/dt>\n<\/dl>\n<dl class=\"do-entry-item\">\n<dt class=\"do-entry-item\"><span class=\"attr-name J-attr-name\" title=\"Taille du collier\">Taille du collier :<\/span>180-240 mm r\u00e9glable<\/dt>\n<\/dl>\n<dl class=\"do-entry-item\">\n<dt class=\"do-entry-item\"><span class=\"attr-name J-attr-name\" title=\"Contr\u00f4le des LED\">Contr\u00f4le des LED :<\/span>Application pour t\u00e9l\u00e9phone sans fil<\/dt>\n<\/dl>\n<dl class=\"do-entry-item\">\n<dt class=\"do-entry-item\"><span class=\"attr-name J-attr-name\" title=\"Puissance\">Puissance :<\/span>Batterie rechargeable USB<\/dt>\n<\/dl>\n<dl class=\"do-entry-item\">\n<dt class=\"do-entry-item\"><span class=\"attr-name J-attr-name\" title=\"Logo\">Logo :<\/span>Logo de marque personnalis\u00e9<\/dt>\n<\/dl>\n<dl class=\"do-entry-item\" data-spm-anchor-id=\"a2700.details.0.i30.58b42113aluxy6\">\n<dt class=\"do-entry-item\"><span class=\"attr-name J-attr-name\" title=\"Temps d&#039;\u00e9chantillonnage\">Dur\u00e9e de l'\u00e9chantillon :<\/span>1-3 jours<\/dt>\n<\/dl>\n<dl class=\"do-entry-item\" data-spm-anchor-id=\"a2700.details.0.i31.58b42113aluxy6\">\n<dt class=\"do-entry-item\"><span class=\"attr-name J-attr-name\" title=\"Certificat\">Certificat :<\/span>CE ROHS<\/dt>\n<\/dl>","protected":false},"featured_media":3641,"comment_status":"open","ping_status":"closed","template":"","meta":{"themepark_post_bcolor":"#f5f5f5","themepark_post_width":"1022px","themepark_post_img":"","themepark_post_img_po":"left","themepark_post_img_re":false,"themepark_post_img_cover":false,"themepark_post_img_fixed":false,"themepark_post_hide_title":false,"themepark_post_main_b":"","themepark_post_main_p":100,"themepark_paddingblock":false},"product_brand":[],"product_cat":[112],"product_tag":[],"class_list":{"0":"post-3544","1":"product","2":"type-product","3":"status-publish","4":"has-post-thumbnail","6":"product_cat-led-gift","8":"first","9":"instock","10":"shipping-taxable","11":"purchasable","12":"product-type-simple"},"_links":{"self":[{"href":"https:\/\/www.tbdled.com\/fr\/wp-json\/wp\/v2\/product\/3544","targetHints":{"allow":["GET"]}}],"collection":[{"href":"https:\/\/www.tbdled.com\/fr\/wp-json\/wp\/v2\/product"}],"about":[{"href":"https:\/\/www.tbdled.com\/fr\/wp-json\/wp\/v2\/types\/product"}],"replies":[{"embeddable":true,"href":"https:\/\/www.tbdled.com\/fr\/wp-json\/wp\/v2\/comments?post=3544"}],"wp:featuredmedia":[{"embeddable":true,"href":"https:\/\/www.tbdled.com\/fr\/wp-json\/wp\/v2\/media\/3641"}],"wp:attachment":[{"href":"https:\/\/www.tbdled.com\/fr\/wp-json\/wp\/v2\/media?parent=3544"}],"wp:term":[{"taxonomy":"product_brand","embeddable":true,"href":"https:\/\/www.tbdled.com\/fr\/wp-json\/wp\/v2\/product_brand?post=3544"},{"taxonomy":"product_cat","embeddable":true,"href":"https:\/\/www.tbdled.com\/fr\/wp-json\/wp\/v2\/product_cat?post=3544"},{"taxonomy":"product_tag","embeddable":true,"href":"https:\/\/www.tbdled.com\/fr\/wp-json\/wp\/v2\/product_tag?post=3544"}],"curies":[{"name":"wp","href":"https:\/\/api.w.org\/{rel}","templated":true}]}}