{"id":3570,"date":"2025-07-04T09:31:45","date_gmt":"2025-07-04T01:31:45","guid":{"rendered":"http:\/\/47.251.108.7\/?post_type=product&#038;p=3570"},"modified":"2025-10-28T17:14:04","modified_gmt":"2025-10-28T09:14:04","slug":"bike-tail-light-led-rear-bike-light-usb-rechargeable-smart-bicycle-taillight-waterproof-led-lamp-safety-light","status":"publish","type":"product","link":"https:\/\/www.tbdled.com\/fr\/produit\/feu-arriere-de-velo-led-feu-arriere-de-velo-usb-rechargeable-intelligent-feu-arriere-de-velo-led-etanche-feu-de-securite","title":{"rendered":"Feu arri\u00e8re de v\u00e9lo LED Feu arri\u00e8re de v\u00e9lo USB Rechargeable Smart Taillight de v\u00e9lo Lampe LED \u00e9tanche Lumi\u00e8re de s\u00e9curit\u00e9"},"content":{"rendered":"<p><img loading=\"lazy\" decoding=\"async\" class=\"aligncenter size-full wp-image-2319\" src=\"https:\/\/www.iledshow.com\/wp-content\/uploads\/2023\/07\/\u82f1\u6587\u8be6\u60c5\u9875_01.jpg\" alt=\"\" width=\"790\" height=\"1503\" \/> <img loading=\"lazy\" decoding=\"async\" class=\"aligncenter size-full wp-image-2320\" src=\"https:\/\/www.iledshow.com\/wp-content\/uploads\/2023\/07\/\u82f1\u6587\u8be6\u60c5\u9875_02.jpg\" alt=\"\" width=\"790\" height=\"682\" \/> <img loading=\"lazy\" decoding=\"async\" class=\"aligncenter size-full wp-image-2321\" src=\"https:\/\/www.iledshow.com\/wp-content\/uploads\/2023\/07\/\u82f1\u6587\u8be6\u60c5\u9875_03.jpg\" alt=\"\" width=\"790\" height=\"835\" \/> <img loading=\"lazy\" decoding=\"async\" class=\"aligncenter size-full wp-image-2322\" src=\"https:\/\/www.iledshow.com\/wp-content\/uploads\/2023\/07\/\u82f1\u6587\u8be6\u60c5\u9875_04.jpg\" alt=\"\" width=\"790\" height=\"804\" \/> <img loading=\"lazy\" decoding=\"async\" class=\"aligncenter size-full wp-image-2323\" src=\"https:\/\/www.iledshow.com\/wp-content\/uploads\/2023\/07\/\u82f1\u6587\u8be6\u60c5\u9875_05.jpg\" alt=\"\" width=\"790\" height=\"786\" \/> <img loading=\"lazy\" decoding=\"async\" class=\"aligncenter size-full wp-image-2324\" src=\"https:\/\/www.iledshow.com\/wp-content\/uploads\/2023\/07\/\u82f1\u6587\u8be6\u60c5\u9875_06.jpg\" alt=\"\" width=\"790\" height=\"1329\" \/> <img loading=\"lazy\" decoding=\"async\" class=\"aligncenter size-full wp-image-2325\" src=\"https:\/\/www.iledshow.com\/wp-content\/uploads\/2023\/07\/\u82f1\u6587\u8be6\u60c5\u9875_07.jpg\" alt=\"\" width=\"790\" height=\"1066\" \/> <img loading=\"lazy\" decoding=\"async\" class=\"aligncenter size-full wp-image-2326\" src=\"https:\/\/www.iledshow.com\/wp-content\/uploads\/2023\/07\/\u82f1\u6587\u8be6\u60c5\u9875_08.jpg\" alt=\"\" width=\"790\" height=\"1185\" \/> <img loading=\"lazy\" decoding=\"async\" class=\"aligncenter size-full wp-image-2327\" src=\"https:\/\/www.iledshow.com\/wp-content\/uploads\/2023\/07\/\u82f1\u6587\u8be6\u60c5\u9875_09.jpg\" alt=\"\" width=\"790\" height=\"990\" \/> <img loading=\"lazy\" decoding=\"async\" class=\"aligncenter size-full wp-image-2328\" src=\"https:\/\/www.iledshow.com\/wp-content\/uploads\/2023\/07\/\u82f1\u6587\u8be6\u60c5\u9875_10.jpg\" alt=\"\" width=\"790\" height=\"908\" \/> <img loading=\"lazy\" decoding=\"async\" class=\"aligncenter size-full wp-image-2329\" src=\"https:\/\/www.iledshow.com\/wp-content\/uploads\/2023\/07\/\u82f1\u6587\u8be6\u60c5\u9875_11.jpg\" alt=\"\" width=\"790\" height=\"967\" \/> <img loading=\"lazy\" decoding=\"async\" class=\"aligncenter size-full wp-image-2330\" src=\"https:\/\/www.iledshow.com\/wp-content\/uploads\/2023\/07\/\u82f1\u6587\u8be6\u60c5\u9875_12.jpg\" alt=\"\" width=\"790\" height=\"1242\" \/> <img loading=\"lazy\" decoding=\"async\" class=\"aligncenter size-full wp-image-2331\" src=\"https:\/\/www.iledshow.com\/wp-content\/uploads\/2023\/07\/\u82f1\u6587\u8be6\u60c5\u9875_13.jpg\" alt=\"\" width=\"790\" height=\"816\" \/> <img loading=\"lazy\" decoding=\"async\" class=\"aligncenter size-full wp-image-2332\" src=\"https:\/\/www.iledshow.com\/wp-content\/uploads\/2023\/07\/\u82f1\u8be6\u60c5\u9875_1311.jpg\" alt=\"\" width=\"750\" height=\"683\" \/> <img loading=\"lazy\" decoding=\"async\" class=\"aligncenter size-full wp-image-2333\" src=\"https:\/\/www.iledshow.com\/wp-content\/uploads\/2023\/07\/\u82f1\u8be6\u60c5\u9875_1411.jpg\" alt=\"\" width=\"750\" height=\"649\" \/><\/p>\n<p><img loading=\"lazy\" decoding=\"async\" class=\"aligncenter size-full wp-image-2318\" src=\"https:\/\/www.iledshow.com\/wp-content\/uploads\/2023\/07\/\u82f1\u8be6\u60c5\u9875_1511.jpg\" alt=\"\" width=\"750\" height=\"680\" \/><\/p>","protected":false},"excerpt":{"rendered":"<dl class=\"do-entry-item\">\n<dt class=\"do-entry-item\"><span class=\"attr-name J-attr-name\" title=\"Application\" data-spm-anchor-id=\"a2700.details.0.i31.b1795b29u6Wbhs\">Application :<\/span>Panneau publicitaire lumineux pour bicyclette\/moto\/voiture, affichage publicitaire lumineux pour bicyclette, moto et voiture<\/dt>\n<\/dl>\n<dl class=\"do-entry-item\">\n<dt class=\"do-entry-item\"><span class=\"attr-name J-attr-name\" title=\"Type\">Type :<\/span>LED<\/dt>\n<\/dl>\n<dl class=\"do-entry-item\">\n<dt class=\"do-entry-item\"><span class=\"attr-name J-attr-name\" title=\"Couleur\">Couleur :<\/span>couleur rgb<\/dt>\n<\/dl>\n<dl class=\"do-entry-item\">\n<dt class=\"do-entry-item\"><span class=\"attr-name J-attr-name\" title=\"Taille du panneau\">Taille du panneau :<\/span>10,7*10,7 cm<\/dt>\n<\/dl>\n<dl class=\"do-entry-item\">\n<dt class=\"do-entry-item\"><span class=\"attr-name J-attr-name\" title=\"Type de fournisseur\">Type de fournisseur :<\/span>Fabricant original, ODM, OEM<\/dt>\n<\/dl>\n<dl class=\"do-entry-item\">\n<dt class=\"do-entry-item\"><span class=\"attr-name J-attr-name\" title=\"M\u00e9dias disponibles\">M\u00e9dias disponibles :<\/span>Fiche technique, Photo<\/dt>\n<\/dl>\n<dl class=\"do-entry-item\">\n<dt class=\"do-entry-item\"><span class=\"attr-name J-attr-name\" title=\"Lieu d&#039;origine\">Lieu d'origine :<\/span>Guangdong, Chine<\/dt>\n<\/dl>\n<dl class=\"do-entry-item\">\n<dt class=\"do-entry-item\"><span class=\"attr-name J-attr-name\" title=\"Num\u00e9ro de mod\u00e8le\">Num\u00e9ro de mod\u00e8le :<\/span>BK3232<\/dt>\n<\/dl>\n<dl class=\"do-entry-item\">\n<dt class=\"do-entry-item\"><span class=\"attr-name J-attr-name\" title=\"Nom de la marque\">Nom de marque :<\/span>ILEDSHOW<\/dt>\n<\/dl>\n<dl class=\"do-entry-item\">\n<dt class=\"do-entry-item\"><span class=\"attr-name J-attr-name\" title=\"utiliser\">Utiliser :<\/span>publication publicitaire, magasin de d\u00e9tail, centre commercial, hall d'exposition, a\u00e9roport, m\u00e9tro, ascenseur<\/dt>\n<\/dl>\n<dl class=\"do-entry-item\">\n<dt class=\"do-entry-item\"><span class=\"attr-name J-attr-name\" title=\"Hauteur du pixel\">Hauteur du pixel :<\/span>4mm<\/dt>\n<\/dl>\n<dl class=\"do-entry-item\">\n<dt class=\"do-entry-item\"><span class=\"attr-name J-attr-name\" title=\"Sp\u00e9cifications\">Sp\u00e9cification :<\/span>programmable par application<\/dt>\n<\/dl>\n<dl class=\"do-entry-item\">\n<dt class=\"do-entry-item\"><span class=\"attr-name J-attr-name\" title=\"densit\u00e9 de pixels\">densit\u00e9 de pixels :<\/span>32*32 points<\/dt>\n<\/dl>\n<dl class=\"do-entry-item\">\n<dt class=\"do-entry-item\"><span class=\"attr-name J-attr-name\" title=\"Code SH\">Code HS :<\/span>85312000<\/dt>\n<\/dl>\n<dl class=\"do-entry-item\">\n<dt class=\"do-entry-item\"><span class=\"attr-name J-attr-name\" title=\"R\u00e9solution\">R\u00e9solution :<\/span>32*32 pixels<\/dt>\n<\/dl>\n<dl class=\"do-entry-item\">\n<dt class=\"do-entry-item\"><span class=\"attr-name J-attr-name\" title=\"Nom du produit\">Nom du produit :<\/span>affichage \u00e9lectronique des feux de bicyclette \u00e0 diodes \u00e9lectroluminescentes<\/dt>\n<\/dl>\n<dl class=\"do-entry-item\">\n<dt class=\"do-entry-item\"><span class=\"attr-name J-attr-name\" title=\"R\u00e9solution des LED\">R\u00e9solution LED :<\/span>32*32 points<\/dt>\n<\/dl>\n<dl class=\"do-entry-item\">\n<dt class=\"do-entry-item\"><span class=\"attr-name J-attr-name\" title=\"couleur de la led\">couleur de la led :<\/span>Couleur RVB<\/dt>\n<\/dl>\n<dl class=\"do-entry-item\">\n<dt class=\"do-entry-item\"><span class=\"attr-name J-attr-name\" title=\"Contr\u00f4le des LED\">Contr\u00f4le des LED :<\/span>Application pour t\u00e9l\u00e9phone sans fil + T\u00e9l\u00e9commande<\/dt>\n<\/dl>\n<dl class=\"do-entry-item\">\n<dt class=\"do-entry-item\"><span class=\"attr-name J-attr-name\" title=\"Taille de la LED\">Taille de la LED :<\/span>105*105 mm<\/dt>\n<\/dl>\n<dl class=\"do-entry-item\">\n<dt class=\"do-entry-item\"><span class=\"attr-name J-attr-name\" title=\"Tension\">Tension :<\/span>DC5V<\/dt>\n<\/dl>\n<dl class=\"do-entry-item\">\n<dt class=\"do-entry-item\"><span class=\"attr-name J-attr-name\" title=\"Alimentation \u00e9lectrique\">Alimentation \u00e9lectrique :<\/span>batterie rechargeable \u00e0 l'int\u00e9rieur<\/dt>\n<\/dl>\n<dl class=\"do-entry-item\">\n<dt class=\"do-entry-item\"><span class=\"attr-name J-attr-name\" title=\"Mat\u00e9riau\">Mat\u00e9riau :<\/span>Bo\u00eetier en aluminium + panneau en verre tremp\u00e9<\/dt>\n<\/dl>\n<dl class=\"do-entry-item\" data-spm-anchor-id=\"a2700.details.0.i29.b1795b29u6Wbhs\">\n<dt class=\"do-entry-item\"><span class=\"attr-name J-attr-name\" title=\"Garantie\">Garantie :<\/span>1 an \/ 12 mois<\/dt>\n<\/dl>","protected":false},"featured_media":3698,"comment_status":"open","ping_status":"closed","template":"","meta":{"themepark_post_bcolor":"#f5f5f5","themepark_post_width":"1022px","themepark_post_img":"","themepark_post_img_po":"left","themepark_post_img_re":false,"themepark_post_img_cover":false,"themepark_post_img_fixed":false,"themepark_post_hide_title":false,"themepark_post_main_b":"","themepark_post_main_p":100,"themepark_paddingblock":false},"product_brand":[],"product_cat":[109],"product_tag":[],"class_list":{"0":"post-3570","1":"product","2":"type-product","3":"status-publish","4":"has-post-thumbnail","6":"product_cat-led-bike-light","8":"first","9":"instock","10":"shipping-taxable","11":"purchasable","12":"product-type-simple"},"_links":{"self":[{"href":"https:\/\/www.tbdled.com\/fr\/wp-json\/wp\/v2\/product\/3570","targetHints":{"allow":["GET"]}}],"collection":[{"href":"https:\/\/www.tbdled.com\/fr\/wp-json\/wp\/v2\/product"}],"about":[{"href":"https:\/\/www.tbdled.com\/fr\/wp-json\/wp\/v2\/types\/product"}],"replies":[{"embeddable":true,"href":"https:\/\/www.tbdled.com\/fr\/wp-json\/wp\/v2\/comments?post=3570"}],"wp:featuredmedia":[{"embeddable":true,"href":"https:\/\/www.tbdled.com\/fr\/wp-json\/wp\/v2\/media\/3698"}],"wp:attachment":[{"href":"https:\/\/www.tbdled.com\/fr\/wp-json\/wp\/v2\/media?parent=3570"}],"wp:term":[{"taxonomy":"product_brand","embeddable":true,"href":"https:\/\/www.tbdled.com\/fr\/wp-json\/wp\/v2\/product_brand?post=3570"},{"taxonomy":"product_cat","embeddable":true,"href":"https:\/\/www.tbdled.com\/fr\/wp-json\/wp\/v2\/product_cat?post=3570"},{"taxonomy":"product_tag","embeddable":true,"href":"https:\/\/www.tbdled.com\/fr\/wp-json\/wp\/v2\/product_tag?post=3570"}],"curies":[{"name":"wp","href":"https:\/\/api.w.org\/{rel}","templated":true}]}}