{"id":3678,"date":"2025-07-04T10:17:46","date_gmt":"2025-07-04T02:17:46","guid":{"rendered":"http:\/\/47.251.108.7\/?post_type=product&#038;p=3678"},"modified":"2025-10-30T10:50:45","modified_gmt":"2025-10-30T02:50:45","slug":"custom-usb-mini-programmable-moving-message-advertising-sign-app-controlled-led-display-screen-for-taxi-car","status":"publish","type":"product","link":"https:\/\/www.tbdled.com\/fr\/produit\/panneau-publicitaire-a-message-mobile-programmable-pour-voiture-taxi","title":{"rendered":"Panneau publicitaire \u00e0 message mobile programmable USB personnalis\u00e9 \u00c9cran d'affichage \u00e0 diodes \u00e9lectroluminescentes contr\u00f4l\u00e9 par application pour voiture taxi"},"content":{"rendered":"<p><img loading=\"lazy\" decoding=\"async\" class=\"aligncenter size-full wp-image-2543\" src=\"https:\/\/www.iledshow.com\/wp-content\/uploads\/2024\/03\/\u8be6\u60c5\u9875ying_01.jpg\" alt=\"\" width=\"750\" height=\"1308\" \/> <img loading=\"lazy\" decoding=\"async\" class=\"aligncenter size-full wp-image-2544\" src=\"https:\/\/www.iledshow.com\/wp-content\/uploads\/2024\/03\/\u8be6\u60c5\u9875ying_02.jpg\" alt=\"\" width=\"750\" height=\"813\" \/> <img loading=\"lazy\" decoding=\"async\" class=\"aligncenter size-full wp-image-2545\" src=\"https:\/\/www.iledshow.com\/wp-content\/uploads\/2024\/03\/\u8be6\u60c5\u9875ying_03.jpg\" alt=\"\" width=\"750\" height=\"509\" \/> <img loading=\"lazy\" decoding=\"async\" class=\"aligncenter size-full wp-image-2546\" src=\"https:\/\/www.iledshow.com\/wp-content\/uploads\/2024\/03\/\u8be6\u60c5\u9875ying_04.jpg\" alt=\"\" width=\"750\" height=\"1037\" \/> <img loading=\"lazy\" decoding=\"async\" class=\"aligncenter size-full wp-image-2547\" src=\"https:\/\/www.iledshow.com\/wp-content\/uploads\/2024\/03\/\u8be6\u60c5\u9875ying_05.jpg\" alt=\"\" width=\"750\" height=\"883\" \/> <img loading=\"lazy\" decoding=\"async\" class=\"aligncenter size-full wp-image-2548\" src=\"https:\/\/www.iledshow.com\/wp-content\/uploads\/2024\/03\/\u8be6\u60c5\u9875ying_06.jpg\" alt=\"\" width=\"750\" height=\"1218\" \/> <img loading=\"lazy\" decoding=\"async\" class=\"aligncenter size-full wp-image-2549\" src=\"https:\/\/www.iledshow.com\/wp-content\/uploads\/2024\/03\/\u8be6\u60c5\u9875ying_07.jpg\" alt=\"\" width=\"750\" height=\"915\" \/> <img loading=\"lazy\" decoding=\"async\" class=\"aligncenter size-full wp-image-2550\" src=\"https:\/\/www.iledshow.com\/wp-content\/uploads\/2024\/03\/\u8be6\u60c5\u9875ying_08.jpg\" alt=\"\" width=\"750\" height=\"897\" \/> <img loading=\"lazy\" decoding=\"async\" class=\"aligncenter size-full wp-image-2551\" src=\"https:\/\/www.iledshow.com\/wp-content\/uploads\/2024\/03\/\u8be6\u60c5\u9875ying_09.jpg\" alt=\"\" width=\"750\" height=\"658\" \/> <img loading=\"lazy\" decoding=\"async\" class=\"aligncenter size-full wp-image-2552\" src=\"https:\/\/www.iledshow.com\/wp-content\/uploads\/2024\/03\/\u8be6\u60c5\u9875ying_10.jpg\" alt=\"\" width=\"750\" height=\"930\" \/> <img loading=\"lazy\" decoding=\"async\" class=\"aligncenter size-full wp-image-2553\" src=\"https:\/\/www.iledshow.com\/wp-content\/uploads\/2024\/03\/\u8be6\u60c5\u9875ying_11.jpg\" alt=\"\" width=\"750\" height=\"1044\" \/> <img loading=\"lazy\" decoding=\"async\" class=\"aligncenter size-full wp-image-2554\" src=\"https:\/\/www.iledshow.com\/wp-content\/uploads\/2024\/03\/\u8be6\u60c5\u9875ying_12.jpg\" alt=\"\" width=\"750\" height=\"797\" \/> <img loading=\"lazy\" decoding=\"async\" class=\"aligncenter size-full wp-image-2555\" src=\"https:\/\/www.iledshow.com\/wp-content\/uploads\/2024\/03\/\u8be6\u60c5\u9875ying_13.jpg\" alt=\"\" width=\"750\" height=\"642\" \/> <img loading=\"lazy\" decoding=\"async\" class=\"aligncenter size-full wp-image-2556\" src=\"https:\/\/www.iledshow.com\/wp-content\/uploads\/2024\/03\/\u8be6\u60c5\u9875ying_14.jpg\" alt=\"\" width=\"750\" height=\"763\" \/><\/p>","protected":false},"excerpt":{"rendered":"<dl class=\"do-entry-item\">\n<dt class=\"do-entry-item\"><span class=\"attr-name J-attr-name\" title=\"Application\" data-spm-anchor-id=\"a2700.details.0.i31.6be16425oHTyyJ\">Application :<\/span>Int\u00e9rieur<\/dt>\n<\/dl>\n<dl class=\"do-entry-item\">\n<dt class=\"do-entry-item\"><span class=\"attr-name J-attr-name\" title=\"Type\">Type :<\/span>LED<\/dt>\n<\/dl>\n<dl class=\"do-entry-item\">\n<dt class=\"do-entry-item\"><span class=\"attr-name J-attr-name\" title=\"Taille du panneau\">Taille du panneau :<\/span>230*50*10 mm, 230*50*10 mm<\/dt>\n<\/dl>\n<dl class=\"do-entry-item\">\n<dt class=\"do-entry-item\"><span class=\"attr-name J-attr-name\" title=\"Type de fournisseur\">Type de fournisseur :<\/span>Fabricant original, ODM, OEM<\/dt>\n<\/dl>\n<dl class=\"do-entry-item\">\n<dt class=\"do-entry-item\"><span class=\"attr-name J-attr-name\" title=\"Lieu d&#039;origine\">Lieu d'origine :<\/span>Guangdong, Chine<\/dt>\n<\/dl>\n<dl class=\"do-entry-item\">\n<dt class=\"do-entry-item\"><span class=\"attr-name J-attr-name\" title=\"Num\u00e9ro de mod\u00e8le\">Num\u00e9ro de mod\u00e8le :<\/span>Z1272RGB<\/dt>\n<\/dl>\n<dl class=\"do-entry-item\">\n<dt class=\"do-entry-item\"><span class=\"attr-name J-attr-name\" title=\"Nom de la marque\">Nom de marque :<\/span>iledshow<\/dt>\n<\/dl>\n<dl class=\"do-entry-item\">\n<dt class=\"do-entry-item\"><span class=\"attr-name J-attr-name\" title=\"utiliser\">Utiliser :<\/span>publication publicitaire, magasin de d\u00e9tail, centre commercial, hall d'exposition, a\u00e9roport, m\u00e9tro<\/dt>\n<\/dl>\n<dl class=\"do-entry-item\">\n<dt class=\"do-entry-item\"><span class=\"attr-name J-attr-name\" title=\"Hauteur du pixel\">Hauteur du pixel :<\/span>2mm<\/dt>\n<\/dl>\n<dl class=\"do-entry-item\">\n<dt class=\"do-entry-item\"><span class=\"attr-name J-attr-name\" title=\"Sp\u00e9cifications\">Sp\u00e9cification :<\/span>RVB<\/dt>\n<\/dl>\n<dl class=\"do-entry-item\">\n<dt class=\"do-entry-item\"><span class=\"attr-name J-attr-name\" title=\"Code SH\">Code HS :<\/span>85312000<\/dt>\n<\/dl>\n<dl class=\"do-entry-item\">\n<dt class=\"do-entry-item\"><span class=\"attr-name J-attr-name\" title=\"R\u00e9solution\">R\u00e9solution :<\/span>12*72 PIXELS<\/dt>\n<\/dl>\n<dl class=\"do-entry-item\">\n<dt class=\"do-entry-item\"><span class=\"attr-name J-attr-name\" title=\"Nom du produit\">Nom du produit :<\/span>Panneau d'affichage pour voiture \u00e0 diodes \u00e9lectroluminescentes<\/dt>\n<\/dl>\n<dl class=\"do-entry-item\">\n<dt class=\"do-entry-item\"><span class=\"attr-name J-attr-name\" title=\"Couleur de la LED\">Couleur des LED :<\/span>Option de DEL de couleur rouge, bleue, verte, jaune et blanche<\/dt>\n<\/dl>\n<dl class=\"do-entry-item\">\n<dt class=\"do-entry-item\"><span class=\"attr-name J-attr-name\" title=\"R\u00e9solution des LED\">R\u00e9solution LED :<\/span>12*72 pixels<\/dt>\n<\/dl>\n<dl class=\"do-entry-item\">\n<dt class=\"do-entry-item\"><span class=\"attr-name J-attr-name\" title=\"Taille du produit\">Taille du produit :<\/span>23*5*1 cm<\/dt>\n<\/dl>\n<dl class=\"do-entry-item\">\n<dt class=\"do-entry-item\"><span class=\"attr-name J-attr-name\" title=\"Tension\">Tension :<\/span>DC5V<\/dt>\n<\/dl>\n<dl class=\"do-entry-item\">\n<dt class=\"do-entry-item\"><span class=\"attr-name J-attr-name\" title=\"Utilisation\">Utilisation :<\/span>Panneau d'affichage \u00e0 led pour la publicit\u00e9 sur les voitures<\/dt>\n<\/dl>\n<dl class=\"do-entry-item\">\n<dt class=\"do-entry-item\"><span class=\"attr-name J-attr-name\" title=\"Contr\u00f4le des LED\">Contr\u00f4le des LED :<\/span>Application pour t\u00e9l\u00e9phone sans fil<\/dt>\n<\/dl>\n<dl class=\"do-entry-item\">\n<dt class=\"do-entry-item\"><span class=\"attr-name J-attr-name\" title=\"Fonction d&#039;affichage\">Fonction d'affichage :<\/span>Message de d\u00e9m\u00e9nagement<\/dt>\n<\/dl>\n<dl class=\"do-entry-item\" data-spm-anchor-id=\"a2700.details.0.i28.6be16425oHTyyJ\">\n<dt class=\"do-entry-item\"><span class=\"attr-name J-attr-name\" title=\"Certificat\">Certificat :<\/span>CE ROHS<\/dt>\n<\/dl>\n<dl class=\"do-entry-item\" data-spm-anchor-id=\"a2700.details.0.i30.6be16425oHTyyJ\">\n<dt class=\"do-entry-item\"><span class=\"attr-name J-attr-name\" title=\"Garantie\">Garantie :<\/span>1 an<\/dt>\n<\/dl>","protected":false},"featured_media":3804,"comment_status":"open","ping_status":"closed","template":"","meta":{"themepark_post_bcolor":"#f5f5f5","themepark_post_width":"1022px","themepark_post_img":"","themepark_post_img_po":"left","themepark_post_img_re":false,"themepark_post_img_cover":false,"themepark_post_img_fixed":false,"themepark_post_hide_title":false,"themepark_post_main_b":"","themepark_post_main_p":100,"themepark_paddingblock":false},"product_brand":[],"product_cat":[116],"product_tag":[],"class_list":{"0":"post-3678","1":"product","2":"type-product","3":"status-publish","4":"has-post-thumbnail","6":"product_cat-led-advertising-screen-warning-screen","8":"first","9":"instock","10":"shipping-taxable","11":"purchasable","12":"product-type-simple"},"_links":{"self":[{"href":"https:\/\/www.tbdled.com\/fr\/wp-json\/wp\/v2\/product\/3678","targetHints":{"allow":["GET"]}}],"collection":[{"href":"https:\/\/www.tbdled.com\/fr\/wp-json\/wp\/v2\/product"}],"about":[{"href":"https:\/\/www.tbdled.com\/fr\/wp-json\/wp\/v2\/types\/product"}],"replies":[{"embeddable":true,"href":"https:\/\/www.tbdled.com\/fr\/wp-json\/wp\/v2\/comments?post=3678"}],"wp:featuredmedia":[{"embeddable":true,"href":"https:\/\/www.tbdled.com\/fr\/wp-json\/wp\/v2\/media\/3804"}],"wp:attachment":[{"href":"https:\/\/www.tbdled.com\/fr\/wp-json\/wp\/v2\/media?parent=3678"}],"wp:term":[{"taxonomy":"product_brand","embeddable":true,"href":"https:\/\/www.tbdled.com\/fr\/wp-json\/wp\/v2\/product_brand?post=3678"},{"taxonomy":"product_cat","embeddable":true,"href":"https:\/\/www.tbdled.com\/fr\/wp-json\/wp\/v2\/product_cat?post=3678"},{"taxonomy":"product_tag","embeddable":true,"href":"https:\/\/www.tbdled.com\/fr\/wp-json\/wp\/v2\/product_tag?post=3678"}],"curies":[{"name":"wp","href":"https:\/\/api.w.org\/{rel}","templated":true}]}}