{"id":3831,"date":"2025-07-04T14:42:23","date_gmt":"2025-07-04T06:42:23","guid":{"rendered":"http:\/\/47.251.108.7\/?post_type=product&#038;p=3831"},"modified":"2025-07-07T16:27:07","modified_gmt":"2025-07-07T08:27:07","slug":"unisex-casual-backpack-with-full-color-display-outdoor-sports-led-backpack-app-programmable-led-backpack-for-hiking-riding-2","status":"publish","type":"product","link":"https:\/\/www.tbdled.com\/fr\/produit\/sac-a-dos-casual-unisexe-avec-affichage-couleur-sac-a-dos-sport-exterieur-a-led-app-programmable-sac-a-dos-a-led-pour-randonnee-2","title":{"rendered":"Sac \u00e0 dos d\u00e9contract\u00e9 unisexe avec affichage en couleur, sac \u00e0 dos \u00e0 LED pour le sport en ext\u00e9rieur, sac \u00e0 dos \u00e0 LED programmable par APP pour la randonn\u00e9e et l'\u00e9quitation"},"content":{"rendered":"<p>&nbsp;<\/p>\n<p><img loading=\"lazy\" decoding=\"async\" class=\"aligncenter size-full wp-image-2099\" src=\"https:\/\/www.iledshow.com\/wp-content\/uploads\/2023\/11\/\u82f1\u8be6\u60c5\u9875_01.jpg\" alt=\"\" width=\"750\" height=\"1039\" \/> <img loading=\"lazy\" decoding=\"async\" class=\"aligncenter size-full wp-image-2100\" src=\"https:\/\/www.iledshow.com\/wp-content\/uploads\/2023\/11\/\u82f1\u8be6\u60c5\u9875_02.jpg\" alt=\"\" width=\"750\" height=\"602\" \/> <img loading=\"lazy\" decoding=\"async\" class=\"aligncenter size-full wp-image-2101\" src=\"https:\/\/www.iledshow.com\/wp-content\/uploads\/2023\/11\/\u82f1\u8be6\u60c5\u9875_03.jpg\" alt=\"\" width=\"750\" height=\"1123\" \/> <img loading=\"lazy\" decoding=\"async\" class=\"aligncenter size-full wp-image-2102\" src=\"https:\/\/www.iledshow.com\/wp-content\/uploads\/2023\/11\/\u82f1\u8be6\u60c5\u9875_04.jpg\" alt=\"\" width=\"750\" height=\"1131\" \/> <img loading=\"lazy\" decoding=\"async\" class=\"aligncenter size-full wp-image-2103\" src=\"https:\/\/www.iledshow.com\/wp-content\/uploads\/2023\/11\/\u82f1\u8be6\u60c5\u9875_05.jpg\" alt=\"\" width=\"750\" height=\"1125\" \/> <img loading=\"lazy\" decoding=\"async\" class=\"aligncenter size-full wp-image-2104\" src=\"https:\/\/www.iledshow.com\/wp-content\/uploads\/2023\/11\/\u82f1\u8be6\u60c5\u9875_06.jpg\" alt=\"\" width=\"750\" height=\"1614\" \/> <img loading=\"lazy\" decoding=\"async\" class=\"aligncenter size-full wp-image-2105\" src=\"https:\/\/www.iledshow.com\/wp-content\/uploads\/2023\/11\/\u82f1\u8be6\u60c5\u9875_07.jpg\" alt=\"\" width=\"750\" height=\"793\" \/> <img loading=\"lazy\" decoding=\"async\" class=\"aligncenter size-full wp-image-2106\" src=\"https:\/\/www.iledshow.com\/wp-content\/uploads\/2023\/11\/\u82f1\u8be6\u60c5\u9875_08.jpg\" alt=\"\" width=\"750\" height=\"1140\" \/> <img loading=\"lazy\" decoding=\"async\" class=\"aligncenter size-full wp-image-2107\" src=\"https:\/\/www.iledshow.com\/wp-content\/uploads\/2023\/11\/\u82f1\u8be6\u60c5\u9875_09.jpg\" alt=\"\" width=\"750\" height=\"782\" \/> <img loading=\"lazy\" decoding=\"async\" class=\"aligncenter size-full wp-image-2108\" src=\"https:\/\/www.iledshow.com\/wp-content\/uploads\/2023\/11\/\u82f1\u8be6\u60c5\u9875_10.jpg\" alt=\"\" width=\"750\" height=\"1232\" \/> <img loading=\"lazy\" decoding=\"async\" class=\"aligncenter size-full wp-image-2109\" src=\"https:\/\/www.iledshow.com\/wp-content\/uploads\/2023\/11\/\u82f1\u8be6\u60c5\u9875_11-1.jpg\" alt=\"\" width=\"750\" height=\"896\" \/> <img loading=\"lazy\" decoding=\"async\" class=\"aligncenter size-full wp-image-2110\" src=\"https:\/\/www.iledshow.com\/wp-content\/uploads\/2023\/11\/\u82f1\u8be6\u60c5\u9875_12-1.jpg\" alt=\"\" width=\"750\" height=\"1019\" \/> <img loading=\"lazy\" decoding=\"async\" class=\"aligncenter size-full wp-image-2111\" src=\"https:\/\/www.iledshow.com\/wp-content\/uploads\/2023\/11\/\u82f1\u8be6\u60c5\u9875_13.jpg\" alt=\"\" width=\"750\" height=\"683\" \/> <img loading=\"lazy\" decoding=\"async\" class=\"aligncenter size-full wp-image-2112\" src=\"https:\/\/www.iledshow.com\/wp-content\/uploads\/2023\/11\/\u82f1\u8be6\u60c5\u9875_14-1.jpg\" alt=\"\" width=\"750\" height=\"649\" \/> <img loading=\"lazy\" decoding=\"async\" class=\"aligncenter size-full wp-image-2113\" src=\"https:\/\/www.iledshow.com\/wp-content\/uploads\/2023\/11\/\u82f1\u8be6\u60c5\u9875_15-1.jpg\" alt=\"\" width=\"750\" height=\"680\" \/><\/p>","protected":false},"excerpt":{"rendered":"<div class=\"attribute-item\">\n<div class=\"left\" data-spm-anchor-id=\"a2700.details.0.i82.1a542fe3xzD7NG\">Lieu d'origine\uff1aGuangdong, Chine<\/div>\n<\/div>\n<div class=\"attribute-item\">\n<div class=\"left\">Nom de marque:ILEDSHOWW<\/div>\n<\/div>\n<div class=\"attribute-item\">\n<div class=\"left\">Type:Livre de poche<\/div>\n<\/div>\n<div class=\"attribute-item\">\n<div class=\"left\">Type de fermeture : fermeture \u00e0 glissi\u00e8re<\/div>\n<\/div>\n<div class=\"attribute-item\">\n<div class=\"left\">Int\u00e9rieur:Pochette \u00e0 fente int\u00e9rieure<\/div>\n<\/div>\n<div class=\"attribute-item\">\n<div class=\"left\">Syst\u00e8me de transport : bandouli\u00e8re Arcuate<\/div>\n<\/div>\n<div class=\"attribute-item\">\n<div class=\"left\">Type de poign\u00e9e\/sangle : Poign\u00e9e souple<\/div>\n<\/div>\n<div class=\"attribute-item\">\n<div class=\"left\">Mati\u00e8re de la doublure : Nylon<\/div>\n<\/div>\n<div class=\"attribute-item\">\n<div class=\"left\">Mati\u00e8re principale:Polyester<\/div>\n<\/div>\n<div class=\"attribute-item\">\n<div class=\"left\">Style:Fashion<\/div>\n<\/div>\n<div class=\"attribute-item\">\n<div class=\"left\">Nom du produit : sac \u00e0 dos \u00e0 led, sac \u00e0 dos de sport avec \u00e9cran rond<\/div>\n<\/div>\n<div class=\"attribute-item\">\n<div class=\"left\">Couleur du sac : noir<\/div>\n<\/div>\n<div class=\"attribute-item\">\n<div class=\"left\">Taille du sac : 41*35*10 cm<\/div>\n<\/div>\n<div class=\"attribute-item\">\n<div class=\"left\">Taille de l'\u00e9cran LED\uff1a225*225mm<\/div>\n<\/div>\n<div class=\"attribute-item\">\n<div class=\"left\">Couleur du texte\uff1aRGB full Color<\/div>\n<\/div>\n<div class=\"attribute-item\">\n<div class=\"left\">Mode de communication : sans fil, programmable par application<\/div>\n<\/div>\n<div class=\"attribute-item\">\n<div class=\"left\">Fonction d'affichage : texte, motif, animation, graffiti DIY<\/div>\n<\/div>\n<div class=\"attribute-item\">\n<div class=\"left\">LanguageZ:Plusieurs langues<\/div>\n<\/div>\n<div class=\"attribute-item\">\n<div class=\"left\">Accessoires : \u00e9cran avec port USB, manuel APP<\/div>\n<\/div>\n<div class=\"attribute-item\">\n<div class=\"left\">Alimentation : c\u00e2ble USB 5V<\/div>\n<\/div>","protected":false},"featured_media":3733,"comment_status":"open","ping_status":"closed","template":"","meta":{"themepark_post_bcolor":"#f5f5f5","themepark_post_width":"1022px","themepark_post_img":"","themepark_post_img_po":"left","themepark_post_img_re":false,"themepark_post_img_cover":false,"themepark_post_img_fixed":false,"themepark_post_hide_title":false,"themepark_post_main_b":"","themepark_post_main_p":100,"themepark_paddingblock":false},"product_brand":[],"product_cat":[27],"product_tag":[],"class_list":{"0":"post-3831","1":"product","2":"type-product","3":"status-publish","4":"has-post-thumbnail","6":"product_cat-led-backpack","8":"first","9":"instock","10":"shipping-taxable","11":"purchasable","12":"product-type-simple"},"_links":{"self":[{"href":"https:\/\/www.tbdled.com\/fr\/wp-json\/wp\/v2\/product\/3831","targetHints":{"allow":["GET"]}}],"collection":[{"href":"https:\/\/www.tbdled.com\/fr\/wp-json\/wp\/v2\/product"}],"about":[{"href":"https:\/\/www.tbdled.com\/fr\/wp-json\/wp\/v2\/types\/product"}],"replies":[{"embeddable":true,"href":"https:\/\/www.tbdled.com\/fr\/wp-json\/wp\/v2\/comments?post=3831"}],"wp:featuredmedia":[{"embeddable":true,"href":"https:\/\/www.tbdled.com\/fr\/wp-json\/wp\/v2\/media\/3733"}],"wp:attachment":[{"href":"https:\/\/www.tbdled.com\/fr\/wp-json\/wp\/v2\/media?parent=3831"}],"wp:term":[{"taxonomy":"product_brand","embeddable":true,"href":"https:\/\/www.tbdled.com\/fr\/wp-json\/wp\/v2\/product_brand?post=3831"},{"taxonomy":"product_cat","embeddable":true,"href":"https:\/\/www.tbdled.com\/fr\/wp-json\/wp\/v2\/product_cat?post=3831"},{"taxonomy":"product_tag","embeddable":true,"href":"https:\/\/www.tbdled.com\/fr\/wp-json\/wp\/v2\/product_tag?post=3831"}],"curies":[{"name":"wp","href":"https:\/\/api.w.org\/{rel}","templated":true}]}}