{"id":1612,"date":"2025-07-03T17:34:40","date_gmt":"2025-07-03T09:34:40","guid":{"rendered":"http:\/\/47.251.108.7\/?post_type=product&#038;p=1612"},"modified":"2025-10-28T17:16:09","modified_gmt":"2025-10-28T09:16:09","slug":"factory-price-led-flashing-light-up-hat-cap-app-control-moving-text-screen-baseball-led-cap-led-display-hat","status":"publish","type":"product","link":"https:\/\/www.tbdled.com\/pt\/produto\/preco-de-fabrica-led-piscando-luz-ate-bone-app-controle-de-texto-em-movimento-tela-de-beisebol-levou-bone-display-led-chapeu","title":{"rendered":"Pre\u00e7o de F\u00e1brica LED Piscando Luz at\u00e9 Chap\u00e9u APP Controle de Texto em Movimento Tela de Baseball LED Cap LED Display Hat"},"content":{"rendered":"<p><img loading=\"lazy\" decoding=\"async\" class=\"aligncenter size-full wp-image-1613\" src=\"https:\/\/www.tbdled.com\/wp-content\/uploads\/2025\/07\/\u82f1_01.jpg\" alt=\"\" width=\"790\" height=\"1309\" srcset=\"https:\/\/www.tbdled.com\/wp-content\/uploads\/2025\/07\/\u82f1_01.jpg 790w, https:\/\/www.tbdled.com\/wp-content\/uploads\/2025\/07\/\u82f1_01-181x300.jpg 181w, https:\/\/www.tbdled.com\/wp-content\/uploads\/2025\/07\/\u82f1_01-618x1024.jpg 618w, https:\/\/www.tbdled.com\/wp-content\/uploads\/2025\/07\/\u82f1_01-768x1273.jpg 768w, https:\/\/www.tbdled.com\/wp-content\/uploads\/2025\/07\/\u82f1_01-7x12.jpg 7w, https:\/\/www.tbdled.com\/wp-content\/uploads\/2025\/07\/\u82f1_01-600x994.jpg 600w\" sizes=\"auto, (max-width: 790px) 100vw, 790px\" \/> <img loading=\"lazy\" decoding=\"async\" class=\"aligncenter size-full wp-image-1614\" src=\"https:\/\/www.tbdled.com\/wp-content\/uploads\/2025\/07\/\u82f1_02.jpg\" alt=\"\" width=\"790\" height=\"1271\" srcset=\"https:\/\/www.tbdled.com\/wp-content\/uploads\/2025\/07\/\u82f1_02.jpg 790w, https:\/\/www.tbdled.com\/wp-content\/uploads\/2025\/07\/\u82f1_02-186x300.jpg 186w, https:\/\/www.tbdled.com\/wp-content\/uploads\/2025\/07\/\u82f1_02-636x1024.jpg 636w, https:\/\/www.tbdled.com\/wp-content\/uploads\/2025\/07\/\u82f1_02-768x1236.jpg 768w, https:\/\/www.tbdled.com\/wp-content\/uploads\/2025\/07\/\u82f1_02-7x12.jpg 7w, https:\/\/www.tbdled.com\/wp-content\/uploads\/2025\/07\/\u82f1_02-600x965.jpg 600w\" sizes=\"auto, (max-width: 790px) 100vw, 790px\" \/> <img loading=\"lazy\" decoding=\"async\" class=\"aligncenter size-full wp-image-1615\" src=\"https:\/\/www.tbdled.com\/wp-content\/uploads\/2025\/07\/\u82f1_03.jpg\" alt=\"\" width=\"790\" height=\"938\" srcset=\"https:\/\/www.tbdled.com\/wp-content\/uploads\/2025\/07\/\u82f1_03.jpg 790w, https:\/\/www.tbdled.com\/wp-content\/uploads\/2025\/07\/\u82f1_03-253x300.jpg 253w, https:\/\/www.tbdled.com\/wp-content\/uploads\/2025\/07\/\u82f1_03-768x912.jpg 768w, https:\/\/www.tbdled.com\/wp-content\/uploads\/2025\/07\/\u82f1_03-10x12.jpg 10w, https:\/\/www.tbdled.com\/wp-content\/uploads\/2025\/07\/\u82f1_03-600x712.jpg 600w\" sizes=\"auto, (max-width: 790px) 100vw, 790px\" \/> <img loading=\"lazy\" decoding=\"async\" class=\"aligncenter size-full wp-image-1616\" src=\"https:\/\/www.tbdled.com\/wp-content\/uploads\/2025\/07\/\u82f1_04.jpg\" alt=\"\" width=\"790\" height=\"1317\" srcset=\"https:\/\/www.tbdled.com\/wp-content\/uploads\/2025\/07\/\u82f1_04.jpg 790w, https:\/\/www.tbdled.com\/wp-content\/uploads\/2025\/07\/\u82f1_04-180x300.jpg 180w, https:\/\/www.tbdled.com\/wp-content\/uploads\/2025\/07\/\u82f1_04-614x1024.jpg 614w, https:\/\/www.tbdled.com\/wp-content\/uploads\/2025\/07\/\u82f1_04-768x1280.jpg 768w, https:\/\/www.tbdled.com\/wp-content\/uploads\/2025\/07\/\u82f1_04-7x12.jpg 7w, https:\/\/www.tbdled.com\/wp-content\/uploads\/2025\/07\/\u82f1_04-600x1000.jpg 600w\" sizes=\"auto, (max-width: 790px) 100vw, 790px\" \/> <img loading=\"lazy\" decoding=\"async\" class=\"aligncenter size-full wp-image-1617\" src=\"https:\/\/www.tbdled.com\/wp-content\/uploads\/2025\/07\/\u82f1_05.jpg\" alt=\"\" width=\"790\" height=\"1195\" srcset=\"https:\/\/www.tbdled.com\/wp-content\/uploads\/2025\/07\/\u82f1_05.jpg 790w, https:\/\/www.tbdled.com\/wp-content\/uploads\/2025\/07\/\u82f1_05-198x300.jpg 198w, https:\/\/www.tbdled.com\/wp-content\/uploads\/2025\/07\/\u82f1_05-677x1024.jpg 677w, https:\/\/www.tbdled.com\/wp-content\/uploads\/2025\/07\/\u82f1_05-768x1162.jpg 768w, https:\/\/www.tbdled.com\/wp-content\/uploads\/2025\/07\/\u82f1_05-8x12.jpg 8w, https:\/\/www.tbdled.com\/wp-content\/uploads\/2025\/07\/\u82f1_05-600x908.jpg 600w\" sizes=\"auto, (max-width: 790px) 100vw, 790px\" \/> <img loading=\"lazy\" decoding=\"async\" class=\"aligncenter size-full wp-image-1618\" src=\"https:\/\/www.tbdled.com\/wp-content\/uploads\/2025\/07\/\u82f1_06.jpg\" alt=\"\" width=\"790\" height=\"1414\" srcset=\"https:\/\/www.tbdled.com\/wp-content\/uploads\/2025\/07\/\u82f1_06.jpg 790w, https:\/\/www.tbdled.com\/wp-content\/uploads\/2025\/07\/\u82f1_06-168x300.jpg 168w, https:\/\/www.tbdled.com\/wp-content\/uploads\/2025\/07\/\u82f1_06-572x1024.jpg 572w, https:\/\/www.tbdled.com\/wp-content\/uploads\/2025\/07\/\u82f1_06-768x1375.jpg 768w, https:\/\/www.tbdled.com\/wp-content\/uploads\/2025\/07\/\u82f1_06-7x12.jpg 7w, https:\/\/www.tbdled.com\/wp-content\/uploads\/2025\/07\/\u82f1_06-600x1074.jpg 600w\" sizes=\"auto, (max-width: 790px) 100vw, 790px\" \/> <img loading=\"lazy\" decoding=\"async\" class=\"aligncenter size-full wp-image-1619\" src=\"https:\/\/www.tbdled.com\/wp-content\/uploads\/2025\/07\/\u82f1_07.jpg\" alt=\"\" width=\"790\" height=\"1203\" srcset=\"https:\/\/www.tbdled.com\/wp-content\/uploads\/2025\/07\/\u82f1_07.jpg 790w, https:\/\/www.tbdled.com\/wp-content\/uploads\/2025\/07\/\u82f1_07-197x300.jpg 197w, https:\/\/www.tbdled.com\/wp-content\/uploads\/2025\/07\/\u82f1_07-672x1024.jpg 672w, https:\/\/www.tbdled.com\/wp-content\/uploads\/2025\/07\/\u82f1_07-768x1169.jpg 768w, https:\/\/www.tbdled.com\/wp-content\/uploads\/2025\/07\/\u82f1_07-8x12.jpg 8w, https:\/\/www.tbdled.com\/wp-content\/uploads\/2025\/07\/\u82f1_07-600x914.jpg 600w\" sizes=\"auto, (max-width: 790px) 100vw, 790px\" \/> <img loading=\"lazy\" decoding=\"async\" class=\"aligncenter size-full wp-image-1620\" src=\"https:\/\/www.tbdled.com\/wp-content\/uploads\/2025\/07\/\u82f1_08.jpg\" alt=\"\" width=\"790\" height=\"844\" srcset=\"https:\/\/www.tbdled.com\/wp-content\/uploads\/2025\/07\/\u82f1_08.jpg 790w, https:\/\/www.tbdled.com\/wp-content\/uploads\/2025\/07\/\u82f1_08-281x300.jpg 281w, https:\/\/www.tbdled.com\/wp-content\/uploads\/2025\/07\/\u82f1_08-768x820.jpg 768w, https:\/\/www.tbdled.com\/wp-content\/uploads\/2025\/07\/\u82f1_08-11x12.jpg 11w, https:\/\/www.tbdled.com\/wp-content\/uploads\/2025\/07\/\u82f1_08-600x641.jpg 600w\" sizes=\"auto, (max-width: 790px) 100vw, 790px\" \/> <img loading=\"lazy\" decoding=\"async\" class=\"aligncenter size-full wp-image-1621\" src=\"https:\/\/www.tbdled.com\/wp-content\/uploads\/2025\/07\/\u82f1_09.jpg\" alt=\"\" width=\"790\" height=\"1221\" srcset=\"https:\/\/www.tbdled.com\/wp-content\/uploads\/2025\/07\/\u82f1_09.jpg 790w, https:\/\/www.tbdled.com\/wp-content\/uploads\/2025\/07\/\u82f1_09-194x300.jpg 194w, https:\/\/www.tbdled.com\/wp-content\/uploads\/2025\/07\/\u82f1_09-663x1024.jpg 663w, https:\/\/www.tbdled.com\/wp-content\/uploads\/2025\/07\/\u82f1_09-768x1187.jpg 768w, https:\/\/www.tbdled.com\/wp-content\/uploads\/2025\/07\/\u82f1_09-8x12.jpg 8w, https:\/\/www.tbdled.com\/wp-content\/uploads\/2025\/07\/\u82f1_09-600x927.jpg 600w\" sizes=\"auto, (max-width: 790px) 100vw, 790px\" \/><\/p>","protected":false},"excerpt":{"rendered":"","protected":false},"featured_media":1629,"comment_status":"open","ping_status":"closed","template":"","meta":{"themepark_post_bcolor":"#f5f5f5","themepark_post_width":"1022px","themepark_post_img":"","themepark_post_img_po":"left","themepark_post_img_re":false,"themepark_post_img_cover":false,"themepark_post_img_fixed":false,"themepark_post_hide_title":false,"themepark_post_main_b":"","themepark_post_main_p":100,"themepark_paddingblock":false},"product_brand":[],"product_cat":[112],"product_tag":[],"class_list":{"0":"post-1612","1":"product","2":"type-product","3":"status-publish","4":"has-post-thumbnail","6":"product_cat-led-gift","8":"first","9":"instock","10":"shipping-taxable","11":"purchasable","12":"product-type-simple"},"_links":{"self":[{"href":"https:\/\/www.tbdled.com\/pt\/wp-json\/wp\/v2\/product\/1612","targetHints":{"allow":["GET"]}}],"collection":[{"href":"https:\/\/www.tbdled.com\/pt\/wp-json\/wp\/v2\/product"}],"about":[{"href":"https:\/\/www.tbdled.com\/pt\/wp-json\/wp\/v2\/types\/product"}],"replies":[{"embeddable":true,"href":"https:\/\/www.tbdled.com\/pt\/wp-json\/wp\/v2\/comments?post=1612"}],"wp:featuredmedia":[{"embeddable":true,"href":"https:\/\/www.tbdled.com\/pt\/wp-json\/wp\/v2\/media\/1629"}],"wp:attachment":[{"href":"https:\/\/www.tbdled.com\/pt\/wp-json\/wp\/v2\/media?parent=1612"}],"wp:term":[{"taxonomy":"product_brand","embeddable":true,"href":"https:\/\/www.tbdled.com\/pt\/wp-json\/wp\/v2\/product_brand?post=1612"},{"taxonomy":"product_cat","embeddable":true,"href":"https:\/\/www.tbdled.com\/pt\/wp-json\/wp\/v2\/product_cat?post=1612"},{"taxonomy":"product_tag","embeddable":true,"href":"https:\/\/www.tbdled.com\/pt\/wp-json\/wp\/v2\/product_tag?post=1612"}],"curies":[{"name":"wp","href":"https:\/\/api.w.org\/{rel}","templated":true}]}}