{"id":3532,"date":"2025-07-04T09:29:36","date_gmt":"2025-07-04T01:29:36","guid":{"rendered":"http:\/\/47.251.108.7\/?post_type=product&#038;p=3532"},"modified":"2025-10-28T17:15:32","modified_gmt":"2025-10-28T09:15:32","slug":"programmable-bicycle-led-turn-signal-light-scrolling-message-mini-led-sign-usb-rechargeable-led-bike-tail-light","status":"publish","type":"product","link":"https:\/\/www.tbdled.com\/pt\/produto\/luz-de-mudanca-de-direcao-programavel-para-bicicleta-luz-de-rolagem-mensagem-mini-led-sinal-usb-recarregavel-luz-traseira-de-bicicleta-led","title":{"rendered":"Sinalizador de mudan\u00e7a de dire\u00e7\u00e3o LED program\u00e1vel para bicicleta Luz de rolagem de mensagem Mini sinalizador LED Luz traseira LED recarreg\u00e1vel Usb para bicicleta"},"content":{"rendered":"<p><img loading=\"lazy\" decoding=\"async\" class=\"aligncenter size-full wp-image-1488\" src=\"https:\/\/www.iledshow.com\/wp-content\/uploads\/2023\/06\/\u82f1_01-3.jpg\" alt=\"\" width=\"790\" height=\"970\" \/> <img loading=\"lazy\" decoding=\"async\" class=\"aligncenter size-full wp-image-1489\" src=\"https:\/\/www.iledshow.com\/wp-content\/uploads\/2023\/06\/\u82f1_02-3.jpg\" alt=\"\" width=\"790\" height=\"863\" srcset=\"https:\/\/www.tbdled.com\/wp-content\/uploads\/2023\/06\/\u82f1_02-3.jpg 790w, https:\/\/www.tbdled.com\/wp-content\/uploads\/2023\/06\/\u82f1_02-3-275x300.jpg 275w, https:\/\/www.tbdled.com\/wp-content\/uploads\/2023\/06\/\u82f1_02-3-768x839.jpg 768w, https:\/\/www.tbdled.com\/wp-content\/uploads\/2023\/06\/\u82f1_02-3-11x12.jpg 11w, https:\/\/www.tbdled.com\/wp-content\/uploads\/2023\/06\/\u82f1_02-3-600x655.jpg 600w\" sizes=\"auto, (max-width: 790px) 100vw, 790px\" \/> <img loading=\"lazy\" decoding=\"async\" class=\"aligncenter size-full wp-image-1490\" src=\"https:\/\/www.iledshow.com\/wp-content\/uploads\/2023\/06\/\u82f1_03-3.jpg\" alt=\"\" width=\"790\" height=\"1125\" \/> <img loading=\"lazy\" decoding=\"async\" class=\"aligncenter size-full wp-image-1491\" src=\"https:\/\/www.iledshow.com\/wp-content\/uploads\/2023\/06\/\u82f1_04-3.jpg\" alt=\"\" width=\"790\" height=\"906\" \/> <img loading=\"lazy\" decoding=\"async\" class=\"aligncenter size-full wp-image-1492\" src=\"https:\/\/www.iledshow.com\/wp-content\/uploads\/2023\/06\/\u82f1_05-3.jpg\" alt=\"\" width=\"790\" height=\"838\" srcset=\"https:\/\/www.tbdled.com\/wp-content\/uploads\/2023\/06\/\u82f1_05-3.jpg 790w, https:\/\/www.tbdled.com\/wp-content\/uploads\/2023\/06\/\u82f1_05-3-283x300.jpg 283w, https:\/\/www.tbdled.com\/wp-content\/uploads\/2023\/06\/\u82f1_05-3-768x815.jpg 768w, https:\/\/www.tbdled.com\/wp-content\/uploads\/2023\/06\/\u82f1_05-3-11x12.jpg 11w, https:\/\/www.tbdled.com\/wp-content\/uploads\/2023\/06\/\u82f1_05-3-600x636.jpg 600w\" sizes=\"auto, (max-width: 790px) 100vw, 790px\" \/> <img loading=\"lazy\" decoding=\"async\" class=\"aligncenter size-full wp-image-1493\" src=\"https:\/\/www.iledshow.com\/wp-content\/uploads\/2023\/06\/\u82f1_06-3.jpg\" alt=\"\" width=\"790\" height=\"915\" \/> <img loading=\"lazy\" decoding=\"async\" class=\"aligncenter size-full wp-image-1494\" src=\"https:\/\/www.iledshow.com\/wp-content\/uploads\/2023\/06\/\u82f1_07-3.jpg\" alt=\"\" width=\"790\" height=\"954\" \/> <img loading=\"lazy\" decoding=\"async\" class=\"aligncenter size-full wp-image-1495\" src=\"https:\/\/www.iledshow.com\/wp-content\/uploads\/2023\/06\/\u82f1_08-3.jpg\" alt=\"\" width=\"790\" height=\"880\" \/> <img loading=\"lazy\" decoding=\"async\" class=\"aligncenter size-full wp-image-1496\" src=\"https:\/\/www.iledshow.com\/wp-content\/uploads\/2023\/06\/\u82f1_09-3.jpg\" alt=\"\" width=\"790\" height=\"614\" \/> <img loading=\"lazy\" decoding=\"async\" class=\"aligncenter size-full wp-image-1497\" src=\"https:\/\/www.iledshow.com\/wp-content\/uploads\/2023\/06\/\u82f1_10-2.jpg\" alt=\"\" width=\"790\" height=\"1027\" \/> <img loading=\"lazy\" decoding=\"async\" class=\"aligncenter size-full wp-image-1498\" src=\"https:\/\/www.iledshow.com\/wp-content\/uploads\/2023\/06\/\u82f1_11-2.jpg\" alt=\"\" width=\"790\" height=\"1099\" \/> <img loading=\"lazy\" decoding=\"async\" class=\"aligncenter size-full wp-image-1499\" src=\"https:\/\/www.iledshow.com\/wp-content\/uploads\/2023\/06\/\u82f1_12.jpg\" alt=\"\" width=\"790\" height=\"650\" \/><\/p>","protected":false},"excerpt":{"rendered":"<dl class=\"do-entry-item\">\n<dt class=\"do-entry-item\"><span class=\"attr-name J-attr-name\" title=\"Aplica\u00e7\u00e3o\" data-spm-anchor-id=\"a2700.details.0.i32.44952447sIWDez\">Aplica\u00e7\u00e3o:<\/span>Ecr\u00e3 luminoso para publicidade de bicicletas, motociclos e autom\u00f3veis, Ecr\u00e3 de led para publicidade de bicicletas, motociclos e autom\u00f3veis<\/dt>\n<\/dl>\n<dl class=\"do-entry-item\">\n<dt class=\"do-entry-item\"><span class=\"attr-name J-attr-name\" title=\"Tipo\">Tipo:<\/span>LED<\/dt>\n<\/dl>\n<dl class=\"do-entry-item\">\n<dt class=\"do-entry-item\"><span class=\"attr-name J-attr-name\" title=\"Cor\" data-spm-anchor-id=\"a2700.details.0.i30.44952447sIWDez\">Cor:<\/span>a cores<\/dt>\n<\/dl>\n<dl class=\"do-entry-item\">\n<dt class=\"do-entry-item\"><span class=\"attr-name J-attr-name\" title=\"Tamanho do painel\">Tamanho do painel:<\/span>225*55*15 mm, 225*55*15 mm<\/dt>\n<\/dl>\n<dl class=\"do-entry-item\">\n<dt class=\"do-entry-item\"><span class=\"attr-name J-attr-name\" title=\"Tipo de fornecedor\">Tipo de fornecedor:<\/span>Fabricante original, ODM, OEM<\/dt>\n<\/dl>\n<dl class=\"do-entry-item\">\n<dt class=\"do-entry-item\"><span class=\"attr-name J-attr-name\" title=\"Meios dispon\u00edveis\">Meios de comunica\u00e7\u00e3o dispon\u00edveis:<\/span>ficha de dados, Fotografia<\/dt>\n<\/dl>\n<dl class=\"do-entry-item\">\n<dt class=\"do-entry-item\"><span class=\"attr-name J-attr-name\" title=\"N\u00famero do modelo\">N\u00famero do modelo:<\/span>BK1248RGB<\/dt>\n<\/dl>\n<dl class=\"do-entry-item\">\n<dt class=\"do-entry-item\"><span class=\"attr-name J-attr-name\" title=\"Nome da marca\">Nome da marca:<\/span>ILEDSHOW<\/dt>\n<\/dl>\n<dl class=\"do-entry-item\">\n<dt class=\"do-entry-item\"><span class=\"attr-name J-attr-name\" title=\"utiliza\u00e7\u00e3o\">Utilizar:<\/span>publica\u00e7\u00e3o de publicidade, loja de retalho, centro comercial, sala de exposi\u00e7\u00f5es, metro, elevador<\/dt>\n<\/dl>\n<dl class=\"do-entry-item\">\n<dt class=\"do-entry-item\"><span class=\"attr-name J-attr-name\" title=\"Passo do pixel\">Pixel Pitch:<\/span>4mm<\/dt>\n<\/dl>\n<dl class=\"do-entry-item\">\n<dt class=\"do-entry-item\"><span class=\"attr-name J-attr-name\" title=\"Especifica\u00e7\u00e3o\">Especifica\u00e7\u00e3o:<\/span>ecr\u00e3 LED<\/dt>\n<\/dl>\n<dl class=\"do-entry-item\">\n<dt class=\"do-entry-item\"><span class=\"attr-name J-attr-name\" title=\"C\u00f3digo SH\">C\u00f3digo HS:<\/span>85312000<\/dt>\n<\/dl>\n<dl class=\"do-entry-item\">\n<dt class=\"do-entry-item\"><span class=\"attr-name J-attr-name\" title=\"Resolu\u00e7\u00e3o\">Resolu\u00e7\u00e3o:<\/span>12*48 p\u00edxeis<\/dt>\n<\/dl>\n<dl class=\"do-entry-item\">\n<dt class=\"do-entry-item\"><span class=\"attr-name J-attr-name\" title=\"Nome do produto\">Nome do produto:<\/span>display led program\u00e1vel com aplica\u00e7\u00e3o inteligente para bicicleta a motor<\/dt>\n<\/dl>\n<dl class=\"do-entry-item\">\n<dt class=\"do-entry-item\"><span class=\"attr-name J-attr-name\" title=\"Resolu\u00e7\u00e3o LED\">Resolu\u00e7\u00e3o LED:<\/span>12*48 p\u00edxeis<\/dt>\n<\/dl>\n<dl class=\"do-entry-item\">\n<dt class=\"do-entry-item\"><span class=\"attr-name J-attr-name\" title=\"Cor do LED\">Cor do LED:<\/span>RGB<\/dt>\n<\/dl>\n<dl class=\"do-entry-item\">\n<dt class=\"do-entry-item\"><span class=\"attr-name J-attr-name\" title=\"Tamanho do produto\">Tamanho do produto:<\/span>225*55*15 mm<\/dt>\n<\/dl>\n<dl class=\"do-entry-item\">\n<dt class=\"do-entry-item\"><span class=\"attr-name J-attr-name\" title=\"Controlo\">Controlo:<\/span>Aplica\u00e7\u00e3o sem fios + bot\u00e3o remoto<\/dt>\n<\/dl>\n<dl class=\"do-entry-item\">\n<dt class=\"do-entry-item\"><span class=\"attr-name J-attr-name\" title=\"Tens\u00e3o\">Tens\u00e3o:<\/span>DC5V<\/dt>\n<\/dl>\n<dl class=\"do-entry-item\">\n<dt class=\"do-entry-item\"><span class=\"attr-name J-attr-name\" title=\"Pot\u00eancia\">Pot\u00eancia:<\/span>Bateria recarreg\u00e1vel USB<\/dt>\n<\/dl>\n<dl class=\"do-entry-item\">\n<dt class=\"do-entry-item\"><span class=\"attr-name J-attr-name\" title=\"Garantia\">Garantia:<\/span>1 ano \/ 12 meses<\/dt>\n<\/dl>\n<dl class=\"do-entry-item\" data-spm-anchor-id=\"a2700.details.0.i29.44952447sIWDez\">\n<dt class=\"do-entry-item\"><span class=\"attr-name J-attr-name\" title=\"Certificado\">Certificado:<\/span>CE ROHS<\/dt>\n<\/dl>","protected":false},"featured_media":3594,"comment_status":"open","ping_status":"closed","template":"","meta":{"themepark_post_bcolor":"#f5f5f5","themepark_post_width":"1022px","themepark_post_img":"","themepark_post_img_po":"left","themepark_post_img_re":false,"themepark_post_img_cover":false,"themepark_post_img_fixed":false,"themepark_post_hide_title":false,"themepark_post_main_b":"","themepark_post_main_p":100,"themepark_paddingblock":false},"product_brand":[],"product_cat":[109],"product_tag":[],"class_list":{"0":"post-3532","1":"product","2":"type-product","3":"status-publish","4":"has-post-thumbnail","6":"product_cat-led-bike-light","8":"first","9":"instock","10":"shipping-taxable","11":"purchasable","12":"product-type-simple"},"_links":{"self":[{"href":"https:\/\/www.tbdled.com\/pt\/wp-json\/wp\/v2\/product\/3532","targetHints":{"allow":["GET"]}}],"collection":[{"href":"https:\/\/www.tbdled.com\/pt\/wp-json\/wp\/v2\/product"}],"about":[{"href":"https:\/\/www.tbdled.com\/pt\/wp-json\/wp\/v2\/types\/product"}],"replies":[{"embeddable":true,"href":"https:\/\/www.tbdled.com\/pt\/wp-json\/wp\/v2\/comments?post=3532"}],"wp:featuredmedia":[{"embeddable":true,"href":"https:\/\/www.tbdled.com\/pt\/wp-json\/wp\/v2\/media\/3594"}],"wp:attachment":[{"href":"https:\/\/www.tbdled.com\/pt\/wp-json\/wp\/v2\/media?parent=3532"}],"wp:term":[{"taxonomy":"product_brand","embeddable":true,"href":"https:\/\/www.tbdled.com\/pt\/wp-json\/wp\/v2\/product_brand?post=3532"},{"taxonomy":"product_cat","embeddable":true,"href":"https:\/\/www.tbdled.com\/pt\/wp-json\/wp\/v2\/product_cat?post=3532"},{"taxonomy":"product_tag","embeddable":true,"href":"https:\/\/www.tbdled.com\/pt\/wp-json\/wp\/v2\/product_tag?post=3532"}],"curies":[{"name":"wp","href":"https:\/\/api.w.org\/{rel}","templated":true}]}}