{"id":3539,"date":"2025-07-04T09:29:37","date_gmt":"2025-07-04T01:29:37","guid":{"rendered":"http:\/\/47.251.108.7\/?post_type=product&#038;p=3539"},"modified":"2025-10-28T17:14:28","modified_gmt":"2025-10-28T09:14:28","slug":"app-control-led-flashing-safety-vest-adjustable-led-advertising-luminous-vest","status":"publish","type":"product","link":"https:\/\/www.tbdled.com\/pt\/produto\/colete-de-seguranca-intermitente-led-com-controlo-por-app-colete-luminoso-publicitario-led-ajustavel","title":{"rendered":"Colete de seguran\u00e7a com intermit\u00eancia LED com controlo APP Colete luminoso com publicidade LED ajust\u00e1vel"},"content":{"rendered":"<p><img loading=\"lazy\" decoding=\"async\" class=\"aligncenter size-full wp-image-1640\" src=\"https:\/\/www.iledshow.com\/wp-content\/uploads\/2023\/06\/\u82f1\u6587\u8be6\u60c5_01-2.jpg\" alt=\"\" width=\"790\" height=\"1267\" \/> <img loading=\"lazy\" decoding=\"async\" class=\"aligncenter size-full wp-image-1642\" src=\"https:\/\/www.iledshow.com\/wp-content\/uploads\/2023\/06\/\u82f1\u6587\u8be6\u60c5_03-2.jpg\" alt=\"\" width=\"790\" height=\"1379\" \/> <img loading=\"lazy\" decoding=\"async\" class=\"aligncenter size-full wp-image-1643\" src=\"https:\/\/www.iledshow.com\/wp-content\/uploads\/2023\/06\/\u82f1\u6587\u8be6\u60c5_04-2.jpg\" alt=\"\" width=\"790\" height=\"1238\" \/> <img loading=\"lazy\" decoding=\"async\" class=\"aligncenter size-full wp-image-1644\" src=\"https:\/\/www.iledshow.com\/wp-content\/uploads\/2023\/06\/\u82f1\u6587\u8be6\u60c5_05-2.jpg\" alt=\"\" width=\"790\" height=\"1240\" \/> <img loading=\"lazy\" decoding=\"async\" class=\"aligncenter size-full wp-image-1645\" src=\"https:\/\/www.iledshow.com\/wp-content\/uploads\/2023\/06\/\u82f1\u6587\u8be6\u60c5_06-2.jpg\" alt=\"\" width=\"790\" height=\"1293\" \/> <img loading=\"lazy\" decoding=\"async\" class=\"aligncenter size-full wp-image-1646\" src=\"https:\/\/www.iledshow.com\/wp-content\/uploads\/2023\/06\/\u82f1\u6587\u8be6\u60c5_07-2.jpg\" alt=\"\" width=\"790\" height=\"1189\" \/> <img loading=\"lazy\" decoding=\"async\" class=\"aligncenter size-full wp-image-1647\" src=\"https:\/\/www.iledshow.com\/wp-content\/uploads\/2023\/06\/\u82f1\u6587\u8be6\u60c5_08-2.jpg\" alt=\"\" width=\"790\" height=\"1623\" \/> <img loading=\"lazy\" decoding=\"async\" class=\"aligncenter size-full wp-image-1648\" src=\"https:\/\/www.iledshow.com\/wp-content\/uploads\/2023\/06\/\u82f1\u6587\u8be6\u60c5_09-1.jpg\" alt=\"\" width=\"790\" height=\"990\" \/> <img loading=\"lazy\" decoding=\"async\" class=\"aligncenter size-full wp-image-1649\" src=\"https:\/\/www.iledshow.com\/wp-content\/uploads\/2023\/06\/\u82f1\u6587\u8be6\u60c5_10-1.jpg\" alt=\"\" width=\"790\" height=\"1149\" \/> <img loading=\"lazy\" decoding=\"async\" class=\"aligncenter size-full wp-image-1650\" src=\"https:\/\/www.iledshow.com\/wp-content\/uploads\/2023\/06\/\u82f1\u6587\u8be6\u60c5_11-1.jpg\" alt=\"\" width=\"790\" height=\"827\" \/> <img loading=\"lazy\" decoding=\"async\" class=\"aligncenter size-full wp-image-1651\" src=\"https:\/\/www.iledshow.com\/wp-content\/uploads\/2023\/06\/\u82f1\u6587\u8be6\u60c5_12-1.jpg\" alt=\"\" width=\"790\" height=\"1189\" \/> <img loading=\"lazy\" decoding=\"async\" class=\"aligncenter size-full wp-image-1652\" src=\"https:\/\/www.iledshow.com\/wp-content\/uploads\/2023\/06\/\u82f1\u6587\u8be6\u60c5_13-1.jpg\" alt=\"\" width=\"790\" height=\"1071\" \/> <img loading=\"lazy\" decoding=\"async\" class=\"aligncenter size-full wp-image-1653\" src=\"https:\/\/www.iledshow.com\/wp-content\/uploads\/2023\/06\/\u82f1\u6587\u8be6\u60c5_14-1.jpg\" alt=\"\" width=\"790\" height=\"1110\" \/><\/p>","protected":false},"excerpt":{"rendered":"<dl class=\"do-entry-item\">\n<dt class=\"do-entry-item\" data-spm-anchor-id=\"a2700.details.0.i30.4b501a15sDLGi7\"><span class=\"attr-name J-attr-name\" title=\"Local de origem\">Local de origem:<\/span>Guangdong, China<\/dt>\n<\/dl>\n<dl class=\"do-entry-item\">\n<dt class=\"do-entry-item\"><span class=\"attr-name J-attr-name\" title=\"N\u00famero do modelo\">N\u00famero do modelo:<\/span>PM01<\/dt>\n<\/dl>\n<dl class=\"do-entry-item\">\n<dt class=\"do-entry-item\"><span class=\"attr-name J-attr-name\" title=\"Nome da marca\">Nome da marca:<\/span>i-LedShow<\/dt>\n<\/dl>\n<dl class=\"do-entry-item\">\n<dt class=\"do-entry-item\"><span class=\"attr-name J-attr-name\" title=\"utiliza\u00e7\u00e3o\">Utilizar:<\/span>publica\u00e7\u00e3o de publicidade, centro comercial, expositor de boas-vindas, empresa de autosservi\u00e7o, sala de exposi\u00e7\u00f5es, aeroporto, metro, material para restaurantes e hot\u00e9is<\/dt>\n<\/dl>\n<dl class=\"do-entry-item\">\n<dt class=\"do-entry-item\"><span class=\"attr-name J-attr-name\" title=\"Passo do pixel\">Pixel Pitch:<\/span>4mm<\/dt>\n<\/dl>\n<dl class=\"do-entry-item\">\n<dt class=\"do-entry-item\"><span class=\"attr-name J-attr-name\" title=\"Especifica\u00e7\u00e3o\">Especifica\u00e7\u00e3o:<\/span>LED<\/dt>\n<\/dl>\n<dl class=\"do-entry-item\">\n<dt class=\"do-entry-item\"><span class=\"attr-name J-attr-name\" title=\"Nome do produto\">Nome do produto:<\/span>Colete publicit\u00e1rio LED<\/dt>\n<\/dl>\n<dl class=\"do-entry-item\">\n<dt class=\"do-entry-item\"><span class=\"attr-name J-attr-name\" title=\"Material do produto\">Material do produto:<\/span>pol\u00edmero imperme\u00e1vel + ecr\u00e3 LED<\/dt>\n<\/dl>\n<dl class=\"do-entry-item\">\n<dt class=\"do-entry-item\"><span class=\"attr-name J-attr-name\" title=\"L\u00edngua\">L\u00edngua:<\/span>Multi-l\u00edngua<\/dt>\n<\/dl>\n<dl class=\"do-entry-item\">\n<dt class=\"do-entry-item\"><span class=\"attr-name J-attr-name\" title=\"Formato\">Formato:<\/span>Imagem, Anima\u00e7\u00e3o, Texto<\/dt>\n<\/dl>\n<dl class=\"do-entry-item\">\n<dt class=\"do-entry-item\"><span class=\"attr-name J-attr-name\" title=\"Tens\u00e3o\">Tens\u00e3o:<\/span>5v<\/dt>\n<dt class=\"do-entry-item\"><span class=\"attr-name J-attr-name\" title=\"Modo de comunica\u00e7\u00e3o\">Modo de comunica\u00e7\u00e3o:<\/span>APP<\/dt>\n<\/dl>\n<dl class=\"do-entry-item\">\n<dt class=\"do-entry-item\"><span class=\"attr-name J-attr-name\" title=\"Peso l\u00edquido\">Peso l\u00edquido:<\/span>400g<\/dt>\n<\/dl>\n<dl class=\"do-entry-item\">\n<dt class=\"do-entry-item\"><span class=\"attr-name J-attr-name\" title=\"Pix\u00e9is\">Pix\u00e9is:<\/span>64*64<\/dt>\n<\/dl>\n<dl class=\"do-entry-item\">\n<dt class=\"do-entry-item\"><span class=\"attr-name J-attr-name\" title=\"Certificado\">Certificado:<\/span>CE ROHS<\/dt>\n<\/dl>\n<dl class=\"do-entry-item\" data-spm-anchor-id=\"a2700.details.0.i29.4b501a15sDLGi7\">\n<dt class=\"do-entry-item\"><span class=\"attr-name J-attr-name\" title=\"Brilho\">Brilho:<\/span>Alta resolu\u00e7\u00e3o<\/dt>\n<\/dl>","protected":false},"featured_media":3622,"comment_status":"open","ping_status":"closed","template":"","meta":{"themepark_post_bcolor":"#f5f5f5","themepark_post_width":"1022px","themepark_post_img":"","themepark_post_img_po":"left","themepark_post_img_re":false,"themepark_post_img_cover":false,"themepark_post_img_fixed":false,"themepark_post_hide_title":false,"themepark_post_main_b":"","themepark_post_main_p":100,"themepark_paddingblock":false},"product_brand":[],"product_cat":[112],"product_tag":[],"class_list":{"0":"post-3539","1":"product","2":"type-product","3":"status-publish","4":"has-post-thumbnail","6":"product_cat-led-gift","8":"first","9":"instock","10":"shipping-taxable","11":"purchasable","12":"product-type-simple"},"_links":{"self":[{"href":"https:\/\/www.tbdled.com\/pt\/wp-json\/wp\/v2\/product\/3539","targetHints":{"allow":["GET"]}}],"collection":[{"href":"https:\/\/www.tbdled.com\/pt\/wp-json\/wp\/v2\/product"}],"about":[{"href":"https:\/\/www.tbdled.com\/pt\/wp-json\/wp\/v2\/types\/product"}],"replies":[{"embeddable":true,"href":"https:\/\/www.tbdled.com\/pt\/wp-json\/wp\/v2\/comments?post=3539"}],"wp:featuredmedia":[{"embeddable":true,"href":"https:\/\/www.tbdled.com\/pt\/wp-json\/wp\/v2\/media\/3622"}],"wp:attachment":[{"href":"https:\/\/www.tbdled.com\/pt\/wp-json\/wp\/v2\/media?parent=3539"}],"wp:term":[{"taxonomy":"product_brand","embeddable":true,"href":"https:\/\/www.tbdled.com\/pt\/wp-json\/wp\/v2\/product_brand?post=3539"},{"taxonomy":"product_cat","embeddable":true,"href":"https:\/\/www.tbdled.com\/pt\/wp-json\/wp\/v2\/product_cat?post=3539"},{"taxonomy":"product_tag","embeddable":true,"href":"https:\/\/www.tbdled.com\/pt\/wp-json\/wp\/v2\/product_tag?post=3539"}],"curies":[{"name":"wp","href":"https:\/\/api.w.org\/{rel}","templated":true}]}}