{"id":3544,"date":"2025-07-04T09:29:38","date_gmt":"2025-07-04T01:29:38","guid":{"rendered":"http:\/\/47.251.108.7\/?post_type=product&#038;p=3544"},"modified":"2025-10-30T10:51:46","modified_gmt":"2025-10-30T02:51:46","slug":"led-dog-collar-glow-in-the-dark-light-up-luminous-dog-collar-waterproof-rechargeable-lighted-led-pet-safety-collar","status":"publish","type":"product","link":"https:\/\/www.tbdled.com\/pt\/produto\/coleira-de-seguranca-para-animais-de-estimacao-com-luz-de-fundo-luminosa-para-caes-coleira-de-seguranca-para-animais-de-estimacao-a-prova-de-agua-recarregavel","title":{"rendered":"Coleira LED para c\u00e3es Brilha no escuro Ilumina a coleira luminosa para c\u00e3es Coleira de seguran\u00e7a para animais de estima\u00e7\u00e3o \u00e0 prova de \u00e1gua, recarreg\u00e1vel e com luz LED"},"content":{"rendered":"<p><img loading=\"lazy\" decoding=\"async\" class=\"aligncenter size-full wp-image-2992\" src=\"https:\/\/www.iledshow.com\/wp-content\/uploads\/2023\/06\/\u82f1\u6587_01-1.jpg\" alt=\"\" width=\"790\" height=\"1276\" \/> <img loading=\"lazy\" decoding=\"async\" class=\"aligncenter size-full wp-image-2993\" src=\"https:\/\/www.iledshow.com\/wp-content\/uploads\/2023\/06\/\u82f1\u6587_02-1.jpg\" alt=\"\" width=\"790\" height=\"720\" \/> <img loading=\"lazy\" decoding=\"async\" class=\"aligncenter size-full wp-image-2994\" src=\"https:\/\/www.iledshow.com\/wp-content\/uploads\/2023\/06\/\u82f1\u6587_03-1.jpg\" alt=\"\" width=\"790\" height=\"734\" \/> <img loading=\"lazy\" decoding=\"async\" class=\"aligncenter size-full wp-image-2995\" src=\"https:\/\/www.iledshow.com\/wp-content\/uploads\/2023\/06\/\u82f1\u6587_04-1.jpg\" alt=\"\" width=\"790\" height=\"1198\" \/> <img loading=\"lazy\" decoding=\"async\" class=\"aligncenter size-full wp-image-2996\" src=\"https:\/\/www.iledshow.com\/wp-content\/uploads\/2023\/06\/\u82f1\u6587_05-1.jpg\" alt=\"\" width=\"790\" height=\"1550\" \/> <img loading=\"lazy\" decoding=\"async\" class=\"aligncenter size-full wp-image-2997\" src=\"https:\/\/www.iledshow.com\/wp-content\/uploads\/2023\/06\/\u82f1\u6587_06-1.jpg\" alt=\"\" width=\"790\" height=\"1617\" \/> <img loading=\"lazy\" decoding=\"async\" class=\"aligncenter size-full wp-image-2998\" src=\"https:\/\/www.iledshow.com\/wp-content\/uploads\/2023\/06\/\u82f1\u6587_07-1.jpg\" alt=\"\" width=\"790\" height=\"1177\" \/> <img loading=\"lazy\" decoding=\"async\" class=\"aligncenter size-full wp-image-2999\" src=\"https:\/\/www.iledshow.com\/wp-content\/uploads\/2023\/06\/\u82f1\u6587_08-1.jpg\" alt=\"\" width=\"790\" height=\"1159\" \/> <img loading=\"lazy\" decoding=\"async\" class=\"aligncenter size-full wp-image-3000\" src=\"https:\/\/www.iledshow.com\/wp-content\/uploads\/2023\/06\/\u82f1\u6587_09-1.jpg\" alt=\"\" width=\"790\" height=\"1143\" \/> <img loading=\"lazy\" decoding=\"async\" class=\"aligncenter size-full wp-image-3001\" src=\"https:\/\/www.iledshow.com\/wp-content\/uploads\/2023\/06\/\u82f1\u6587_10-1.jpg\" alt=\"\" width=\"790\" height=\"611\" \/> <img loading=\"lazy\" decoding=\"async\" class=\"aligncenter size-full wp-image-3002\" src=\"https:\/\/www.iledshow.com\/wp-content\/uploads\/2023\/06\/\u82f1\u6587_11-1.jpg\" alt=\"\" width=\"790\" height=\"815\" \/> <img loading=\"lazy\" decoding=\"async\" class=\"aligncenter size-full wp-image-3003\" src=\"https:\/\/www.iledshow.com\/wp-content\/uploads\/2023\/06\/\u82f1\u6587_12-1.jpg\" alt=\"\" width=\"790\" height=\"924\" \/><\/p>","protected":false},"excerpt":{"rendered":"<dl class=\"do-entry-item\">\n<dt class=\"do-entry-item\" data-spm-anchor-id=\"a2700.details.0.i32.58b42113aluxy6\"><span class=\"attr-name J-attr-name\" title=\"Local de origem\">Local de origem:<\/span>Guangdong, China<\/dt>\n<\/dl>\n<dl class=\"do-entry-item\">\n<dt class=\"do-entry-item\"><span class=\"attr-name J-attr-name\" title=\"Nome da marca\">Nome da marca:<\/span>ILEDSHOW<\/dt>\n<\/dl>\n<dl class=\"do-entry-item\">\n<dt class=\"do-entry-item\"><span class=\"attr-name J-attr-name\" title=\"N\u00famero do modelo\">N\u00famero do modelo:<\/span>C1248<\/dt>\n<\/dl>\n<dl class=\"do-entry-item\">\n<dt class=\"do-entry-item\"><span class=\"attr-name J-attr-name\" title=\"Carater\u00edstica\">Carater\u00edstica:<\/span>Personalizado<\/dt>\n<\/dl>\n<dl class=\"do-entry-item\">\n<dt class=\"do-entry-item\"><span class=\"attr-name J-attr-name\" title=\"Aplica\u00e7\u00e3o\">Aplica\u00e7\u00e3o:<\/span>Pequenos animais<\/dt>\n<\/dl>\n<dl class=\"do-entry-item\">\n<dt class=\"do-entry-item\"><span class=\"attr-name J-attr-name\" title=\"Material\">Material:<\/span>Nylon<\/dt>\n<\/dl>\n<dl class=\"do-entry-item\">\n<dt class=\"do-entry-item\"><span class=\"attr-name J-attr-name\" title=\"Padr\u00e3o\">Padr\u00e3o:<\/span>Carta<\/dt>\n<\/dl>\n<dl class=\"do-entry-item\">\n<dt class=\"do-entry-item\"><span class=\"attr-name J-attr-name\" title=\"Decora\u00e7\u00e3o\">Decora\u00e7\u00e3o:<\/span>LED<\/dt>\n<\/dl>\n<dl class=\"do-entry-item\">\n<dt class=\"do-entry-item\"><span class=\"attr-name J-attr-name\" title=\"Nome do produto\">Nome do produto:<\/span>Coleira LED para c\u00e3es<\/dt>\n<\/dl>\n<dl class=\"do-entry-item\">\n<dt class=\"do-entry-item\"><span class=\"attr-name J-attr-name\" title=\"Cor do LED\">Cor do LED:<\/span>Vermelho, azul, verde, amarelo, branco, cor-de-rosa, 4 cores fixas<\/dt>\n<\/dl>\n<dl class=\"do-entry-item\">\n<dt class=\"do-entry-item\"><span class=\"attr-name J-attr-name\" title=\"Resolu\u00e7\u00e3o LED\">Resolu\u00e7\u00e3o LED:<\/span>12*48 pontos<\/dt>\n<\/dl>\n<dl class=\"do-entry-item\">\n<dt class=\"do-entry-item\"><span class=\"attr-name J-attr-name\" title=\"Tamanho do ecr\u00e3\">Tamanho do ecr\u00e3:<\/span>L155mm x A32mm<\/dt>\n<\/dl>\n<dl class=\"do-entry-item\">\n<dt class=\"do-entry-item\"><span class=\"attr-name J-attr-name\" title=\"Tamanho do colarinho\">Tamanho da gola:<\/span>180-240 mm regul\u00e1vel<\/dt>\n<\/dl>\n<dl class=\"do-entry-item\">\n<dt class=\"do-entry-item\"><span class=\"attr-name J-attr-name\" title=\"Controlo LED\">Controlo LED:<\/span>Aplica\u00e7\u00e3o para telem\u00f3vel sem fios<\/dt>\n<\/dl>\n<dl class=\"do-entry-item\">\n<dt class=\"do-entry-item\"><span class=\"attr-name J-attr-name\" title=\"Pot\u00eancia\">Pot\u00eancia:<\/span>Bateria recarreg\u00e1vel USB<\/dt>\n<\/dl>\n<dl class=\"do-entry-item\">\n<dt class=\"do-entry-item\"><span class=\"attr-name J-attr-name\" title=\"Log\u00f3tipo\">Log\u00f3tipo:<\/span>Log\u00f3tipo da marca personalizado<\/dt>\n<\/dl>\n<dl class=\"do-entry-item\" data-spm-anchor-id=\"a2700.details.0.i30.58b42113aluxy6\">\n<dt class=\"do-entry-item\"><span class=\"attr-name J-attr-name\" title=\"Tempo de amostragem\">Tempo de amostragem:<\/span>1-3 dias<\/dt>\n<\/dl>\n<dl class=\"do-entry-item\" data-spm-anchor-id=\"a2700.details.0.i31.58b42113aluxy6\">\n<dt class=\"do-entry-item\"><span class=\"attr-name J-attr-name\" title=\"Certificado\">Certificado:<\/span>CE ROHS<\/dt>\n<\/dl>","protected":false},"featured_media":3641,"comment_status":"open","ping_status":"closed","template":"","meta":{"themepark_post_bcolor":"#f5f5f5","themepark_post_width":"1022px","themepark_post_img":"","themepark_post_img_po":"left","themepark_post_img_re":false,"themepark_post_img_cover":false,"themepark_post_img_fixed":false,"themepark_post_hide_title":false,"themepark_post_main_b":"","themepark_post_main_p":100,"themepark_paddingblock":false},"product_brand":[],"product_cat":[112],"product_tag":[],"class_list":{"0":"post-3544","1":"product","2":"type-product","3":"status-publish","4":"has-post-thumbnail","6":"product_cat-led-gift","8":"first","9":"instock","10":"shipping-taxable","11":"purchasable","12":"product-type-simple"},"_links":{"self":[{"href":"https:\/\/www.tbdled.com\/pt\/wp-json\/wp\/v2\/product\/3544","targetHints":{"allow":["GET"]}}],"collection":[{"href":"https:\/\/www.tbdled.com\/pt\/wp-json\/wp\/v2\/product"}],"about":[{"href":"https:\/\/www.tbdled.com\/pt\/wp-json\/wp\/v2\/types\/product"}],"replies":[{"embeddable":true,"href":"https:\/\/www.tbdled.com\/pt\/wp-json\/wp\/v2\/comments?post=3544"}],"wp:featuredmedia":[{"embeddable":true,"href":"https:\/\/www.tbdled.com\/pt\/wp-json\/wp\/v2\/media\/3641"}],"wp:attachment":[{"href":"https:\/\/www.tbdled.com\/pt\/wp-json\/wp\/v2\/media?parent=3544"}],"wp:term":[{"taxonomy":"product_brand","embeddable":true,"href":"https:\/\/www.tbdled.com\/pt\/wp-json\/wp\/v2\/product_brand?post=3544"},{"taxonomy":"product_cat","embeddable":true,"href":"https:\/\/www.tbdled.com\/pt\/wp-json\/wp\/v2\/product_cat?post=3544"},{"taxonomy":"product_tag","embeddable":true,"href":"https:\/\/www.tbdled.com\/pt\/wp-json\/wp\/v2\/product_tag?post=3544"}],"curies":[{"name":"wp","href":"https:\/\/api.w.org\/{rel}","templated":true}]}}