{"id":3546,"date":"2025-07-04T09:29:39","date_gmt":"2025-07-04T01:29:39","guid":{"rendered":"http:\/\/47.251.108.7\/?post_type=product&#038;p=3546"},"modified":"2025-07-07T16:44:05","modified_gmt":"2025-07-07T08:44:05","slug":"smart-led-display-water-bottle-mobile-phone-control-digital-message-moving-led-water-cup-800ml-large-capacity-bottle-for-sports","status":"publish","type":"product","link":"https:\/\/www.tbdled.com\/pt\/produto\/garrafa-de-agua-com-ecra-led-inteligente-controlo-do-telemovel-mensagem-digital-copo-de-agua-led-movel-800ml-garrafa-de-grande-capacidade-para-desporto","title":{"rendered":"Garrafa de \u00e1gua com ecr\u00e3 LED inteligente Controlo do telem\u00f3vel Mensagem digital Copo de \u00e1gua LED m\u00f3vel 800ml Garrafa de grande capacidade para desporto"},"content":{"rendered":"<p><img loading=\"lazy\" decoding=\"async\" class=\"aligncenter size-full wp-image-1723\" src=\"https:\/\/www.iledshow.com\/wp-content\/uploads\/2023\/06\/\u82f1_01-8.jpg\" alt=\"\" width=\"790\" height=\"1117\" \/> <img loading=\"lazy\" decoding=\"async\" class=\"aligncenter size-full wp-image-1724\" src=\"https:\/\/www.iledshow.com\/wp-content\/uploads\/2023\/06\/\u82f1_02-8.jpg\" alt=\"\" width=\"790\" height=\"1014\" \/> <img loading=\"lazy\" decoding=\"async\" class=\"aligncenter size-full wp-image-1725\" src=\"https:\/\/www.iledshow.com\/wp-content\/uploads\/2023\/06\/\u82f1_03-8.jpg\" alt=\"\" width=\"790\" height=\"1314\" \/> <img loading=\"lazy\" decoding=\"async\" class=\"aligncenter size-full wp-image-1726\" src=\"https:\/\/www.iledshow.com\/wp-content\/uploads\/2023\/06\/\u82f1_04-8.jpg\" alt=\"\" width=\"790\" height=\"1160\" \/> <img loading=\"lazy\" decoding=\"async\" class=\"aligncenter size-full wp-image-1727\" src=\"https:\/\/www.iledshow.com\/wp-content\/uploads\/2023\/06\/\u82f1_05-8.jpg\" alt=\"\" width=\"790\" height=\"1054\" \/> <img loading=\"lazy\" decoding=\"async\" class=\"aligncenter size-full wp-image-1728\" src=\"https:\/\/www.iledshow.com\/wp-content\/uploads\/2023\/06\/\u82f1_06-8.jpg\" alt=\"\" width=\"790\" height=\"1148\" \/> <img loading=\"lazy\" decoding=\"async\" class=\"aligncenter size-full wp-image-1729\" src=\"https:\/\/www.iledshow.com\/wp-content\/uploads\/2023\/06\/\u82f1_07-8.jpg\" alt=\"\" width=\"790\" height=\"961\" \/> <img loading=\"lazy\" decoding=\"async\" class=\"aligncenter size-full wp-image-1730\" src=\"https:\/\/www.iledshow.com\/wp-content\/uploads\/2023\/06\/\u82f1_08-8.jpg\" alt=\"\" width=\"790\" height=\"1048\" \/> <img loading=\"lazy\" decoding=\"async\" class=\"aligncenter size-full wp-image-1731\" src=\"https:\/\/www.iledshow.com\/wp-content\/uploads\/2023\/06\/\u82f1_09-8.jpg\" alt=\"\" width=\"790\" height=\"1430\" \/> <img loading=\"lazy\" decoding=\"async\" class=\"aligncenter size-full wp-image-1732\" src=\"https:\/\/www.iledshow.com\/wp-content\/uploads\/2023\/06\/\u82f1_10-5.jpg\" alt=\"\" width=\"790\" height=\"972\" \/> <img loading=\"lazy\" decoding=\"async\" class=\"aligncenter size-full wp-image-1733\" src=\"https:\/\/www.iledshow.com\/wp-content\/uploads\/2023\/06\/\u82f1_11-5.jpg\" alt=\"\" width=\"790\" height=\"1250\" \/> <img loading=\"lazy\" decoding=\"async\" class=\"aligncenter size-full wp-image-1734\" src=\"https:\/\/www.iledshow.com\/wp-content\/uploads\/2023\/06\/\u82f1_12-3.jpg\" alt=\"\" width=\"790\" height=\"732\" \/><\/p>","protected":false},"excerpt":{"rendered":"<dl class=\"do-entry-item\">\n<dt class=\"do-entry-item\"><span class=\"attr-name J-attr-name\" title=\"Tipo de copos\" data-spm-anchor-id=\"a2700.details.0.i27.1c6439c9sMZVY5\">Tipo de copos:<\/span>Garrafas de \u00e1gua<\/dt>\n<\/dl>\n<dl class=\"do-entry-item\">\n<dt class=\"do-entry-item\"><span class=\"attr-name J-attr-name\" title=\"Pessoas aplic\u00e1veis\">Pessoas aplic\u00e1veis:<\/span>Adultos<\/dt>\n<\/dl>\n<dl class=\"do-entry-item\">\n<dt class=\"do-entry-item\"><span class=\"attr-name J-attr-name\" title=\"Atividade ao ar livre\">Atividade ao ar livre:<\/span>Gin\u00e1sio<\/dt>\n<\/dl>\n<dl class=\"do-entry-item\">\n<dt class=\"do-entry-item\"><span class=\"attr-name J-attr-name\" title=\"\u00c1gua a ferver\">\u00c1gua a ferver:<\/span>Aplic\u00e1vel<\/dt>\n<\/dl>\n<dl class=\"do-entry-item\">\n<dt class=\"do-entry-item\"><span class=\"attr-name J-attr-name\" title=\"Revestimento anti-corros\u00e3o\">Revestimento anti-corros\u00e3o:<\/span>Equipado<\/dt>\n<\/dl>\n<dl class=\"do-entry-item\">\n<dt class=\"do-entry-item\"><span class=\"attr-name J-attr-name\" title=\"M\u00e9todo de escoamento de \u00e1gua\">M\u00e9todo de escoamento de \u00e1gua:<\/span>Consumo direto<\/dt>\n<\/dl>\n<dl class=\"do-entry-item\">\n<dt class=\"do-entry-item\"><span class=\"attr-name J-attr-name\" title=\"Acess\u00f3rios\">Acess\u00f3rios:<\/span>COM TAMPA<\/dt>\n<\/dl>\n<dl class=\"do-entry-item\">\n<dt class=\"do-entry-item\"><span class=\"attr-name J-attr-name\" title=\"Ocasi\u00e3o\">Ocasi\u00e3o:<\/span>Regresso \u00e0s aulas<\/dt>\n<\/dl>\n<dl class=\"do-entry-item\">\n<dt class=\"do-entry-item\"><span class=\"attr-name J-attr-name\" title=\"Estilo de design\">Estilo de design:<\/span>Desporto<\/dt>\n<\/dl>\n<dl class=\"do-entry-item\">\n<dt class=\"do-entry-item\"><span class=\"attr-name J-attr-name\" title=\"Material\">Material:<\/span>Pl\u00e1stico, Tampa de pl\u00e1stico + led<\/dt>\n<\/dl>\n<dl class=\"do-entry-item\">\n<dt class=\"do-entry-item\"><span class=\"attr-name J-attr-name\" title=\"Tipo de pl\u00e1stico\">Tipo de pl\u00e1stico:<\/span>PP<\/dt>\n<\/dl>\n<dl class=\"do-entry-item\">\n<dt class=\"do-entry-item\"><span class=\"attr-name J-attr-name\" title=\"Carater\u00edstica\">Carater\u00edstica:<\/span>Armazenado<\/dt>\n<\/dl>\n<dl class=\"do-entry-item\">\n<dt class=\"do-entry-item\"><span class=\"attr-name J-attr-name\" title=\"Local de origem\">Local de origem:<\/span>GUA<\/dt>\n<\/dl>\n<dl class=\"do-entry-item\">\n<dt class=\"do-entry-item\"><span class=\"attr-name J-attr-name\" title=\"Nome da marca\">Nome da marca:<\/span>iLEDSHOW<\/dt>\n<\/dl>\n<dl class=\"do-entry-item\">\n<dt class=\"do-entry-item\"><span class=\"attr-name J-attr-name\" title=\"N\u00famero do modelo\">N\u00famero do modelo:<\/span>W1248<\/dt>\n<\/dl>\n<dl class=\"do-entry-item\">\n<dt class=\"do-entry-item\"><span class=\"attr-name J-attr-name\" title=\"Nome do produto\">Nome do produto:<\/span>Garrafa de \u00e1gua com ecr\u00e3 LED inteligente<\/dt>\n<\/dl>\n<dl class=\"do-entry-item\">\n<dt class=\"do-entry-item\"><span class=\"attr-name J-attr-name\" title=\"Capacidade\">Capacidade:<\/span>800ml<\/dt>\n<\/dl>\n<dl class=\"do-entry-item\">\n<dt class=\"do-entry-item\"><span class=\"attr-name J-attr-name\" title=\"Resolu\u00e7\u00e3o LED\">Resolu\u00e7\u00e3o LED:<\/span>12*48 pontos<\/dt>\n<\/dl>\n<dl class=\"do-entry-item\">\n<dt class=\"do-entry-item\"><span class=\"attr-name J-attr-name\" title=\"Cor da garrafa\">Cor da garrafa:<\/span>Preto, azul, cor-de-rosa, op\u00e7\u00e3o<\/dt>\n<\/dl>\n<dl class=\"do-entry-item\">\n<dt class=\"do-entry-item\"><span class=\"attr-name J-attr-name\" title=\"cor do led\">cor do led:<\/span>Vermelho, azul, verde, amarelo, branco, 4 cores fixas de led<\/dt>\n<\/dl>\n<dl class=\"do-entry-item\">\n<dt class=\"do-entry-item\"><span class=\"attr-name J-attr-name\" title=\"Utiliza\u00e7\u00e3o\">Utiliza\u00e7\u00e3o:<\/span>Artigos para beber<\/dt>\n<\/dl>\n<dl class=\"do-entry-item\">\n<dt class=\"do-entry-item\"><span class=\"attr-name J-attr-name\" title=\"Vantagem\">Vantagem:<\/span>Amigo do ambiente Natural Saud\u00e1vel<\/dt>\n<\/dl>\n<dl class=\"do-entry-item\" data-spm-anchor-id=\"a2700.details.0.i26.1c6439c9sMZVY5\">\n<dt class=\"do-entry-item\"><span class=\"attr-name J-attr-name\" title=\"OEM\">OEM:<\/span>apoio<\/dt>\n<\/dl>","protected":false},"featured_media":3657,"comment_status":"open","ping_status":"closed","template":"","meta":{"themepark_post_bcolor":"#f5f5f5","themepark_post_width":"1022px","themepark_post_img":"","themepark_post_img_po":"left","themepark_post_img_re":false,"themepark_post_img_cover":false,"themepark_post_img_fixed":false,"themepark_post_hide_title":false,"themepark_post_main_b":"","themepark_post_main_p":100,"themepark_paddingblock":false},"product_brand":[],"product_cat":[112],"product_tag":[],"class_list":{"0":"post-3546","1":"product","2":"type-product","3":"status-publish","4":"has-post-thumbnail","6":"product_cat-led-gift","8":"first","9":"instock","10":"shipping-taxable","11":"purchasable","12":"product-type-simple"},"_links":{"self":[{"href":"https:\/\/www.tbdled.com\/pt\/wp-json\/wp\/v2\/product\/3546","targetHints":{"allow":["GET"]}}],"collection":[{"href":"https:\/\/www.tbdled.com\/pt\/wp-json\/wp\/v2\/product"}],"about":[{"href":"https:\/\/www.tbdled.com\/pt\/wp-json\/wp\/v2\/types\/product"}],"replies":[{"embeddable":true,"href":"https:\/\/www.tbdled.com\/pt\/wp-json\/wp\/v2\/comments?post=3546"}],"wp:featuredmedia":[{"embeddable":true,"href":"https:\/\/www.tbdled.com\/pt\/wp-json\/wp\/v2\/media\/3657"}],"wp:attachment":[{"href":"https:\/\/www.tbdled.com\/pt\/wp-json\/wp\/v2\/media?parent=3546"}],"wp:term":[{"taxonomy":"product_brand","embeddable":true,"href":"https:\/\/www.tbdled.com\/pt\/wp-json\/wp\/v2\/product_brand?post=3546"},{"taxonomy":"product_cat","embeddable":true,"href":"https:\/\/www.tbdled.com\/pt\/wp-json\/wp\/v2\/product_cat?post=3546"},{"taxonomy":"product_tag","embeddable":true,"href":"https:\/\/www.tbdled.com\/pt\/wp-json\/wp\/v2\/product_tag?post=3546"}],"curies":[{"name":"wp","href":"https:\/\/api.w.org\/{rel}","templated":true}]}}