{"id":3551,"date":"2025-07-04T09:29:40","date_gmt":"2025-07-04T01:29:40","guid":{"rendered":"http:\/\/47.251.108.7\/?post_type=product&#038;p=3551"},"modified":"2025-07-07T16:47:15","modified_gmt":"2025-07-07T08:47:15","slug":"name-display-stand-led-sign-airport-display-name-board-airport-hand-hold-pickup-led-display-board-rechargeable-reception-signage","status":"publish","type":"product","link":"https:\/\/www.tbdled.com\/pt\/produto\/suporte-de-apresentacao-de-nome-sinal-led-placa-de-apresentacao-de-nome-de-aeroporto-placa-de-apresentacao-de-nome-de-aeroporto-placa-de-apresentacao-led-de-recolha-manual-recarregavel-sinalizacao-de","title":{"rendered":"Expositor de nome led Sinal de aeroporto placa de nome de exibi\u00e7\u00e3o de aeroporto pega de m\u00e3o placa de exibi\u00e7\u00e3o led rece\u00e7\u00e3o recarreg\u00e1vel Sinaliza\u00e7\u00e3o"},"content":{"rendered":"<p><img loading=\"lazy\" decoding=\"async\" class=\"aligncenter size-full wp-image-1785\" src=\"https:\/\/www.iledshow.com\/wp-content\/uploads\/2023\/06\/LED\u624b\u4e3e\u724c\u82f1\u6587-_01.jpg\" alt=\"\" width=\"790\" height=\"837\" \/> <img loading=\"lazy\" decoding=\"async\" class=\"aligncenter size-full wp-image-1786\" src=\"https:\/\/www.iledshow.com\/wp-content\/uploads\/2023\/06\/LED\u624b\u4e3e\u724c\u82f1\u6587-_02.jpg\" alt=\"\" width=\"790\" height=\"1173\" \/> <img loading=\"lazy\" decoding=\"async\" class=\"aligncenter size-full wp-image-1787\" src=\"https:\/\/www.iledshow.com\/wp-content\/uploads\/2023\/06\/LED\u624b\u4e3e\u724c\u82f1\u6587-_03.jpg\" alt=\"\" width=\"790\" height=\"568\" \/> <img loading=\"lazy\" decoding=\"async\" class=\"aligncenter size-full wp-image-1788\" src=\"https:\/\/www.iledshow.com\/wp-content\/uploads\/2023\/06\/LED\u624b\u4e3e\u724c\u82f1\u6587-_04.jpg\" alt=\"\" width=\"790\" height=\"830\" \/> <img loading=\"lazy\" decoding=\"async\" class=\"aligncenter size-full wp-image-1789\" src=\"https:\/\/www.iledshow.com\/wp-content\/uploads\/2023\/06\/LED\u624b\u4e3e\u724c\u82f1\u6587-_05.jpg\" alt=\"\" width=\"790\" height=\"787\" \/> <img loading=\"lazy\" decoding=\"async\" class=\"aligncenter size-full wp-image-1790\" src=\"https:\/\/www.iledshow.com\/wp-content\/uploads\/2023\/06\/LED\u624b\u4e3e\u724c\u82f1\u6587-_06.jpg\" alt=\"\" width=\"790\" height=\"798\" \/> <img loading=\"lazy\" decoding=\"async\" class=\"aligncenter size-full wp-image-1791\" src=\"https:\/\/www.iledshow.com\/wp-content\/uploads\/2023\/06\/LED\u624b\u4e3e\u724c\u82f1\u6587-_07.jpg\" alt=\"\" width=\"790\" height=\"763\" \/> <img loading=\"lazy\" decoding=\"async\" class=\"aligncenter size-full wp-image-1792\" src=\"https:\/\/www.iledshow.com\/wp-content\/uploads\/2023\/06\/LED\u624b\u4e3e\u724c\u82f1\u6587-_08.jpg\" alt=\"\" width=\"790\" height=\"738\" \/> <img loading=\"lazy\" decoding=\"async\" class=\"aligncenter size-full wp-image-1793\" src=\"https:\/\/www.iledshow.com\/wp-content\/uploads\/2023\/06\/LED\u624b\u4e3e\u724c\u82f1\u6587-_09.jpg\" alt=\"\" width=\"790\" height=\"888\" \/> <img loading=\"lazy\" decoding=\"async\" class=\"aligncenter size-full wp-image-1794\" src=\"https:\/\/www.iledshow.com\/wp-content\/uploads\/2023\/06\/LED\u624b\u4e3e\u724c\u82f1\u6587-_10.jpg\" alt=\"\" width=\"790\" height=\"1111\" \/> <img loading=\"lazy\" decoding=\"async\" class=\"aligncenter size-full wp-image-1795\" src=\"https:\/\/www.iledshow.com\/wp-content\/uploads\/2023\/06\/LED\u624b\u4e3e\u724c\u82f1\u6587-_11.jpg\" alt=\"\" width=\"790\" height=\"1103\" \/> <img loading=\"lazy\" decoding=\"async\" class=\"aligncenter size-full wp-image-1796\" src=\"https:\/\/www.iledshow.com\/wp-content\/uploads\/2023\/06\/LED\u624b\u4e3e\u724c\u82f1\u6587-_12.jpg\" alt=\"\" width=\"790\" height=\"580\" \/><\/p>","protected":false},"excerpt":{"rendered":"<dl class=\"do-entry-item\">\n<dt class=\"do-entry-item\"><span class=\"attr-name J-attr-name\" title=\"Aplica\u00e7\u00e3o\" data-spm-anchor-id=\"a2700.details.0.i23.78ed525cPCz1JC\">Aplica\u00e7\u00e3o:<\/span>Interior, Exterior, Semi-exterior<\/dt>\n<\/dl>\n<dl class=\"do-entry-item\">\n<dt class=\"do-entry-item\"><span class=\"attr-name J-attr-name\" title=\"Cor\">Cor:<\/span>rgb, RGB 7 Cor<\/dt>\n<\/dl>\n<dl class=\"do-entry-item\">\n<dt class=\"do-entry-item\"><span class=\"attr-name J-attr-name\" title=\"Tamanho do painel\">Tamanho do painel:<\/span>256*256 mm<\/dt>\n<\/dl>\n<dl class=\"do-entry-item\">\n<dt class=\"do-entry-item\"><span class=\"attr-name J-attr-name\" title=\"Tipo de fornecedor\">Tipo de fornecedor:<\/span>Fabricante original, ODM, OEM<\/dt>\n<\/dl>\n<dl class=\"do-entry-item\">\n<dt class=\"do-entry-item\"><span class=\"attr-name J-attr-name\" title=\"Meios dispon\u00edveis\">Meios de comunica\u00e7\u00e3o dispon\u00edveis:<\/span>ficha de dados<\/dt>\n<\/dl>\n<dl class=\"do-entry-item\">\n<dt class=\"do-entry-item\"><span class=\"attr-name J-attr-name\" title=\"Local de origem\">Local de origem:<\/span>Guangdong, China<\/dt>\n<\/dl>\n<dl class=\"do-entry-item\">\n<dt class=\"do-entry-item\"><span class=\"attr-name J-attr-name\" title=\"N\u00famero do modelo\">N\u00famero do modelo:<\/span>P4-64*64RGB<\/dt>\n<\/dl>\n<dl class=\"do-entry-item\">\n<dt class=\"do-entry-item\"><span class=\"attr-name J-attr-name\" title=\"Nome da marca\">Nome da marca:<\/span>iLEDSHOW<\/dt>\n<\/dl>\n<dl class=\"do-entry-item\">\n<dt class=\"do-entry-item\"><span class=\"attr-name J-attr-name\" title=\"utiliza\u00e7\u00e3o\">Utilizar:<\/span>publica\u00e7\u00e3o de publicidade, loja de retalho, centro comercial, sala de exposi\u00e7\u00f5es, aeroporto, metro<\/dt>\n<\/dl>\n<dl class=\"do-entry-item\">\n<dt class=\"do-entry-item\"><span class=\"attr-name J-attr-name\" title=\"Fun\u00e7\u00e3o\">Fun\u00e7\u00e3o:<\/span>SDK<\/dt>\n<\/dl>\n<dl class=\"do-entry-item\">\n<dt class=\"do-entry-item\"><span class=\"attr-name J-attr-name\" title=\"Passo do pixel\">Pixel Pitch:<\/span>4mm<\/dt>\n<\/dl>\n<dl class=\"do-entry-item\">\n<dt class=\"do-entry-item\"><span class=\"attr-name J-attr-name\" title=\"Especifica\u00e7\u00e3o\">Especifica\u00e7\u00e3o:<\/span>Ecr\u00e3 LED port\u00e1til<\/dt>\n<\/dl>\n<dl class=\"do-entry-item\">\n<dt class=\"do-entry-item\"><span class=\"attr-name J-attr-name\" title=\"nome do produto\">nome do produto:<\/span>Expositor de nomes com led Sinaliza\u00e7\u00e3o de aeroporto<\/dt>\n<\/dl>\n<dl class=\"do-entry-item\">\n<dt class=\"do-entry-item\"><span class=\"attr-name J-attr-name\" title=\"Resolu\u00e7\u00e3o LED\">Resolu\u00e7\u00e3o LED:<\/span>64*64 pontos<\/dt>\n<\/dl>\n<dl class=\"do-entry-item\">\n<dt class=\"do-entry-item\"><span class=\"attr-name J-attr-name\" title=\"Tamanho do ecr\u00e3\">Tamanho do ecr\u00e3:<\/span>256*256mm<\/dt>\n<\/dl>\n<dl class=\"do-entry-item\">\n<dt class=\"do-entry-item\"><span class=\"attr-name J-attr-name\" title=\"tamanho do produto\">tamanho do produto:<\/span>285*285*22 mm (11,2*11,2*0,9 polegadas)<\/dt>\n<\/dl>\n<dl class=\"do-entry-item\">\n<dt class=\"do-entry-item\"><span class=\"attr-name J-attr-name\" title=\"Fun\u00e7\u00e3o de visualiza\u00e7\u00e3o\">Fun\u00e7\u00e3o de visualiza\u00e7\u00e3o:<\/span>Mensagem em movimento<\/dt>\n<\/dl>\n<dl class=\"do-entry-item\">\n<dt class=\"do-entry-item\"><span class=\"attr-name J-attr-name\" title=\"Sistema de controlo\">Sistema de controlo:<\/span>Aplica\u00e7\u00e3o Wifi<\/dt>\n<\/dl>\n<dl class=\"do-entry-item\">\n<dt class=\"do-entry-item\"><span class=\"attr-name J-attr-name\" title=\"Bateria\">Bateria:<\/span>Recarreg\u00e1vel por USB<\/dt>\n<\/dl>\n<dl class=\"do-entry-item\">\n<dt class=\"do-entry-item\"><span class=\"attr-name J-attr-name\" title=\"Carater\u00edstica\">Carater\u00edstica:<\/span>F\u00e1cil de utilizar, port\u00e1til<\/dt>\n<\/dl>\n<dl class=\"do-entry-item\" data-spm-anchor-id=\"a2700.details.0.i22.78ed525cPCz1JC\">\n<dt class=\"do-entry-item\"><span class=\"attr-name J-attr-name\" title=\"Certificado\">Certificado:<\/span>CE ROHS<\/dt>\n<\/dl>","protected":false},"featured_media":3687,"comment_status":"open","ping_status":"closed","template":"","meta":{"themepark_post_bcolor":"#f5f5f5","themepark_post_width":"1022px","themepark_post_img":"","themepark_post_img_po":"left","themepark_post_img_re":false,"themepark_post_img_cover":false,"themepark_post_img_fixed":false,"themepark_post_hide_title":false,"themepark_post_main_b":"","themepark_post_main_p":100,"themepark_paddingblock":false},"product_brand":[],"product_cat":[112],"product_tag":[],"class_list":{"0":"post-3551","1":"product","2":"type-product","3":"status-publish","4":"has-post-thumbnail","6":"product_cat-led-gift","8":"first","9":"instock","10":"shipping-taxable","11":"product-type-simple"},"_links":{"self":[{"href":"https:\/\/www.tbdled.com\/pt\/wp-json\/wp\/v2\/product\/3551","targetHints":{"allow":["GET"]}}],"collection":[{"href":"https:\/\/www.tbdled.com\/pt\/wp-json\/wp\/v2\/product"}],"about":[{"href":"https:\/\/www.tbdled.com\/pt\/wp-json\/wp\/v2\/types\/product"}],"replies":[{"embeddable":true,"href":"https:\/\/www.tbdled.com\/pt\/wp-json\/wp\/v2\/comments?post=3551"}],"wp:featuredmedia":[{"embeddable":true,"href":"https:\/\/www.tbdled.com\/pt\/wp-json\/wp\/v2\/media\/3687"}],"wp:attachment":[{"href":"https:\/\/www.tbdled.com\/pt\/wp-json\/wp\/v2\/media?parent=3551"}],"wp:term":[{"taxonomy":"product_brand","embeddable":true,"href":"https:\/\/www.tbdled.com\/pt\/wp-json\/wp\/v2\/product_brand?post=3551"},{"taxonomy":"product_cat","embeddable":true,"href":"https:\/\/www.tbdled.com\/pt\/wp-json\/wp\/v2\/product_cat?post=3551"},{"taxonomy":"product_tag","embeddable":true,"href":"https:\/\/www.tbdled.com\/pt\/wp-json\/wp\/v2\/product_tag?post=3551"}],"curies":[{"name":"wp","href":"https:\/\/api.w.org\/{rel}","templated":true}]}}