{"id":3552,"date":"2025-07-04T09:29:40","date_gmt":"2025-07-04T01:29:40","guid":{"rendered":"http:\/\/47.251.108.7\/?post_type=product&#038;p=3552"},"modified":"2025-07-07T16:47:40","modified_gmt":"2025-07-07T08:47:40","slug":"usb-rechargeable-led-power-bank-digital-messages-scrolling-led-screen-board-on-powerbank-factory-sale-cheap-led-power-bank","status":"publish","type":"product","link":"https:\/\/www.tbdled.com\/pt\/produto\/banco-de-potencia-led-recarregavel-usb-mensagens-digitais-rolando-placa-de-tela-led-no-banco-de-potencia-venda-de-fabrica-banco-de-potencia-led-barato","title":{"rendered":"Banco de pot\u00eancia LED recarreg\u00e1vel USB Mensagens digitais com ecr\u00e3 LED rolante no banco de pot\u00eancia Venda de f\u00e1brica Banco de pot\u00eancia LED barato"},"content":{"rendered":"<p><img loading=\"lazy\" decoding=\"async\" class=\"aligncenter size-full wp-image-1800\" src=\"https:\/\/www.iledshow.com\/wp-content\/uploads\/2023\/06\/\u8be6\u60c5-\u6062\u590d\u7684_01.jpg\" alt=\"\" width=\"790\" height=\"1206\" \/> <img loading=\"lazy\" decoding=\"async\" class=\"aligncenter size-full wp-image-1801\" src=\"https:\/\/www.iledshow.com\/wp-content\/uploads\/2023\/06\/\u8be6\u60c5-\u6062\u590d\u7684_02.jpg\" alt=\"\" width=\"790\" height=\"1003\" \/> <img loading=\"lazy\" decoding=\"async\" class=\"aligncenter size-full wp-image-1802\" src=\"https:\/\/www.iledshow.com\/wp-content\/uploads\/2023\/06\/\u8be6\u60c5-\u6062\u590d\u7684_03.jpg\" alt=\"\" width=\"790\" height=\"888\" \/> <img loading=\"lazy\" decoding=\"async\" class=\"aligncenter size-full wp-image-1803\" src=\"https:\/\/www.iledshow.com\/wp-content\/uploads\/2023\/06\/\u8be6\u60c5-\u6062\u590d\u7684_04.jpg\" alt=\"\" width=\"790\" height=\"852\" \/> <img loading=\"lazy\" decoding=\"async\" class=\"aligncenter size-full wp-image-1804\" src=\"https:\/\/www.iledshow.com\/wp-content\/uploads\/2023\/06\/\u8be6\u60c5-\u6062\u590d\u7684_05.jpg\" alt=\"\" width=\"790\" height=\"619\" \/> <img loading=\"lazy\" decoding=\"async\" class=\"aligncenter size-full wp-image-1805\" src=\"https:\/\/www.iledshow.com\/wp-content\/uploads\/2023\/06\/\u8be6\u60c5-\u6062\u590d\u7684_06.jpg\" alt=\"\" width=\"790\" height=\"847\" \/> <img loading=\"lazy\" decoding=\"async\" class=\"aligncenter size-full wp-image-1806\" src=\"https:\/\/www.iledshow.com\/wp-content\/uploads\/2023\/06\/\u8be6\u60c5-\u6062\u590d\u7684_07.jpg\" alt=\"\" width=\"790\" height=\"960\" \/> <img loading=\"lazy\" decoding=\"async\" class=\"aligncenter size-full wp-image-1807\" src=\"https:\/\/www.iledshow.com\/wp-content\/uploads\/2023\/06\/\u8be6\u60c5-\u6062\u590d\u7684_08.jpg\" alt=\"\" width=\"790\" height=\"992\" \/> <img loading=\"lazy\" decoding=\"async\" class=\"aligncenter size-full wp-image-1808\" src=\"https:\/\/www.iledshow.com\/wp-content\/uploads\/2023\/06\/\u8be6\u60c5-\u6062\u590d\u7684_09.jpg\" alt=\"\" width=\"790\" height=\"1224\" \/> <img loading=\"lazy\" decoding=\"async\" class=\"aligncenter size-full wp-image-1809\" src=\"https:\/\/www.iledshow.com\/wp-content\/uploads\/2023\/06\/\u8be6\u60c5-\u6062\u590d\u7684_10.jpg\" alt=\"\" width=\"790\" height=\"1357\" \/> <img loading=\"lazy\" decoding=\"async\" class=\"aligncenter size-full wp-image-1810\" src=\"https:\/\/www.iledshow.com\/wp-content\/uploads\/2023\/06\/\u8be6\u60c5-\u6062\u590d\u7684_11.jpg\" alt=\"\" width=\"790\" height=\"671\" \/><\/p>\n<p>&nbsp;<\/p>\n<p>&nbsp;<\/p>","protected":false},"excerpt":{"rendered":"<dl class=\"do-entry-item\">\n<dt class=\"do-entry-item\"><span class=\"attr-name J-attr-name\" title=\"Interface de sa\u00edda\" data-spm-anchor-id=\"a2700.details.0.i28.141a467fe56RZG\">Interface de sa\u00edda:<\/span>USB\/DC<\/dt>\n<\/dl>\n<dl class=\"do-entry-item\">\n<dt class=\"do-entry-item\"><span class=\"attr-name J-attr-name\" title=\"Interface de entrada\">Interface de entrada:<\/span>usb<\/dt>\n<\/dl>\n<dl class=\"do-entry-item\">\n<dt class=\"do-entry-item\"><span class=\"attr-name J-attr-name\" title=\"Fun\u00e7\u00e3o\">Fun\u00e7\u00e3o:<\/span>Suporte de carregamento r\u00e1pido, ecr\u00e3 LED<\/dt>\n<\/dl>\n<dl class=\"do-entry-item\">\n<dt class=\"do-entry-item\"><span class=\"attr-name J-attr-name\" title=\"Tipo\">Tipo:<\/span>Carregamento r\u00e1pido, com ficha, alta capacidade, port\u00e1til, ecr\u00e3 LED<\/dt>\n<\/dl>\n<dl class=\"do-entry-item\">\n<dt class=\"do-entry-item\"><span class=\"attr-name J-attr-name\" title=\"Tipo de bateria\">Tipo de bateria:<\/span>Bateria de pol\u00edmero de l\u00edtio<\/dt>\n<\/dl>\n<dl class=\"do-entry-item\">\n<dt class=\"do-entry-item\"><span class=\"attr-name J-attr-name\" title=\"Local de origem\">Local de origem:<\/span>Guangdong, China<\/dt>\n<\/dl>\n<dl class=\"do-entry-item\">\n<dt class=\"do-entry-item\"><span class=\"attr-name J-attr-name\" title=\"Nome da marca\">Nome da marca:<\/span>iledshow<\/dt>\n<\/dl>\n<dl class=\"do-entry-item\">\n<dt class=\"do-entry-item\"><span class=\"attr-name J-attr-name\" title=\"N\u00famero do modelo\">N\u00famero do modelo:<\/span>P801<\/dt>\n<\/dl>\n<dl class=\"do-entry-item\">\n<dt class=\"do-entry-item\"><span class=\"attr-name J-attr-name\" title=\"Peso\">Peso:<\/span>226G<\/dt>\n<\/dl>\n<dl class=\"do-entry-item\">\n<dt class=\"do-entry-item\"><span class=\"attr-name J-attr-name\" title=\"Tomada padr\u00e3o\">Padr\u00e3o de soquete:<\/span>Universal<\/dt>\n<\/dl>\n<dl class=\"do-entry-item\">\n<dt class=\"do-entry-item\"><span class=\"attr-name J-attr-name\" title=\"Prote\u00e7\u00e3o\">Prote\u00e7\u00e3o:<\/span>Sobrecarga, Prote\u00e7\u00e3o contra curto-circuito, Sobrecarga, Baixa tens\u00e3o<\/dt>\n<\/dl>\n<dl class=\"do-entry-item\">\n<dt class=\"do-entry-item\"><span class=\"attr-name J-attr-name\" title=\"Pot\u00eancia de sa\u00edda\">Pot\u00eancia de sa\u00edda:<\/span>15W<\/dt>\n<\/dl>\n<dl class=\"do-entry-item\">\n<dt class=\"do-entry-item\"><span class=\"attr-name J-attr-name\" title=\"Material\">Material:<\/span>ABS<\/dt>\n<\/dl>\n<dl class=\"do-entry-item\">\n<dt class=\"do-entry-item\"><span class=\"attr-name J-attr-name\" title=\"Nome do produto\">Nome do produto:<\/span>BANCO DE POT\u00caNCIA LED<\/dt>\n<\/dl>\n<dl class=\"do-entry-item\">\n<dt class=\"do-entry-item\"><span class=\"attr-name J-attr-name\" title=\"Cor\">Cor:<\/span>Vermelho, azul, verde, amarelo, branco<\/dt>\n<\/dl>\n<dl class=\"do-entry-item\">\n<dt class=\"do-entry-item\"><span class=\"attr-name J-attr-name\" title=\"Dimens\u00e3o\">Dimens\u00e3o:<\/span>158*75*15mm<\/dt>\n<\/dl>\n<dl class=\"do-entry-item\">\n<dt class=\"do-entry-item\"><span class=\"attr-name J-attr-name\" title=\"Tamanho do LED\">Tamanho do LED:<\/span>140*36 mm<\/dt>\n<\/dl>\n<dl class=\"do-entry-item\">\n<dt class=\"do-entry-item\"><span class=\"attr-name J-attr-name\" title=\"Resolu\u00e7\u00e3o LED\">Resolu\u00e7\u00e3o LED:<\/span>12*48 pontos<\/dt>\n<\/dl>\n<dl class=\"do-entry-item\">\n<dt class=\"do-entry-item\"><span class=\"attr-name J-attr-name\" title=\"Entrada\">Entrada:<\/span>5V 3A<\/dt>\n<\/dl>\n<dl class=\"do-entry-item\">\n<dt class=\"do-entry-item\"><span class=\"attr-name J-attr-name\" title=\"Capacidade\">Capacidade:<\/span>10000mAh<\/dt>\n<\/dl>\n<dl class=\"do-entry-item\">\n<dt class=\"do-entry-item\"><span class=\"attr-name J-attr-name\" title=\"Aplica\u00e7\u00e3o\">Aplica\u00e7\u00e3o:<\/span>Telem\u00f3vel inteligente\/para Ipad\/laptop\/c\u00e2mara\/GPS\/mp3<\/dt>\n<\/dl>\n<dl class=\"do-entry-item\">\n<dt class=\"do-entry-item\"><span class=\"attr-name J-attr-name\" title=\"Garantia\">Garantia:<\/span>12 meses<\/dt>\n<\/dl>\n<dl class=\"do-entry-item\" data-spm-anchor-id=\"a2700.details.0.i27.141a467fe56RZG\">\n<dt class=\"do-entry-item\"><span class=\"attr-name J-attr-name\" title=\"Acess\u00f3rios\">Acess\u00f3rios:<\/span>Cabo de liga\u00e7\u00e3o USB<\/dt>\n<\/dl>","protected":false},"featured_media":3688,"comment_status":"open","ping_status":"closed","template":"","meta":{"themepark_post_bcolor":"#f5f5f5","themepark_post_width":"1022px","themepark_post_img":"","themepark_post_img_po":"left","themepark_post_img_re":false,"themepark_post_img_cover":false,"themepark_post_img_fixed":false,"themepark_post_hide_title":false,"themepark_post_main_b":"","themepark_post_main_p":100,"themepark_paddingblock":false},"product_brand":[],"product_cat":[112],"product_tag":[],"class_list":{"0":"post-3552","1":"product","2":"type-product","3":"status-publish","4":"has-post-thumbnail","6":"product_cat-led-gift","8":"first","9":"instock","10":"shipping-taxable","11":"product-type-simple"},"_links":{"self":[{"href":"https:\/\/www.tbdled.com\/pt\/wp-json\/wp\/v2\/product\/3552","targetHints":{"allow":["GET"]}}],"collection":[{"href":"https:\/\/www.tbdled.com\/pt\/wp-json\/wp\/v2\/product"}],"about":[{"href":"https:\/\/www.tbdled.com\/pt\/wp-json\/wp\/v2\/types\/product"}],"replies":[{"embeddable":true,"href":"https:\/\/www.tbdled.com\/pt\/wp-json\/wp\/v2\/comments?post=3552"}],"wp:featuredmedia":[{"embeddable":true,"href":"https:\/\/www.tbdled.com\/pt\/wp-json\/wp\/v2\/media\/3688"}],"wp:attachment":[{"href":"https:\/\/www.tbdled.com\/pt\/wp-json\/wp\/v2\/media?parent=3552"}],"wp:term":[{"taxonomy":"product_brand","embeddable":true,"href":"https:\/\/www.tbdled.com\/pt\/wp-json\/wp\/v2\/product_brand?post=3552"},{"taxonomy":"product_cat","embeddable":true,"href":"https:\/\/www.tbdled.com\/pt\/wp-json\/wp\/v2\/product_cat?post=3552"},{"taxonomy":"product_tag","embeddable":true,"href":"https:\/\/www.tbdled.com\/pt\/wp-json\/wp\/v2\/product_tag?post=3552"}],"curies":[{"name":"wp","href":"https:\/\/api.w.org\/{rel}","templated":true}]}}