{"id":3570,"date":"2025-07-04T09:31:45","date_gmt":"2025-07-04T01:31:45","guid":{"rendered":"http:\/\/47.251.108.7\/?post_type=product&#038;p=3570"},"modified":"2025-10-28T17:14:04","modified_gmt":"2025-10-28T09:14:04","slug":"bike-tail-light-led-rear-bike-light-usb-rechargeable-smart-bicycle-taillight-waterproof-led-lamp-safety-light","status":"publish","type":"product","link":"https:\/\/www.tbdled.com\/pt\/produto\/luz-traseira-para-bicicleta-luz-traseira-para-bicicleta-recarregavel-usb-luz-traseira-inteligente-para-bicicleta-luz-traseira-impermeavel-lampada-led-luz-de-seguranca","title":{"rendered":"Luz traseira de bicicleta LED Luz traseira de bicicleta USB recarreg\u00e1vel Luz traseira de bicicleta inteligente Luz de seguran\u00e7a de l\u00e2mpada LED imperme\u00e1vel"},"content":{"rendered":"<p><img loading=\"lazy\" decoding=\"async\" class=\"aligncenter size-full wp-image-2319\" src=\"https:\/\/www.iledshow.com\/wp-content\/uploads\/2023\/07\/\u82f1\u6587\u8be6\u60c5\u9875_01.jpg\" alt=\"\" width=\"790\" height=\"1503\" \/> <img loading=\"lazy\" decoding=\"async\" class=\"aligncenter size-full wp-image-2320\" src=\"https:\/\/www.iledshow.com\/wp-content\/uploads\/2023\/07\/\u82f1\u6587\u8be6\u60c5\u9875_02.jpg\" alt=\"\" width=\"790\" height=\"682\" \/> <img loading=\"lazy\" decoding=\"async\" class=\"aligncenter size-full wp-image-2321\" src=\"https:\/\/www.iledshow.com\/wp-content\/uploads\/2023\/07\/\u82f1\u6587\u8be6\u60c5\u9875_03.jpg\" alt=\"\" width=\"790\" height=\"835\" \/> <img loading=\"lazy\" decoding=\"async\" class=\"aligncenter size-full wp-image-2322\" src=\"https:\/\/www.iledshow.com\/wp-content\/uploads\/2023\/07\/\u82f1\u6587\u8be6\u60c5\u9875_04.jpg\" alt=\"\" width=\"790\" height=\"804\" \/> <img loading=\"lazy\" decoding=\"async\" class=\"aligncenter size-full wp-image-2323\" src=\"https:\/\/www.iledshow.com\/wp-content\/uploads\/2023\/07\/\u82f1\u6587\u8be6\u60c5\u9875_05.jpg\" alt=\"\" width=\"790\" height=\"786\" \/> <img loading=\"lazy\" decoding=\"async\" class=\"aligncenter size-full wp-image-2324\" src=\"https:\/\/www.iledshow.com\/wp-content\/uploads\/2023\/07\/\u82f1\u6587\u8be6\u60c5\u9875_06.jpg\" alt=\"\" width=\"790\" height=\"1329\" \/> <img loading=\"lazy\" decoding=\"async\" class=\"aligncenter size-full wp-image-2325\" src=\"https:\/\/www.iledshow.com\/wp-content\/uploads\/2023\/07\/\u82f1\u6587\u8be6\u60c5\u9875_07.jpg\" alt=\"\" width=\"790\" height=\"1066\" \/> <img loading=\"lazy\" decoding=\"async\" class=\"aligncenter size-full wp-image-2326\" src=\"https:\/\/www.iledshow.com\/wp-content\/uploads\/2023\/07\/\u82f1\u6587\u8be6\u60c5\u9875_08.jpg\" alt=\"\" width=\"790\" height=\"1185\" \/> <img loading=\"lazy\" decoding=\"async\" class=\"aligncenter size-full wp-image-2327\" src=\"https:\/\/www.iledshow.com\/wp-content\/uploads\/2023\/07\/\u82f1\u6587\u8be6\u60c5\u9875_09.jpg\" alt=\"\" width=\"790\" height=\"990\" \/> <img loading=\"lazy\" decoding=\"async\" class=\"aligncenter size-full wp-image-2328\" src=\"https:\/\/www.iledshow.com\/wp-content\/uploads\/2023\/07\/\u82f1\u6587\u8be6\u60c5\u9875_10.jpg\" alt=\"\" width=\"790\" height=\"908\" \/> <img loading=\"lazy\" decoding=\"async\" class=\"aligncenter size-full wp-image-2329\" src=\"https:\/\/www.iledshow.com\/wp-content\/uploads\/2023\/07\/\u82f1\u6587\u8be6\u60c5\u9875_11.jpg\" alt=\"\" width=\"790\" height=\"967\" \/> <img loading=\"lazy\" decoding=\"async\" class=\"aligncenter size-full wp-image-2330\" src=\"https:\/\/www.iledshow.com\/wp-content\/uploads\/2023\/07\/\u82f1\u6587\u8be6\u60c5\u9875_12.jpg\" alt=\"\" width=\"790\" height=\"1242\" \/> <img loading=\"lazy\" decoding=\"async\" class=\"aligncenter size-full wp-image-2331\" src=\"https:\/\/www.iledshow.com\/wp-content\/uploads\/2023\/07\/\u82f1\u6587\u8be6\u60c5\u9875_13.jpg\" alt=\"\" width=\"790\" height=\"816\" \/> <img loading=\"lazy\" decoding=\"async\" class=\"aligncenter size-full wp-image-2332\" src=\"https:\/\/www.iledshow.com\/wp-content\/uploads\/2023\/07\/\u82f1\u8be6\u60c5\u9875_1311.jpg\" alt=\"\" width=\"750\" height=\"683\" \/> <img loading=\"lazy\" decoding=\"async\" class=\"aligncenter size-full wp-image-2333\" src=\"https:\/\/www.iledshow.com\/wp-content\/uploads\/2023\/07\/\u82f1\u8be6\u60c5\u9875_1411.jpg\" alt=\"\" width=\"750\" height=\"649\" \/><\/p>\n<p><img loading=\"lazy\" decoding=\"async\" class=\"aligncenter size-full wp-image-2318\" src=\"https:\/\/www.iledshow.com\/wp-content\/uploads\/2023\/07\/\u82f1\u8be6\u60c5\u9875_1511.jpg\" alt=\"\" width=\"750\" height=\"680\" \/><\/p>","protected":false},"excerpt":{"rendered":"<dl class=\"do-entry-item\">\n<dt class=\"do-entry-item\"><span class=\"attr-name J-attr-name\" title=\"Aplica\u00e7\u00e3o\" data-spm-anchor-id=\"a2700.details.0.i31.b1795b29u6Wbhs\">Aplica\u00e7\u00e3o:<\/span>Sinal luminoso para publicidade de bicicletas\/motociclos\/autom\u00f3veis, expositor luminoso para publicidade de bicicletas, motociclos e autom\u00f3veis<\/dt>\n<\/dl>\n<dl class=\"do-entry-item\">\n<dt class=\"do-entry-item\"><span class=\"attr-name J-attr-name\" title=\"Tipo\">Tipo:<\/span>LED<\/dt>\n<\/dl>\n<dl class=\"do-entry-item\">\n<dt class=\"do-entry-item\"><span class=\"attr-name J-attr-name\" title=\"Cor\">Cor:<\/span>cor rgb<\/dt>\n<\/dl>\n<dl class=\"do-entry-item\">\n<dt class=\"do-entry-item\"><span class=\"attr-name J-attr-name\" title=\"Tamanho do painel\">Tamanho do painel:<\/span>10,7*10,7 cm<\/dt>\n<\/dl>\n<dl class=\"do-entry-item\">\n<dt class=\"do-entry-item\"><span class=\"attr-name J-attr-name\" title=\"Tipo de fornecedor\">Tipo de fornecedor:<\/span>Fabricante original, ODM, OEM<\/dt>\n<\/dl>\n<dl class=\"do-entry-item\">\n<dt class=\"do-entry-item\"><span class=\"attr-name J-attr-name\" title=\"Meios dispon\u00edveis\">Meios de comunica\u00e7\u00e3o dispon\u00edveis:<\/span>ficha de dados, Fotografia<\/dt>\n<\/dl>\n<dl class=\"do-entry-item\">\n<dt class=\"do-entry-item\"><span class=\"attr-name J-attr-name\" title=\"Local de origem\">Local de origem:<\/span>Guangdong, China<\/dt>\n<\/dl>\n<dl class=\"do-entry-item\">\n<dt class=\"do-entry-item\"><span class=\"attr-name J-attr-name\" title=\"N\u00famero do modelo\">N\u00famero do modelo:<\/span>BK3232<\/dt>\n<\/dl>\n<dl class=\"do-entry-item\">\n<dt class=\"do-entry-item\"><span class=\"attr-name J-attr-name\" title=\"Nome da marca\">Nome da marca:<\/span>ILEDSHOW<\/dt>\n<\/dl>\n<dl class=\"do-entry-item\">\n<dt class=\"do-entry-item\"><span class=\"attr-name J-attr-name\" title=\"utiliza\u00e7\u00e3o\">Utilizar:<\/span>publica\u00e7\u00e3o de publicidade, loja de retalho, centro comercial, sala de exposi\u00e7\u00f5es, aeroporto, metro, elevador<\/dt>\n<\/dl>\n<dl class=\"do-entry-item\">\n<dt class=\"do-entry-item\"><span class=\"attr-name J-attr-name\" title=\"Passo do pixel\">Pixel Pitch:<\/span>4mm<\/dt>\n<\/dl>\n<dl class=\"do-entry-item\">\n<dt class=\"do-entry-item\"><span class=\"attr-name J-attr-name\" title=\"Especifica\u00e7\u00e3o\">Especifica\u00e7\u00e3o:<\/span>program\u00e1vel por aplica\u00e7\u00e3o<\/dt>\n<\/dl>\n<dl class=\"do-entry-item\">\n<dt class=\"do-entry-item\"><span class=\"attr-name J-attr-name\" title=\"densidade de p\u00edxeis\">densidade de p\u00edxeis:<\/span>32*32pontos<\/dt>\n<\/dl>\n<dl class=\"do-entry-item\">\n<dt class=\"do-entry-item\"><span class=\"attr-name J-attr-name\" title=\"C\u00f3digo SH\">C\u00f3digo HS:<\/span>85312000<\/dt>\n<\/dl>\n<dl class=\"do-entry-item\">\n<dt class=\"do-entry-item\"><span class=\"attr-name J-attr-name\" title=\"Resolu\u00e7\u00e3o\">Resolu\u00e7\u00e3o:<\/span>32*32 p\u00edxeis<\/dt>\n<\/dl>\n<dl class=\"do-entry-item\">\n<dt class=\"do-entry-item\"><span class=\"attr-name J-attr-name\" title=\"Nome do produto\">Nome do produto:<\/span>luz eletr\u00f3nica para bicicletas visor led<\/dt>\n<\/dl>\n<dl class=\"do-entry-item\">\n<dt class=\"do-entry-item\"><span class=\"attr-name J-attr-name\" title=\"Resolu\u00e7\u00e3o LED\">Resolu\u00e7\u00e3o LED:<\/span>32*32 pontos<\/dt>\n<\/dl>\n<dl class=\"do-entry-item\">\n<dt class=\"do-entry-item\"><span class=\"attr-name J-attr-name\" title=\"cor do led\">cor do led:<\/span>Cor RGB<\/dt>\n<\/dl>\n<dl class=\"do-entry-item\">\n<dt class=\"do-entry-item\"><span class=\"attr-name J-attr-name\" title=\"Controlo LED\">Controlo LED:<\/span>Aplica\u00e7\u00e3o para telem\u00f3vel sem fios + controlo remoto<\/dt>\n<\/dl>\n<dl class=\"do-entry-item\">\n<dt class=\"do-entry-item\"><span class=\"attr-name J-attr-name\" title=\"Tamanho do LED\">Tamanho do LED:<\/span>105*105 mm<\/dt>\n<\/dl>\n<dl class=\"do-entry-item\">\n<dt class=\"do-entry-item\"><span class=\"attr-name J-attr-name\" title=\"Tens\u00e3o\">Tens\u00e3o:<\/span>DC5V<\/dt>\n<\/dl>\n<dl class=\"do-entry-item\">\n<dt class=\"do-entry-item\"><span class=\"attr-name J-attr-name\" title=\"Fonte de alimenta\u00e7\u00e3o\">Fonte de alimenta\u00e7\u00e3o:<\/span>bateria recarreg\u00e1vel no interior<\/dt>\n<\/dl>\n<dl class=\"do-entry-item\">\n<dt class=\"do-entry-item\"><span class=\"attr-name J-attr-name\" title=\"Material\">Material:<\/span>Caixa de alum\u00ednio + painel de vidro temperado<\/dt>\n<\/dl>\n<dl class=\"do-entry-item\" data-spm-anchor-id=\"a2700.details.0.i29.b1795b29u6Wbhs\">\n<dt class=\"do-entry-item\"><span class=\"attr-name J-attr-name\" title=\"Garantia\">Garantia:<\/span>1 ano \/ 12 meses<\/dt>\n<\/dl>","protected":false},"featured_media":3698,"comment_status":"open","ping_status":"closed","template":"","meta":{"themepark_post_bcolor":"#f5f5f5","themepark_post_width":"1022px","themepark_post_img":"","themepark_post_img_po":"left","themepark_post_img_re":false,"themepark_post_img_cover":false,"themepark_post_img_fixed":false,"themepark_post_hide_title":false,"themepark_post_main_b":"","themepark_post_main_p":100,"themepark_paddingblock":false},"product_brand":[],"product_cat":[109],"product_tag":[],"class_list":{"0":"post-3570","1":"product","2":"type-product","3":"status-publish","4":"has-post-thumbnail","6":"product_cat-led-bike-light","8":"first","9":"instock","10":"shipping-taxable","11":"purchasable","12":"product-type-simple"},"_links":{"self":[{"href":"https:\/\/www.tbdled.com\/pt\/wp-json\/wp\/v2\/product\/3570","targetHints":{"allow":["GET"]}}],"collection":[{"href":"https:\/\/www.tbdled.com\/pt\/wp-json\/wp\/v2\/product"}],"about":[{"href":"https:\/\/www.tbdled.com\/pt\/wp-json\/wp\/v2\/types\/product"}],"replies":[{"embeddable":true,"href":"https:\/\/www.tbdled.com\/pt\/wp-json\/wp\/v2\/comments?post=3570"}],"wp:featuredmedia":[{"embeddable":true,"href":"https:\/\/www.tbdled.com\/pt\/wp-json\/wp\/v2\/media\/3698"}],"wp:attachment":[{"href":"https:\/\/www.tbdled.com\/pt\/wp-json\/wp\/v2\/media?parent=3570"}],"wp:term":[{"taxonomy":"product_brand","embeddable":true,"href":"https:\/\/www.tbdled.com\/pt\/wp-json\/wp\/v2\/product_brand?post=3570"},{"taxonomy":"product_cat","embeddable":true,"href":"https:\/\/www.tbdled.com\/pt\/wp-json\/wp\/v2\/product_cat?post=3570"},{"taxonomy":"product_tag","embeddable":true,"href":"https:\/\/www.tbdled.com\/pt\/wp-json\/wp\/v2\/product_tag?post=3570"}],"curies":[{"name":"wp","href":"https:\/\/api.w.org\/{rel}","templated":true}]}}