{"id":3571,"date":"2025-07-04T09:31:45","date_gmt":"2025-07-04T01:31:45","guid":{"rendered":"http:\/\/47.251.108.7\/?post_type=product&#038;p=3571"},"modified":"2025-10-30T10:51:05","modified_gmt":"2025-10-30T02:51:05","slug":"12v-remote-led-car-sign-programmable-scrolling-message-sign-board-for-car-shop-store","status":"publish","type":"product","link":"https:\/\/www.tbdled.com\/pt\/produto\/12v-remoto-levou-carro-sinal-programavel-rolagem-mensagem-placa-de-sinal-para-loja-de-carro-loja","title":{"rendered":"Sinal de carro com LED remoto 12v Painel de sinaliza\u00e7\u00e3o de mensagem de rolagem program\u00e1vel para loja de autom\u00f3veis"},"content":{"rendered":"<p><img loading=\"lazy\" decoding=\"async\" class=\"aligncenter size-full wp-image-1872\" src=\"https:\/\/www.iledshow.com\/wp-content\/uploads\/2023\/07\/\u8be6\u60c5\u9875-\u82f1_01.jpg\" alt=\"\" width=\"790\" height=\"2296\" \/> <img loading=\"lazy\" decoding=\"async\" class=\"aligncenter size-full wp-image-1873\" src=\"https:\/\/www.iledshow.com\/wp-content\/uploads\/2023\/07\/\u8be6\u60c5\u9875-\u82f1_02.jpg\" alt=\"\" width=\"790\" height=\"2297\" \/> <img loading=\"lazy\" decoding=\"async\" class=\"aligncenter size-full wp-image-1874\" src=\"https:\/\/www.iledshow.com\/wp-content\/uploads\/2023\/07\/\u8be6\u60c5\u9875-\u82f1_03.jpg\" alt=\"\" width=\"790\" height=\"2296\" \/> <img loading=\"lazy\" decoding=\"async\" class=\"aligncenter size-full wp-image-1875\" src=\"https:\/\/www.iledshow.com\/wp-content\/uploads\/2023\/07\/\u8be6\u60c5\u9875-\u82f1_04.jpg\" alt=\"\" width=\"790\" height=\"2297\" \/> <img loading=\"lazy\" decoding=\"async\" class=\"aligncenter size-full wp-image-1876\" src=\"https:\/\/www.iledshow.com\/wp-content\/uploads\/2023\/07\/\u8be6\u60c5\u9875-\u82f1_05.jpg\" alt=\"\" width=\"790\" height=\"2296\" \/> <img loading=\"lazy\" decoding=\"async\" class=\"aligncenter size-full wp-image-1877\" src=\"https:\/\/www.iledshow.com\/wp-content\/uploads\/2023\/07\/\u8be6\u60c5\u9875-\u82f1_06.jpg\" alt=\"\" width=\"790\" height=\"2297\" \/> <img loading=\"lazy\" decoding=\"async\" class=\"aligncenter size-full wp-image-1878\" src=\"https:\/\/www.iledshow.com\/wp-content\/uploads\/2023\/07\/\u8be6\u60c5\u9875-\u82f1_07.jpg\" alt=\"\" width=\"790\" height=\"2296\" \/><\/p>","protected":false},"excerpt":{"rendered":"<dl class=\"do-entry-item\">\n<dt class=\"do-entry-item\"><span class=\"attr-name J-attr-name\" title=\"Aplica\u00e7\u00e3o\" data-spm-anchor-id=\"a2700.details.0.i30.13323629Noegnj\">Aplica\u00e7\u00e3o:<\/span>Expositor publicit\u00e1rio interior, semi-exterior, interior de autom\u00f3vel<\/dt>\n<\/dl>\n<dl class=\"do-entry-item\">\n<dt class=\"do-entry-item\"><span class=\"attr-name J-attr-name\" title=\"Cor\">Cor:<\/span>Vermelho<\/dt>\n<\/dl>\n<dl class=\"do-entry-item\">\n<dt class=\"do-entry-item\"><span class=\"attr-name J-attr-name\" title=\"Tamanho do painel\">Tamanho do painel:<\/span>340*50*10 MM<\/dt>\n<\/dl>\n<dl class=\"do-entry-item\">\n<dt class=\"do-entry-item\"><span class=\"attr-name J-attr-name\" title=\"Tipo de fornecedor\">Tipo de fornecedor:<\/span>Fabricante original, ODM, OEM<\/dt>\n<\/dl>\n<dl class=\"do-entry-item\">\n<dt class=\"do-entry-item\"><span class=\"attr-name J-attr-name\" title=\"Meios dispon\u00edveis\">Meios de comunica\u00e7\u00e3o dispon\u00edveis:<\/span>ficha de dados, Fotografia<\/dt>\n<\/dl>\n<dl class=\"do-entry-item\"><\/dl>\n<dl class=\"do-entry-item\" data-spm-anchor-id=\"a2700.details.0.i29.13323629Noegnj\">\n<dt class=\"do-entry-item\">\n<dl class=\"do-entry-item\">\n<dt class=\"do-entry-item\"><span class=\"attr-name J-attr-name\" title=\"Local de origem\">Local de origem:<\/span>Guangdong, China<\/dt>\n<\/dl>\n<dl class=\"do-entry-item\">\n<dt class=\"do-entry-item\"><span class=\"attr-name J-attr-name\" title=\"N\u00famero do modelo\">N\u00famero do modelo:<\/span>D740<\/dt>\n<\/dl>\n<dl class=\"do-entry-item\">\n<dt class=\"do-entry-item\"><span class=\"attr-name J-attr-name\" title=\"Nome da marca\">Nome da marca:<\/span>iLEDSHOW<\/dt>\n<\/dl>\n<dl class=\"do-entry-item\">\n<dt class=\"do-entry-item\"><span class=\"attr-name J-attr-name\" title=\"utiliza\u00e7\u00e3o\">Utilizar:<\/span>publica\u00e7\u00e3o de publicidade, loja de retalho, centro comercial, aeroporto, metro, material para restaurantes e hot\u00e9is<\/dt>\n<\/dl>\n<dl class=\"do-entry-item\">\n<dt class=\"do-entry-item\"><span class=\"attr-name J-attr-name\" title=\"Fun\u00e7\u00e3o\">Fun\u00e7\u00e3o:<\/span>SDK, Ecr\u00e3 digital<\/dt>\n<\/dl>\n<dl class=\"do-entry-item\">\n<dt class=\"do-entry-item\"><span class=\"attr-name J-attr-name\" title=\"Passo do pixel\">Pixel Pitch:<\/span>5mm<\/dt>\n<\/dl>\n<dl class=\"do-entry-item\">\n<dt class=\"do-entry-item\"><span class=\"attr-name J-attr-name\" title=\"Especifica\u00e7\u00e3o\">Especifica\u00e7\u00e3o:<\/span>ecr\u00e3 LED<\/dt>\n<\/dl>\n<dl class=\"do-entry-item\">\n<dt class=\"do-entry-item\"><span class=\"attr-name J-attr-name\" title=\"Nome do produto\">Nome do produto:<\/span>Sinal de carro com LED remoto Dc 12v<\/dt>\n<\/dl>\n<dl class=\"do-entry-item\">\n<dt class=\"do-entry-item\"><span class=\"attr-name J-attr-name\" title=\"Resolu\u00e7\u00e3o LED\">Resolu\u00e7\u00e3o LED:<\/span>7-50 pontos<\/dt>\n<\/dl>\n<dl class=\"do-entry-item\">\n<dt class=\"do-entry-item\"><span class=\"attr-name J-attr-name\" title=\"Tamanho do produto\">Tamanho do produto:<\/span>340*50*10 mm<\/dt>\n<\/dl>\n<dl class=\"do-entry-item\">\n<dt class=\"do-entry-item\"><span class=\"attr-name J-attr-name\" title=\"Sistema de controlo\">Sistema de controlo:<\/span>Controlo remoto<\/dt>\n<\/dl>\n<dl class=\"do-entry-item\">\n<dt class=\"do-entry-item\"><span class=\"attr-name J-attr-name\" title=\"Material\">Material:<\/span>AL+ABS+LED<\/dt>\n<\/dl>\n<dl class=\"do-entry-item\">\n<dt class=\"do-entry-item\"><span class=\"attr-name J-attr-name\" title=\"Servi\u00e7o p\u00f3s-venda prestado\">Servi\u00e7o p\u00f3s-venda prestado:<\/span>Suporte online<\/dt>\n<\/dl>\n<dl class=\"do-entry-item\">\n<dt class=\"do-entry-item\"><span class=\"attr-name J-attr-name\" title=\"Fun\u00e7\u00e3o de visualiza\u00e7\u00e3o\">Fun\u00e7\u00e3o de visualiza\u00e7\u00e3o:<\/span>Mensagem em movimento<\/dt>\n<\/dl>\n<dl class=\"do-entry-item\" data-spm-anchor-id=\"a2700.details.0.i29.13323629Noegnj\">\n<dt class=\"do-entry-item\"><span class=\"attr-name J-attr-name\" title=\"Garantia\">Garantia:<\/span>1 ano<\/dt>\n<\/dl>\n<\/dt>\n<\/dl>","protected":false},"featured_media":3707,"comment_status":"open","ping_status":"closed","template":"","meta":{"themepark_post_bcolor":"#f5f5f5","themepark_post_width":"1022px","themepark_post_img":"","themepark_post_img_po":"left","themepark_post_img_re":false,"themepark_post_img_cover":false,"themepark_post_img_fixed":false,"themepark_post_hide_title":false,"themepark_post_main_b":"","themepark_post_main_p":100,"themepark_paddingblock":false},"product_brand":[],"product_cat":[116],"product_tag":[],"class_list":{"0":"post-3571","1":"product","2":"type-product","3":"status-publish","4":"has-post-thumbnail","6":"product_cat-led-advertising-screen-warning-screen","8":"first","9":"instock","10":"shipping-taxable","11":"purchasable","12":"product-type-simple"},"_links":{"self":[{"href":"https:\/\/www.tbdled.com\/pt\/wp-json\/wp\/v2\/product\/3571","targetHints":{"allow":["GET"]}}],"collection":[{"href":"https:\/\/www.tbdled.com\/pt\/wp-json\/wp\/v2\/product"}],"about":[{"href":"https:\/\/www.tbdled.com\/pt\/wp-json\/wp\/v2\/types\/product"}],"replies":[{"embeddable":true,"href":"https:\/\/www.tbdled.com\/pt\/wp-json\/wp\/v2\/comments?post=3571"}],"wp:featuredmedia":[{"embeddable":true,"href":"https:\/\/www.tbdled.com\/pt\/wp-json\/wp\/v2\/media\/3707"}],"wp:attachment":[{"href":"https:\/\/www.tbdled.com\/pt\/wp-json\/wp\/v2\/media?parent=3571"}],"wp:term":[{"taxonomy":"product_brand","embeddable":true,"href":"https:\/\/www.tbdled.com\/pt\/wp-json\/wp\/v2\/product_brand?post=3571"},{"taxonomy":"product_cat","embeddable":true,"href":"https:\/\/www.tbdled.com\/pt\/wp-json\/wp\/v2\/product_cat?post=3571"},{"taxonomy":"product_tag","embeddable":true,"href":"https:\/\/www.tbdled.com\/pt\/wp-json\/wp\/v2\/product_tag?post=3571"}],"curies":[{"name":"wp","href":"https:\/\/api.w.org\/{rel}","templated":true}]}}