{"id":3834,"date":"2025-07-04T14:42:24","date_gmt":"2025-07-04T06:42:24","guid":{"rendered":"http:\/\/47.251.108.7\/?post_type=product&#038;p=3834"},"modified":"2025-10-28T17:12:23","modified_gmt":"2025-10-28T09:12:23","slug":"mini-led-signs-rechargeable-wireless-bluetooth-led-message-sign-smart-app-control-programmable-custom-led-matrix-panel-for-message-tag-led-badge-business-card","status":"publish","type":"product","link":"https:\/\/www.tbdled.com\/pt\/produto\/mini-letreiros-led-recarregaveis-sem-fios-bluetooth-led-sinal-de-mensagem-controlo-de-aplicacao-inteligente-programavel-painel-de-matriz-led-personalizado-para-mensagem-tag-led-cartao-de-visita","title":{"rendered":"Mini letreiro LED letreiro de mensagem LED Bluetooth sem fio recarreg\u00e1vel, controle de aplicativo inteligente program\u00e1vel painel de matriz de LED personalizado para etiqueta de mensagem cart\u00e3o de visita de crach\u00e1 de LED"},"content":{"rendered":"<p><img loading=\"lazy\" decoding=\"async\" class=\"aligncenter size-full wp-image-2654\" src=\"https:\/\/www.iledshow.com\/wp-content\/uploads\/2024\/03\/\u82f1\u6587\u8be6\u60c5\u9875_02.jpg\" alt=\"\" width=\"790\" height=\"701\" \/> <img loading=\"lazy\" decoding=\"async\" class=\"aligncenter size-full wp-image-2655\" src=\"https:\/\/www.iledshow.com\/wp-content\/uploads\/2024\/03\/\u82f1\u6587\u8be6\u60c5\u9875_03.jpg\" alt=\"\" width=\"790\" height=\"523\" \/> <img loading=\"lazy\" decoding=\"async\" class=\"aligncenter size-full wp-image-2656\" src=\"https:\/\/www.iledshow.com\/wp-content\/uploads\/2024\/03\/\u82f1\u6587\u8be6\u60c5\u9875_04.jpg\" alt=\"\" width=\"790\" height=\"710\" \/> <img loading=\"lazy\" decoding=\"async\" class=\"aligncenter size-full wp-image-2657\" src=\"https:\/\/www.iledshow.com\/wp-content\/uploads\/2024\/03\/\u82f1\u6587\u8be6\u60c5\u9875_05.jpg\" alt=\"\" width=\"790\" height=\"526\" \/> <img loading=\"lazy\" decoding=\"async\" class=\"aligncenter size-full wp-image-2658\" src=\"https:\/\/www.iledshow.com\/wp-content\/uploads\/2024\/03\/\u82f1\u6587\u8be6\u60c5\u9875_06.jpg\" alt=\"\" width=\"790\" height=\"795\" \/> <img loading=\"lazy\" decoding=\"async\" class=\"aligncenter size-full wp-image-2659\" src=\"https:\/\/www.iledshow.com\/wp-content\/uploads\/2024\/03\/\u82f1\u6587\u8be6\u60c5\u9875_07.jpg\" alt=\"\" width=\"790\" height=\"957\" \/> <img loading=\"lazy\" decoding=\"async\" class=\"aligncenter size-full wp-image-2660\" src=\"https:\/\/www.iledshow.com\/wp-content\/uploads\/2024\/03\/\u82f1\u6587\u8be6\u60c5\u9875_08.jpg\" alt=\"\" width=\"790\" height=\"1635\" \/> <img loading=\"lazy\" decoding=\"async\" class=\"aligncenter size-full wp-image-2661\" src=\"https:\/\/www.iledshow.com\/wp-content\/uploads\/2024\/03\/\u82f1\u6587\u8be6\u60c5\u9875_09.jpg\" alt=\"\" width=\"790\" height=\"1433\" \/> <img loading=\"lazy\" decoding=\"async\" class=\"aligncenter size-full wp-image-2662\" src=\"https:\/\/www.iledshow.com\/wp-content\/uploads\/2024\/03\/\u82f1\u6587\u8be6\u60c5\u9875_10.jpg\" alt=\"\" width=\"790\" height=\"1095\" \/> <img loading=\"lazy\" decoding=\"async\" class=\"aligncenter size-full wp-image-2663\" src=\"https:\/\/www.iledshow.com\/wp-content\/uploads\/2024\/03\/\u82f1\u6587\u8be6\u60c5\u9875_11.jpg\" alt=\"\" width=\"790\" height=\"937\" \/> <img loading=\"lazy\" decoding=\"async\" class=\"aligncenter size-full wp-image-2664\" src=\"https:\/\/www.iledshow.com\/wp-content\/uploads\/2024\/03\/\u82f1\u6587\u8be6\u60c5\u9875_12.jpg\" alt=\"\" width=\"790\" height=\"1021\" \/> <img loading=\"lazy\" decoding=\"async\" class=\"aligncenter size-full wp-image-2665\" src=\"https:\/\/www.iledshow.com\/wp-content\/uploads\/2024\/03\/\u82f1\u6587\u8be6\u60c5\u9875_13.jpg\" alt=\"\" width=\"790\" height=\"819\" \/> <img loading=\"lazy\" decoding=\"async\" class=\"aligncenter size-full wp-image-2666\" src=\"https:\/\/www.iledshow.com\/wp-content\/uploads\/2024\/03\/\u82f1\u6587\u8be6\u60c5\u9875_14.jpg\" alt=\"\" width=\"790\" height=\"1611\" \/><\/p>","protected":false},"excerpt":{"rendered":"","protected":false},"featured_media":3858,"comment_status":"closed","ping_status":"closed","template":"","meta":{"themepark_post_bcolor":"#f5f5f5","themepark_post_width":"1022px","themepark_post_img":"","themepark_post_img_po":"left","themepark_post_img_re":false,"themepark_post_img_cover":false,"themepark_post_img_fixed":false,"themepark_post_hide_title":false,"themepark_post_main_b":"","themepark_post_main_p":100,"themepark_paddingblock":false},"product_brand":[],"product_cat":[112],"product_tag":[],"class_list":{"0":"post-3834","1":"product","2":"type-product","3":"status-publish","4":"has-post-thumbnail","6":"product_cat-led-gift","8":"first","9":"instock","10":"shipping-taxable","11":"product-type-simple"},"_links":{"self":[{"href":"https:\/\/www.tbdled.com\/pt\/wp-json\/wp\/v2\/product\/3834","targetHints":{"allow":["GET"]}}],"collection":[{"href":"https:\/\/www.tbdled.com\/pt\/wp-json\/wp\/v2\/product"}],"about":[{"href":"https:\/\/www.tbdled.com\/pt\/wp-json\/wp\/v2\/types\/product"}],"replies":[{"embeddable":true,"href":"https:\/\/www.tbdled.com\/pt\/wp-json\/wp\/v2\/comments?post=3834"}],"wp:featuredmedia":[{"embeddable":true,"href":"https:\/\/www.tbdled.com\/pt\/wp-json\/wp\/v2\/media\/3858"}],"wp:attachment":[{"href":"https:\/\/www.tbdled.com\/pt\/wp-json\/wp\/v2\/media?parent=3834"}],"wp:term":[{"taxonomy":"product_brand","embeddable":true,"href":"https:\/\/www.tbdled.com\/pt\/wp-json\/wp\/v2\/product_brand?post=3834"},{"taxonomy":"product_cat","embeddable":true,"href":"https:\/\/www.tbdled.com\/pt\/wp-json\/wp\/v2\/product_cat?post=3834"},{"taxonomy":"product_tag","embeddable":true,"href":"https:\/\/www.tbdled.com\/pt\/wp-json\/wp\/v2\/product_tag?post=3834"}],"curies":[{"name":"wp","href":"https:\/\/api.w.org\/{rel}","templated":true}]}}