{"id":3841,"date":"2025-07-04T14:42:25","date_gmt":"2025-07-04T06:42:25","guid":{"rendered":"http:\/\/47.251.108.7\/?post_type=product&#038;p=3841"},"modified":"2025-07-07T16:21:44","modified_gmt":"2025-07-07T08:21:44","slug":"rgb-full-color-screen-led-backpack-with-advertising-display-smart-laptop-business-bag-fashion-style","status":"publish","type":"product","link":"https:\/\/www.tbdled.com\/pt\/produto\/mochila-led-com-ecra-a-cores-rgb-com-ecra-publicitario-bolsa-de-negocios-para-portatil-inteligente-estilo-moda","title":{"rendered":"Mochila LED com ecr\u00e3 a cores RGB e ecr\u00e3 publicit\u00e1rio Bolsa para computador port\u00e1til inteligente Estilo de moda"},"content":{"rendered":"<p><img loading=\"lazy\" decoding=\"async\" class=\"aligncenter size-full wp-image-2916\" src=\"https:\/\/www.iledshow.com\/wp-content\/uploads\/2024\/06\/1632\u65b9\u5f62\u5305\u82f1\u6587\u8be6\u60c5\u9875_02.jpg\" alt=\"\" width=\"790\" height=\"1246\" \/> <img loading=\"lazy\" decoding=\"async\" class=\"aligncenter size-full wp-image-2917\" src=\"https:\/\/www.iledshow.com\/wp-content\/uploads\/2024\/06\/1632\u65b9\u5f62\u5305\u82f1\u6587\u8be6\u60c5\u9875_03.jpg\" alt=\"\" width=\"790\" height=\"709\" \/> <img loading=\"lazy\" decoding=\"async\" class=\"aligncenter size-full wp-image-2918\" src=\"https:\/\/www.iledshow.com\/wp-content\/uploads\/2024\/06\/1632\u65b9\u5f62\u5305\u82f1\u6587\u8be6\u60c5\u9875_04.jpg\" alt=\"\" width=\"790\" height=\"1220\" \/> <img loading=\"lazy\" decoding=\"async\" class=\"aligncenter size-full wp-image-2919\" src=\"https:\/\/www.iledshow.com\/wp-content\/uploads\/2024\/06\/1632\u65b9\u5f62\u5305\u82f1\u6587\u8be6\u60c5\u9875_05.jpg\" alt=\"\" width=\"790\" height=\"1022\" \/> <img loading=\"lazy\" decoding=\"async\" class=\"aligncenter size-full wp-image-2920\" src=\"https:\/\/www.iledshow.com\/wp-content\/uploads\/2024\/06\/1632\u65b9\u5f62\u5305\u82f1\u6587\u8be6\u60c5\u9875_06.jpg\" alt=\"\" width=\"790\" height=\"1108\" \/> <img loading=\"lazy\" decoding=\"async\" class=\"aligncenter size-full wp-image-2921\" src=\"https:\/\/www.iledshow.com\/wp-content\/uploads\/2024\/06\/1632\u65b9\u5f62\u5305\u82f1\u6587\u8be6\u60c5\u9875_07.jpg\" alt=\"\" width=\"790\" height=\"1304\" \/> <img loading=\"lazy\" decoding=\"async\" class=\"aligncenter size-full wp-image-2922\" src=\"https:\/\/www.iledshow.com\/wp-content\/uploads\/2024\/06\/1632\u65b9\u5f62\u5305\u82f1\u6587\u8be6\u60c5\u9875_08.jpg\" alt=\"\" width=\"790\" height=\"972\" \/> <img loading=\"lazy\" decoding=\"async\" class=\"aligncenter size-full wp-image-2923\" src=\"https:\/\/www.iledshow.com\/wp-content\/uploads\/2024\/06\/1632\u65b9\u5f62\u5305\u82f1\u6587\u8be6\u60c5\u9875_09.jpg\" alt=\"\" width=\"790\" height=\"876\" \/> <img loading=\"lazy\" decoding=\"async\" class=\"aligncenter size-full wp-image-2924\" src=\"https:\/\/www.iledshow.com\/wp-content\/uploads\/2024\/06\/1632\u65b9\u5f62\u5305\u82f1\u6587\u8be6\u60c5\u9875_10.jpg\" alt=\"\" width=\"790\" height=\"929\" \/> <img loading=\"lazy\" decoding=\"async\" class=\"aligncenter size-full wp-image-2925\" src=\"https:\/\/www.iledshow.com\/wp-content\/uploads\/2024\/06\/1632\u65b9\u5f62\u5305\u82f1\u6587\u8be6\u60c5\u9875_11.jpg\" alt=\"\" width=\"790\" height=\"896\" \/> <img loading=\"lazy\" decoding=\"async\" class=\"aligncenter size-full wp-image-2926\" src=\"https:\/\/www.iledshow.com\/wp-content\/uploads\/2024\/06\/1632\u65b9\u5f62\u5305\u82f1\u6587\u8be6\u60c5\u9875_12.jpg\" alt=\"\" width=\"790\" height=\"983\" \/> <img loading=\"lazy\" decoding=\"async\" class=\"aligncenter size-full wp-image-2927\" src=\"https:\/\/www.iledshow.com\/wp-content\/uploads\/2024\/06\/1632\u65b9\u5f62\u5305\u82f1\u6587\u8be6\u60c5\u9875_13.jpg\" alt=\"\" width=\"790\" height=\"1022\" \/> <img loading=\"lazy\" decoding=\"async\" class=\"aligncenter size-full wp-image-2928\" src=\"https:\/\/www.iledshow.com\/wp-content\/uploads\/2024\/06\/1632\u65b9\u5f62\u5305\u82f1\u6587\u8be6\u60c5\u9875_14.jpg\" alt=\"\" width=\"790\" height=\"1058\" \/><\/p>\n<p><img loading=\"lazy\" decoding=\"async\" class=\"aligncenter size-full wp-image-2433\" src=\"https:\/\/www.iledshow.com\/wp-content\/uploads\/2024\/03\/\u8be6\u60c5\u9875\u82f1_13.jpg\" alt=\"\" width=\"750\" height=\"907\" \/> <img loading=\"lazy\" decoding=\"async\" class=\"aligncenter size-full wp-image-2434\" src=\"https:\/\/www.iledshow.com\/wp-content\/uploads\/2024\/03\/\u8be6\u60c5\u9875\u82f1_14.jpg\" alt=\"\" width=\"750\" height=\"1039\" \/> <img loading=\"lazy\" decoding=\"async\" class=\"aligncenter size-full wp-image-2435\" src=\"https:\/\/www.iledshow.com\/wp-content\/uploads\/2024\/03\/\u8be6\u60c5\u9875\u82f1_15.jpg\" alt=\"\" width=\"750\" height=\"766\" \/> <img loading=\"lazy\" decoding=\"async\" class=\"aligncenter size-full wp-image-2436\" src=\"https:\/\/www.iledshow.com\/wp-content\/uploads\/2024\/03\/\u8be6\u60c5\u9875\u82f1_16.jpg\" alt=\"\" width=\"750\" height=\"628\" \/> <img loading=\"lazy\" decoding=\"async\" class=\"aligncenter size-full wp-image-2437\" src=\"https:\/\/www.iledshow.com\/wp-content\/uploads\/2024\/03\/\u8be6\u60c5\u9875\u82f1_17.jpg\" alt=\"\" width=\"750\" height=\"685\" \/><\/p>","protected":false},"excerpt":{"rendered":"<div class=\"attribute-item\">\n<div class=\"left\" data-spm-anchor-id=\"a2700.details.0.i62.454d46af82YJRW\">Local de origem: China<\/div>\n<\/div>\n<div class=\"attribute-item\">\n<div class=\"left\">Utiliza\u00e7\u00e3o: publica\u00e7\u00e3o de publicidade, loja de retalho<\/div>\n<\/div>\n<div class=\"attribute-item\">\n<div class=\"left\">Especifica\u00e7\u00e3o: Cartaz digital<\/div>\n<\/div>\n<div class=\"attribute-item\">\n<div class=\"left\">Tipo de fornecedor: Fabricante original, ODM, OEM<\/div>\n<\/div>\n<div class=\"attribute-item\">\n<div class=\"left\">Nome de produto:saco de funda de led, saco de mensageiro de led<\/div>\n<\/div>\n<div class=\"attribute-item\">\n<div class=\"left\">Modo de comunica\u00e7\u00e3o: sem fios, program\u00e1vel por aplica\u00e7\u00e3o<\/div>\n<\/div>\n<div class=\"attribute-item\">\n<div class=\"left\">Cor do saco: Preto<\/div>\n<\/div>\n<div class=\"attribute-item\">\n<div class=\"left\">Tamanho do saco: 22*25*9cm<\/div>\n<div class=\"left\">Material: poli\u00e9ster + LED<\/div>\n<div class=\"left\">Pix\u00e9is: 16*32 pontos<\/div>\n<div class=\"left\">Cor do LED: RGB a cores<\/div>\n<div class=\"left\">Fun\u00e7\u00e3o de visualiza\u00e7\u00e3o: Texto, padr\u00e3o, anima\u00e7\u00e3o, graffiti<\/div>\n<div class=\"left\">Carater\u00edstica: luz, saco de led luminoso, saco de display de led<\/div>\n<\/div>","protected":false},"featured_media":3919,"comment_status":"open","ping_status":"closed","template":"","meta":{"themepark_post_bcolor":"#f5f5f5","themepark_post_width":"1022px","themepark_post_img":"","themepark_post_img_po":"left","themepark_post_img_re":false,"themepark_post_img_cover":false,"themepark_post_img_fixed":false,"themepark_post_hide_title":false,"themepark_post_main_b":"","themepark_post_main_p":100,"themepark_paddingblock":false},"product_brand":[],"product_cat":[27],"product_tag":[],"class_list":{"0":"post-3841","1":"product","2":"type-product","3":"status-publish","4":"has-post-thumbnail","6":"product_cat-led-backpack","8":"first","9":"instock","10":"shipping-taxable","11":"purchasable","12":"product-type-simple"},"_links":{"self":[{"href":"https:\/\/www.tbdled.com\/pt\/wp-json\/wp\/v2\/product\/3841","targetHints":{"allow":["GET"]}}],"collection":[{"href":"https:\/\/www.tbdled.com\/pt\/wp-json\/wp\/v2\/product"}],"about":[{"href":"https:\/\/www.tbdled.com\/pt\/wp-json\/wp\/v2\/types\/product"}],"replies":[{"embeddable":true,"href":"https:\/\/www.tbdled.com\/pt\/wp-json\/wp\/v2\/comments?post=3841"}],"wp:featuredmedia":[{"embeddable":true,"href":"https:\/\/www.tbdled.com\/pt\/wp-json\/wp\/v2\/media\/3919"}],"wp:attachment":[{"href":"https:\/\/www.tbdled.com\/pt\/wp-json\/wp\/v2\/media?parent=3841"}],"wp:term":[{"taxonomy":"product_brand","embeddable":true,"href":"https:\/\/www.tbdled.com\/pt\/wp-json\/wp\/v2\/product_brand?post=3841"},{"taxonomy":"product_cat","embeddable":true,"href":"https:\/\/www.tbdled.com\/pt\/wp-json\/wp\/v2\/product_cat?post=3841"},{"taxonomy":"product_tag","embeddable":true,"href":"https:\/\/www.tbdled.com\/pt\/wp-json\/wp\/v2\/product_tag?post=3841"}],"curies":[{"name":"wp","href":"https:\/\/api.w.org\/{rel}","templated":true}]}}